{"id":3362,"date":"2022-08-03T11:35:40","date_gmt":"2022-08-03T09:35:40","guid":{"rendered":"https:\/\/jednostki.uksw.edu.pl\/?page_id=2780"},"modified":"2024-06-05T09:43:28","modified_gmt":"2024-06-05T07:43:28","slug":"dla-pracownikow","status":"publish","type":"page","link":"https:\/\/bon.uksw.edu.pl\/dla-pracownikow\/","title":{"rendered":"Dla Pracownik\u00f3w"},"content":{"rendered":"\n<h2 class=\"wp-block-heading\">BON organizuje cykl szkole\u0144 dla pracownik\u00f3w naukowych i administracyjnych pt. \u201ePodnoszenie wiedzy i \u015bwiadomo\u015bci na temat niepe\u0142nosprawno\u015bci\u201d.<\/h2>\n\n\n\n<p><strong>Wskaz\u00f3wki dla os\u00f3b prowadz\u0105cych zaj\u0119cia dydaktyczne ze studentami z r\u00f3\u017cnymi rodzajami niepe\u0142nosprawno\u015bci <\/strong>(opracowane przez Fundacj\u0119 Instytut Rozwoju Regionalnego):<\/p>\n\n\n\r\n<div class=\"\">\r\n\r\n\r\n<div class=\"row\">\r\n\r\n  \r\n<div class=\"col-xl-12 col-lg-12 col-md-12 col-sm-12 \">\r\n\t\t<div class=\"download_detils\">\r\n\t\t\t<a href=\"https:\/\/bon.uksw.edu.pl\/wp-content\/uploads\/sites\/16\/2022\/10\/mowy.pdf\"  target=\"_blank\" >\r\n\t\t\t<img decoding=\"async\" src=\"https:\/\/bon.uksw.edu.pl\/wp-content\/themes\/uksw\/images\/import.svg\" alt=\"\"> problemy dotycz\u0105ce mowy [PDF,  0.32 MB]<\/a>\r\n\t\t<\/div>\r\n<\/div>\r\n\r\n\r\n\t\t\r\n<div class=\"col-xl-12 col-lg-12 col-md-12 col-sm-12 \">\r\n\t\t<div class=\"download_detils\">\r\n\t\t\t<a href=\"https:\/\/bon.uksw.edu.pl\/wp-content\/uploads\/sites\/16\/2022\/10\/wzroku.pdf\"  target=\"_blank\" >\r\n\t\t\t<img decoding=\"async\" src=\"https:\/\/bon.uksw.edu.pl\/wp-content\/themes\/uksw\/images\/import.svg\" alt=\"\"> problemy dotycz\u0105ce wzroku [PDF,  0.34 MB]<\/a>\r\n\t\t<\/div>\r\n<\/div>\r\n\r\n\r\n\t\t\r\n<div class=\"col-xl-12 col-lg-12 col-md-12 col-sm-12 \">\r\n\t\t<div class=\"download_detils\">\r\n\t\t\t<a href=\"https:\/\/bon.uksw.edu.pl\/wp-content\/uploads\/sites\/16\/2022\/10\/suchu.pdf\"  target=\"_blank\" >\r\n\t\t\t<img decoding=\"async\" src=\"https:\/\/bon.uksw.edu.pl\/wp-content\/themes\/uksw\/images\/import.svg\" alt=\"\"> problemy dotycz\u0105ce s\u0142uchu [PDF,  0.34 MB]<\/a>\r\n\t\t<\/div>\r\n<\/div>\r\n\r\n\r\n\t\t\r\n<div class=\"col-xl-12 col-lg-12 col-md-12 col-sm-12 \">\r\n\t\t<div class=\"download_detils\">\r\n\t\t\t<a href=\"https:\/\/bon.uksw.edu.pl\/wp-content\/uploads\/sites\/16\/2022\/10\/ruchu.pdf\"  target=\"_blank\" >\r\n\t\t\t<img decoding=\"async\" src=\"https:\/\/bon.uksw.edu.pl\/wp-content\/themes\/uksw\/images\/import.svg\" alt=\"\"> problemy dotycz\u0105ce ruchu [PDF,  0.26 MB]<\/a>\r\n\t\t<\/div>\r\n<\/div>\r\n\r\n\r\n\t\t\r\n\t\t \r\n\r\n<\/div>\r\n<\/div>\r\n<div class=\"space20\"><\/div>\r\n\r\n\n\n\n<p><strong>Savoir-vivre wobec os\u00f3b z niepe\u0142nosprawno\u015bciami<\/strong> \u2013 elektroniczny podr\u0119cznik z podstawowymi zasadami (adaptacja Biura Pe\u0142nomocnika Rz\u0105du ds. Os\u00f3b Niepe\u0142nosprawnych, autorstwa Judy Cohen):<\/p>\n\n\n\r\n<div class=\"\">\r\n\r\n\r\n<div class=\"row\">\r\n\r\n  \r\n<div class=\"col-xl-12 col-lg-12 col-md-12 col-sm-12 \">\r\n\t\t<div class=\"download_detils\">\r\n\t\t\t<a href=\"https:\/\/bon.uksw.edu.pl\/wp-content\/uploads\/sites\/16\/2022\/10\/savoir-vivre.pdf\"  target=\"_blank\" >\r\n\t\t\t<img decoding=\"async\" src=\"https:\/\/bon.uksw.edu.pl\/wp-content\/themes\/uksw\/images\/import.svg\" alt=\"\"> savoir-vivre [PDF,  1.62 MB]<\/a>\r\n\t\t<\/div>\r\n<\/div>\r\n\r\n\r\n\t\t\r\n\t\t \r\n\r\n<\/div>\r\n<\/div>\r\n<div class=\"space20\"><\/div>\r\n\r\n\n\n\n<h2 class=\"wp-block-heading\">Szkolenia BON<\/h2>\n\n\n\n<p>BON organizuje cykl szkole\u0144 dla pracownik\u00f3w UKSW pt. \u201ePodnoszenie wiedzy i \u015bwiadomo\u015bci na temat niepe\u0142nosprawno\u015bci\u201d. Szkolenia organizowane s\u0105 w ramach projektu \u201eUKSW bez barier \u2013 Uczelnia dla ka\u017cdego\u201d nr POWR.03.05.00-00-A060\/19. Szkolenia wsp\u00f3\u0142finansowane s\u0105 przez Uni\u0119 Europejsk\u0105 ze \u015brodk\u00f3w Europejskiego Funduszu Spo\u0142ecznego.&nbsp;<\/p>\n\n\n\n<h3 class=\"wp-block-heading\">Szkolenia dla pracownik\u00f3w administracyjnych<\/h3>\n\n\n\r\n<div class=\"\">\r\n\r\n\r\n<div class=\"row\">\r\n\r\n  \r\n<div class=\"col-xl-12 col-lg-12 col-md-12 col-sm-12 \">\r\n\t\t<div class=\"download_detils\">\r\n\t\t\t<a href=\"https:\/\/bon.uksw.edu.pl\/wp-content\/uploads\/sites\/16\/2022\/10\/BON_UKSW_Program-szkolenia.pdf\"  target=\"_blank\" >\r\n\t\t\t<img decoding=\"async\" src=\"https:\/\/bon.uksw.edu.pl\/wp-content\/themes\/uksw\/images\/import.svg\" alt=\"\"> Program szkole\u0144 dla pracownik\u00f3w administracyjnych [PDF,  0.27 MB]<\/a>\r\n\t\t<\/div>\r\n<\/div>\r\n\r\n\r\n\t\t\r\n<div class=\"col-xl-12 col-lg-12 col-md-12 col-sm-12 \">\r\n\t\t<div class=\"download_detils\">\r\n\t\t\t<a href=\"https:\/\/bon.uksw.edu.pl\/wp-content\/uploads\/sites\/16\/2022\/10\/Harmonogram-szkolen-dla-kadry_aktualne.pdf\"  target=\"_blank\" >\r\n\t\t\t<img decoding=\"async\" src=\"https:\/\/bon.uksw.edu.pl\/wp-content\/themes\/uksw\/images\/import.svg\" alt=\"\"> Harmonogram szkole\u0144 kadry [PDF,  0.15 MB]<\/a>\r\n\t\t<\/div>\r\n<\/div>\r\n\r\n\r\n\t\t\r\n\t\t \r\n\r\n<\/div>\r\n<\/div>\r\n<div class=\"space20\"><\/div>\r\n\r\n\n\n\n<h3 class=\"wp-block-heading\">Szkolenia dla pracownik\u00f3w naukowych<\/h3>\n","protected":false},"excerpt":{"rendered":"<p>BON organizuje cykl szkole\u0144 dla pracownik\u00f3w naukowych i administracyjnych pt. \u201ePodnoszenie wiedzy i \u015bwiadomo\u015bci na temat niepe\u0142nosprawno\u015bci\u201d. Wskaz\u00f3wki dla os\u00f3b prowadz\u0105cych zaj\u0119cia dydaktyczne ze studentami z r\u00f3\u017cnymi rodzajami niepe\u0142nosprawno\u015bci (opracowane przez Fundacj\u0119 Instytut Rozwoju Regionalnego): Savoir-vivre wobec os\u00f3b z niepe\u0142nosprawno\u015bciami \u2013 elektroniczny podr\u0119cznik z podstawowymi zasadami (adaptacja Biura Pe\u0142nomocnika Rz\u0105du ds. Os\u00f3b Niepe\u0142nosprawnych, autorstwa Judy [&hellip;]<\/p>\n","protected":false},"author":7,"featured_media":4219,"parent":0,"menu_order":0,"comment_status":"closed","ping_status":"closed","template":"page-templates\/template-sub-page.php","meta":{"_acf_changed":false,"inline_featured_image":false,"footnotes":"","_links_to":"","_links_to_target":""},"class_list":["post-3362","page","type-page","status-publish","has-post-thumbnail","hentry"],"acf":[],"_links":{"self":[{"href":"https:\/\/bon.uksw.edu.pl\/pl\/wp-json\/wp\/v2\/pages\/3362","targetHints":{"allow":["GET"]}}],"collection":[{"href":"https:\/\/bon.uksw.edu.pl\/pl\/wp-json\/wp\/v2\/pages"}],"about":[{"href":"https:\/\/bon.uksw.edu.pl\/pl\/wp-json\/wp\/v2\/types\/page"}],"author":[{"embeddable":true,"href":"https:\/\/bon.uksw.edu.pl\/pl\/wp-json\/wp\/v2\/users\/7"}],"replies":[{"embeddable":true,"href":"https:\/\/bon.uksw.edu.pl\/pl\/wp-json\/wp\/v2\/comments?post=3362"}],"version-history":[{"count":12,"href":"https:\/\/bon.uksw.edu.pl\/pl\/wp-json\/wp\/v2\/pages\/3362\/revisions"}],"predecessor-version":[{"id":5257,"href":"https:\/\/bon.uksw.edu.pl\/pl\/wp-json\/wp\/v2\/pages\/3362\/revisions\/5257"}],"wp:featuredmedia":[{"embeddable":true,"href":"https:\/\/bon.uksw.edu.pl\/pl\/wp-json\/wp\/v2\/media\/4219"}],"wp:attachment":[{"href":"https:\/\/bon.uksw.edu.pl\/pl\/wp-json\/wp\/v2\/media?parent=3362"}],"curies":[{"name":"wp","href":"https:\/\/api.w.org\/{rel}","templated":true}]}}