{"id":3365,"date":"2022-08-05T10:08:24","date_gmt":"2022-08-05T08:08:24","guid":{"rendered":"https:\/\/jednostki.uksw.edu.pl\/wfch\/?page_id=30"},"modified":"2025-04-02T13:37:53","modified_gmt":"2025-04-02T11:37:53","slug":"kontakt","status":"publish","type":"page","link":"https:\/\/bon.uksw.edu.pl\/kontakt\/","title":{"rendered":"Kontakt"},"content":{"rendered":"\r\n<div class=\"\">\r\n\r\n<div class=\"row\">\r\n\r\n  \r\n\r\n\r\n     <div class=\"col-xl-6 col-lg-6 col-md-12 col-sm-12 project\">\r\n\t\t\t<div class=\"contact_box project_box\">\r\n\t\t\t<div class=\"headingh2\">Biuro ds. Os\u00f3b z Niepe\u0142nosprawno\u015bci\u0105<\/div>\r\n\t\t\t<div class=\"headingh3\">Uniwersytet Kardyna\u0142a Stefana Wyszy\u0144skiego w Warszawie<\/div><br>\r\n\r\n\r\n\t\t\t<p data-kx-storage=\"{&quot;fontSize&quot;:15,&quot;lineHeight&quot;:21}\">ul. W\u00f3ycickiego 1\/3, budynek 23, pok. 018 (parter)<br \/>\n01-938 Warszawa<\/p>\n<p data-kx-storage=\"{&quot;fontSize&quot;:15,&quot;lineHeight&quot;:21}\">tel. 22 380 43 23 &#8211; M. Sta\u0144czuk<\/p>\n<p data-kx-storage=\"{&quot;fontSize&quot;:15,&quot;lineHeight&quot;:21}\">pok. 017 (parter)<br \/>\ntel. 22 569 97 98 &#8211; M. Mazur<\/p>\n<p data-kx-storage=\"{&quot;fontSize&quot;:15,&quot;lineHeight&quot;:21}\">email:\u00a0<a href=\"mailto:bon@uksw.edu.pl\" data-kx-storage=\"{&quot;fontSize&quot;:15,&quot;lineHeight&quot;:21}\">bon@uksw.edu.pl<\/a><br \/>\n<a href=\"http:\/\/www.bon.uksw.edu.pl\/\" target=\"_blank\" rel=\"noreferrer noopener\" data-kx-storage=\"{&quot;fontSize&quot;:15,&quot;lineHeight&quot;:21}\">www.bon.uksw.edu.pl<\/a><\/p>\n\t\t\t<\/div>\r\n    <\/div>\r\n\r\n\t\r\n\t \r\n\r\n\r\n<\/div>\r\n  \r\n<\/div>\r\n\n\n\n<h2 class=\"wp-block-heading\">Kontakt<\/h2>\n\n\n\r\n<div class=\"\">\r\n\r\n<div class=\"row\">\r\n\r\n  \r\n\r\n\r\n     <div class=\"col-xl-6 col-lg-6 col-md-12 col-sm-12 project\">\r\n\t\t\t<div class=\"contact_box project_box\">\r\n\t\t\t<div class=\"headingh2\">Kampus UKSW, ul. W\u00f3ycickiego<\/div>\r\n\t\t\t<div class=\"headingh3\"><\/div><br>\r\n\r\n\r\n\t\t\t<p>1\/3, 01-938 Warszawa, pok. 018, budynek 23 (parter)<br \/>\nmgr Micha\u0142 Sta\u0144czuk: od poniedzia\u0142ku do pi\u0105tku w godzinach 9.00-14.30<\/p>\n\t\t\t<\/div>\r\n    <\/div>\r\n\r\n\t\r\n\r\n\r\n     <div class=\"col-xl-6 col-lg-6 col-md-12 col-sm-12 project\">\r\n\t\t\t<div class=\"contact_box project_box\">\r\n\t\t\t<div class=\"headingh2\">Kampus UKSW, ul. Dewajtis 5<\/div>\r\n\t\t\t<div class=\"headingh3\"><\/div><br>\r\n\r\n\r\n\t\t\t<p>01-815 Warszawa, pok. 114<br \/>\n\u015aRODY w godzinach 9.00 &#8211; 14.00<\/p>\n<p>&nbsp;<\/p>\n<p><strong>\u00a0<\/strong><\/p>\n<p>&nbsp;<\/p>\n\t\t\t<\/div>\r\n    <\/div>\r\n\r\n\t\r\n\t \r\n\r\n\r\n<\/div>\r\n  \r\n<\/div>\r\n","protected":false},"excerpt":{"rendered":"<p>Kontakt<\/p>\n","protected":false},"author":7,"featured_media":4229,"parent":0,"menu_order":0,"comment_status":"closed","ping_status":"closed","template":"page-templates\/template-standerd-page.php","meta":{"_acf_changed":false,"inline_featured_image":false,"footnotes":"","_links_to":"","_links_to_target":""},"class_list":["post-3365","page","type-page","status-publish","has-post-thumbnail","hentry"],"acf":[],"_links":{"self":[{"href":"https:\/\/bon.uksw.edu.pl\/pl\/wp-json\/wp\/v2\/pages\/3365","targetHints":{"allow":["GET"]}}],"collection":[{"href":"https:\/\/bon.uksw.edu.pl\/pl\/wp-json\/wp\/v2\/pages"}],"about":[{"href":"https:\/\/bon.uksw.edu.pl\/pl\/wp-json\/wp\/v2\/types\/page"}],"author":[{"embeddable":true,"href":"https:\/\/bon.uksw.edu.pl\/pl\/wp-json\/wp\/v2\/users\/7"}],"replies":[{"embeddable":true,"href":"https:\/\/bon.uksw.edu.pl\/pl\/wp-json\/wp\/v2\/comments?post=3365"}],"version-history":[{"count":61,"href":"https:\/\/bon.uksw.edu.pl\/pl\/wp-json\/wp\/v2\/pages\/3365\/revisions"}],"predecessor-version":[{"id":6030,"href":"https:\/\/bon.uksw.edu.pl\/pl\/wp-json\/wp\/v2\/pages\/3365\/revisions\/6030"}],"wp:featuredmedia":[{"embeddable":true,"href":"https:\/\/bon.uksw.edu.pl\/pl\/wp-json\/wp\/v2\/media\/4229"}],"wp:attachment":[{"href":"https:\/\/bon.uksw.edu.pl\/pl\/wp-json\/wp\/v2\/media?parent=3365"}],"curies":[{"name":"wp","href":"https:\/\/api.w.org\/{rel}","templated":true}]}}