{"id":3668,"date":"2022-10-14T15:06:07","date_gmt":"2022-10-14T13:06:07","guid":{"rendered":"https:\/\/jednostki.uksw.edu.pl\/bbn\/badania-naukowe\/"},"modified":"2024-09-11T13:57:55","modified_gmt":"2024-09-11T11:57:55","slug":"dokumenty","status":"publish","type":"page","link":"https:\/\/bon.uksw.edu.pl\/dla-studentow\/dokumenty\/","title":{"rendered":"Pok\u00f3j Pracy Cichej dla student\u00f3w"},"content":{"rendered":"\n<p><strong>Z&nbsp;inicjatywy Prorektor ds.&nbsp;Kszta\u0142cenia, dr&nbsp;hab. Anny Fidelus, prof.&nbsp;ucz., oraz&nbsp;Uczelnianego Koordynatora ds.&nbsp;Dost\u0119pno\u015bci, Micha\u0142a Sta\u0144czuka<\/strong>, Uniwersytet Kardyna\u0142a Stefana Wyszy\u0144skiego (UKSW) stworzy\u0142 \u201ePok\u00f3j pracy cichej\u201d \u2013 miejsce dedykowane studentom ze&nbsp;szczeg\u00f3lnymi potrzebami, zw\u0142aszcza tym, kt\u00f3rzy&nbsp;zmagaj\u0105 si\u0119 z&nbsp;nadwra\u017cliwo\u015bci\u0105 na&nbsp;ro\u017cnego rodzaju bod\u017ace zewn\u0119trzne i&nbsp;potrzebuj\u0105 przestrzeni do&nbsp;wyciszenia.<\/p>\n\n\n\n<p>Tworzenie takich przestrzeni jest zgodne z&nbsp;misj\u0105 UKSW, kt\u00f3ra&nbsp;k\u0142adzie du\u017cy nacisk na&nbsp;r\u00f3wno\u015b\u0107 szans i&nbsp;wspieranie wszystkich student\u00f3w w&nbsp;ich rozwoju akademickim i&nbsp;osobistym. Pok\u00f3j pracy cichej to&nbsp;przestrze\u0144, w&nbsp;kt\u00f3rej&nbsp;starannie zadbano o&nbsp;wygod\u0119 i&nbsp;funkcjonalno\u015b\u0107, maj\u0105c na&nbsp;uwadze potrzeby student\u00f3w. Wn\u0119trze zosta\u0142o wyposa\u017cone w&nbsp;ergonomiczne meble, kt\u00f3re zapewniaj\u0105 komfort podczas d\u0142ugotrwa\u0142ej pracy, a&nbsp;nowoczesny design sprzyja koncentracji i&nbsp;relaksowi. W&nbsp;pe\u0142ni wyposa\u017cone stanowisko komputerowe umo\u017cliwia swobodn\u0105 prac\u0119, a&nbsp;wygodne fotele pozwalaj\u0105 na&nbsp;chwil\u0119 odpoczynku. Celem jest zapewnienie, aby ka\u017cdy student m\u00f3g\u0142 odnale\u017a\u0107 w&nbsp;tej&nbsp;przestrzeni spok\u00f3j i&nbsp;wyciszenie, szczeg\u00f3lnie w&nbsp;trudniejszych momentach zwi\u0105zanych z&nbsp;nauk\u0105 czy&nbsp;codziennymi wyzwaniami akademickimi.<\/p>\n\n\n\n<p>Biuro ds.&nbsp;Os\u00f3b z&nbsp;Niepe\u0142nosprawno\u015bciami planuje w&nbsp;przysz\u0142o\u015bci doposa\u017cenie pokoju, aby jeszcze lepiej odpowiada\u0142 na&nbsp;potrzeby student\u00f3w. W&nbsp;planach jest tak\u017ce stworzenie podobnych przestrzeni na&nbsp;innych wydzia\u0142ach UKSW, co&nbsp;pozwoli zwi\u0119kszy\u0107 dost\u0119pno\u015b\u0107 takich miejsc i&nbsp;lepiej wspiera\u0107 student\u00f3w na&nbsp;ca\u0142ym kampusie.<\/p>\n\n\n\n<h2 class=\"wp-block-heading\">Regulamin korzystania z&nbsp;Pokoju pracy cichej<\/h2>\n\n\n\n<p>Aby zapewni\u0107 bezpieczne i&nbsp;efektywne korzystanie z&nbsp;Pokoju pracy cichej, wprowadzono szczeg\u00f3\u0142owy regulamin. Oto rozbudowana wersja zasad korzystania z&nbsp;tej&nbsp;przestrzeni:<\/p>\n\n\n\n<p><strong>Dost\u0119pno\u015b\u0107:<\/strong><\/p>\n\n\n\n<ul class=\"wp-block-list\">\n<li>Pok\u00f3j pracy cichej jest dost\u0119pny wy\u0142\u0105cznie dla student\u00f3w zarejestrowanych w&nbsp;Biurze ds.&nbsp;Os\u00f3b z&nbsp;Niepe\u0142nosprawno\u015bciami (BON) UKSW.<\/li>\n\n\n\n<li>W&nbsp;celu uzyskania dost\u0119pu do&nbsp;pokoju, student musi zg\u0142osi\u0107 ch\u0119\u0107 skorzystania z&nbsp;pomieszczenia, wpisuj\u0105c si\u0119 na&nbsp;list\u0119 u\u017cytkownik\u00f3w w&nbsp;BON.<\/li>\n<\/ul>\n\n\n\n<p><strong>Godziny otwarcia<\/strong>:<\/p>\n\n\n\n<ul class=\"wp-block-list\">\n<li>pok\u00f3j pracy cichej jest otwarty <strong>od&nbsp;poniedzia\u0142ku do&nbsp;pi\u0105tku w&nbsp;godzinach 8:00-14:30<\/strong>, zgodnie z&nbsp;harmonogramem pracy BON. Nale\u017cy pami\u0119ta\u0107, \u017ce&nbsp;podczas dy\u017cur\u00f3w specjalist\u00f3w z&nbsp;Poradni Psychologiczno-Pedagogicznej pok\u00f3j ten nie&nbsp;jest dost\u0119pny. Aktualny grafik dy\u017cur\u00f3w mo\u017cna znale\u017a\u0107 na&nbsp;stronie internetowej BON.<\/li>\n<\/ul>\n\n\n\n<p><strong>Zasady korzystania z&nbsp;wyposa\u017cenia<\/strong>:<\/p>\n\n\n\n<ul class=\"wp-block-list\">\n<li>Stanowisko komputerowe w&nbsp;pokoju pracy cichej jest dost\u0119pne do&nbsp;swobodnego u\u017cytku student\u00f3w.<\/li>\n\n\n\n<li>U\u017cytkownicy maj\u0105 obowi\u0105zek korzysta\u0107 ze&nbsp;sprz\u0119tu zgodnie z&nbsp;jego przeznaczeniem i&nbsp;dba\u0107 o&nbsp;jego stan.<\/li>\n\n\n\n<li>Zabrania si\u0119 wprowadzania jakichkolwiek zmian w&nbsp;konfiguracji komputera oraz&nbsp;instalowania dodatkowego oprogramowania, kt\u00f3re mo\u017ce wp\u0142yn\u0105\u0107 na&nbsp;dzia\u0142anie sprz\u0119tu.<\/li>\n\n\n\n<li>U\u017cytkownicy s\u0105&nbsp;zobowi\u0105zani do&nbsp;odpowiedzialnego korzystania z&nbsp;urz\u0105dze\u0144, w&nbsp;tym do&nbsp;unikania dzia\u0142a\u0144, kt\u00f3re mog\u0105 spowodowa\u0107 uszkodzenie sprz\u0119tu.<\/li>\n\n\n\n<li>Korzystanie z&nbsp;przestrzeni Pok\u00f3j pracy cichej s\u0142u\u017cy wy\u0142\u0105cznie do&nbsp;nauki, pracy oraz&nbsp;relaksu.<\/li>\n\n\n\n<li>W&nbsp;pomieszczeniu mo\u017cna korzysta\u0107 zar\u00f3wno z&nbsp;dokument\u00f3w bibliotecznych, jak i&nbsp;w\u0142asnych materia\u0142\u00f3w edukacyjnych.<\/li>\n\n\n\n<li>Studenci mog\u0105 sp\u0119dza\u0107 czas w&nbsp;pokoju zgodnie z&nbsp;ustalonym harmonogramem i&nbsp;regulaminem BON, ale&nbsp;przestrze\u0144 powinna by\u0107 u\u017cytkowana w&nbsp;spos\u00f3b, kt\u00f3ry&nbsp;nie&nbsp;zak\u0142\u00f3ca spokoju innych u\u017cytkownik\u00f3w.<\/li>\n<\/ul>\n\n\n\n<p><strong>Odpowiedzialno\u015b\u0107 za&nbsp;pozostawione przedmioty<\/strong><\/p>\n\n\n\n<ul class=\"wp-block-list\">\n<li>Biuro ds.&nbsp;Os\u00f3b z&nbsp;Niepe\u0142nosprawno\u015bciami nie&nbsp;ponosi odpowiedzialno\u015bci za&nbsp;przedmioty pozostawione przez&nbsp;student\u00f3w w&nbsp;pokoju. Zaleca si\u0119, aby studenci nie&nbsp;zostawiali warto\u015bciowych rzeczy bez&nbsp;nadzoru.<\/li>\n<\/ul>\n\n\n\n<p><strong>Zasady bezpiecze\u0144stwa<\/strong><\/p>\n\n\n\n<ul class=\"wp-block-list\">\n<li>Studenci korzystaj\u0105cy z&nbsp;pokoju s\u0105&nbsp;zobowi\u0105zani do&nbsp;przestrzegania zasad bezpiecze\u0144stwa i&nbsp;zachowania porz\u0105dku w&nbsp;pomieszczeniu.<\/li>\n\n\n\n<li>Wszelkie usterki lub problemy techniczne nale\u017cy natychmiast zg\u0142asza\u0107 do&nbsp;pracownik\u00f3w BON.<\/li>\n\n\n\n<li>Zabrania si\u0119 spo\u017cywania posi\u0142k\u00f3w oraz&nbsp;napoj\u00f3w w&nbsp;pokoju, aby zapobiec uszkodzeniu sprz\u0119tu oraz&nbsp;zapewni\u0107 czysto\u015b\u0107 i&nbsp;higien\u0119 w&nbsp;pomieszczeniu.<\/li>\n<\/ul>\n\n\n\n<p><strong>Zak\u0142\u00f3cenia i&nbsp;odpowiedzialno\u015b\u0107<\/strong><\/p>\n\n\n\n<ul class=\"wp-block-list\">\n<li>Studenci s\u0105&nbsp;zobowi\u0105zani do&nbsp;przestrzegania ciszy i&nbsp;spokoju w&nbsp;pokoju, aby zapewni\u0107 komfort wszystkim korzystaj\u0105cym.<\/li>\n\n\n\n<li>Zak\u0142\u00f3canie porz\u0105dku mo\u017ce skutkowa\u0107 utrat\u0105 dost\u0119pu do&nbsp;pokoju.<\/li>\n<\/ul>\n\n\n\n<p><strong>Czas u\u017cytkowania<\/strong><\/p>\n\n\n\n<ul class=\"wp-block-list\">\n<li>Korzystanie z&nbsp;pokoju pracy cichej mo\u017ce by\u0107 ograniczone czasowo, je\u015bli liczba zainteresowanych student\u00f3w przekracza dost\u0119pne zasoby. W&nbsp;takiej sytuacji pracownicy BON b\u0119d\u0105 odpowiedzialni za&nbsp;ustalanie harmonogramu u\u017cytkowania pomieszczenia.<\/li>\n<\/ul>\n","protected":false},"excerpt":{"rendered":"<p>Z&nbsp;inicjatywy Prorektor ds.&nbsp;Kszta\u0142cenia, dr&nbsp;hab. Anny Fidelus, prof.&nbsp;ucz., oraz&nbsp;Uczelnianego Koordynatora ds.&nbsp;Dost\u0119pno\u015bci, Micha\u0142a Sta\u0144czuka, Uniwersytet Kardyna\u0142a Stefana Wyszy\u0144skiego (UKSW) stworzy\u0142 \u201ePok\u00f3j pracy cichej\u201d \u2013 miejsce dedykowane studentom ze&nbsp;szczeg\u00f3lnymi potrzebami, zw\u0142aszcza tym, kt\u00f3rzy&nbsp;zmagaj\u0105 si\u0119 z&nbsp;nadwra\u017cliwo\u015bci\u0105 na&nbsp;ro\u017cnego rodzaju bod\u017ace zewn\u0119trzne i&nbsp;potrzebuj\u0105 przestrzeni do&nbsp;wyciszenia. Tworzenie takich przestrzeni jest zgodne z&nbsp;misj\u0105 UKSW, kt\u00f3ra&nbsp;k\u0142adzie du\u017cy nacisk na&nbsp;r\u00f3wno\u015b\u0107 szans i&nbsp;wspieranie wszystkich student\u00f3w w&nbsp;ich [&hellip;]<\/p>\n","protected":false},"author":7,"featured_media":5021,"parent":3361,"menu_order":3,"comment_status":"closed","ping_status":"closed","template":"page-templates\/template-sub-page.php","meta":{"_acf_changed":false,"inline_featured_image":false,"footnotes":"","_links_to":"","_links_to_target":""},"class_list":["post-3668","page","type-page","status-publish","has-post-thumbnail","hentry"],"acf":[],"_links":{"self":[{"href":"https:\/\/bon.uksw.edu.pl\/pl\/wp-json\/wp\/v2\/pages\/3668","targetHints":{"allow":["GET"]}}],"collection":[{"href":"https:\/\/bon.uksw.edu.pl\/pl\/wp-json\/wp\/v2\/pages"}],"about":[{"href":"https:\/\/bon.uksw.edu.pl\/pl\/wp-json\/wp\/v2\/types\/page"}],"author":[{"embeddable":true,"href":"https:\/\/bon.uksw.edu.pl\/pl\/wp-json\/wp\/v2\/users\/7"}],"replies":[{"embeddable":true,"href":"https:\/\/bon.uksw.edu.pl\/pl\/wp-json\/wp\/v2\/comments?post=3668"}],"version-history":[{"count":14,"href":"https:\/\/bon.uksw.edu.pl\/pl\/wp-json\/wp\/v2\/pages\/3668\/revisions"}],"predecessor-version":[{"id":5536,"href":"https:\/\/bon.uksw.edu.pl\/pl\/wp-json\/wp\/v2\/pages\/3668\/revisions\/5536"}],"up":[{"embeddable":true,"href":"https:\/\/bon.uksw.edu.pl\/pl\/wp-json\/wp\/v2\/pages\/3361"}],"wp:featuredmedia":[{"embeddable":true,"href":"https:\/\/bon.uksw.edu.pl\/pl\/wp-json\/wp\/v2\/media\/5021"}],"wp:attachment":[{"href":"https:\/\/bon.uksw.edu.pl\/pl\/wp-json\/wp\/v2\/media?parent=3668"}],"curies":[{"name":"wp","href":"https:\/\/api.w.org\/{rel}","templated":true}]}}