{"id":3788,"date":"2022-10-20T09:13:24","date_gmt":"2022-10-20T07:13:24","guid":{"rendered":"https:\/\/jednostki.uksw.edu.pl\/bon\/dla-studentow\/zakres-wsparcia-bon\/"},"modified":"2024-09-11T10:34:25","modified_gmt":"2024-09-11T08:34:25","slug":"zakres-wsparcia-bon","status":"publish","type":"page","link":"https:\/\/bon.uksw.edu.pl\/dla-studentow\/zakres-wsparcia-bon\/","title":{"rendered":"Zakres wsparcia BON"},"content":{"rendered":"\n<p>Do korzystania ze wsparcia uprawnieni s\u0105 zarejestrowani w BON:<\/p>\n\n\n\n<ul class=\"wp-block-list\">\n<li>studenci i doktoranci UKSW z niepe\u0142nosprawno\u015bci\u0105 (legitymuj\u0105cy si\u0119 orzeczeniem o stopniu niepe\u0142nosprawno\u015bci),<\/li>\n\n\n\n<li>studenci i doktoranci UKSW z przewlek\u0142\u0105 chorob\u0105 (na podstawie za\u015bwiadczenia lekarskiego).<\/li>\n<\/ul>\n\n\n\n<h3 class=\"wp-block-heading\">Wybrane formy wsparcia:<\/h3>\n\n\n\n<ul class=\"wp-block-list\">\n<li>stypendium dla os\u00f3b niepe\u0142nosprawnych (Art. 86.&nbsp;Ust.1. pkt 2 PSWN),<\/li>\n\n\n\n<li>indywidualna organizacja studi\u00f3w (<a href=\"https:\/\/bon.uksw.edu.pl\/wp-content\/uploads\/sites\/16\/2022\/10\/REGULAMIN-STUDIOW-fragment-dot.-IOS-1.pdf\" data-type=\"URL\" data-id=\"https:\/\/bon.uksw.edu.pl\/wp-content\/uploads\/sites\/16\/2022\/10\/REGULAMIN-STUDIOW-fragment-dot.-IOS-1.pdf\" target=\"_blank\" rel=\"noreferrer noopener\"><strong>\u00a7 17 Regulaminu Studi\u00f3w w UKSW<\/strong><\/a>),<\/li>\n\n\n\n<li><strong><a href=\"https:\/\/bon.uksw.edu.pl\/poradnia-psychologiczno-pedagogiczna\/psycholog\/\" data-type=\"page\" data-id=\"3792\">bezp\u0142atne poradnictwo psychologiczne<\/a><\/strong>,<\/li>\n\n\n\n<li><strong><a href=\"https:\/\/bon.uksw.edu.pl\/poradnia-psychologiczno-pedagogiczna\/pedagog\/\" data-type=\"page\" data-id=\"3793\">bezp\u0142atne poradnictwo pedagogiczne<\/a><\/strong>,<\/li>\n\n\n\n<li><a href=\"https:\/\/bon.uksw.edu.pl\/dla-studentow\/poradnictwo-prawne\/\" data-type=\"URL\" data-id=\"https:\/\/bon.uksw.edu.pl\/dla-studentow\/poradnictwo-prawne\/\"><strong>pomoc prawna dla student\u00f3w<\/strong><\/a>,<\/li>\n\n\n\n<li><strong><a href=\"https:\/\/bon.uksw.edu.pl\/poradnia-psychologiczno-pedagogiczna\/asystent-dydaktyczny\/\">asystent dydaktyczny<\/a><\/strong><\/li>\n\n\n\n<li><a href=\"https:\/\/bon.uksw.edu.pl\/dla-studentow\/wypozyczenie-sprzetu-it-do-nauki-zdalnej\/\"><strong>wypo\u017cyczalnia sprz\u0119tu IT <\/strong><\/a><\/li>\n\n\n\n<li>pomoc t\u0142umacza j\u0119zyka migowego,<\/li>\n\n\n\n<li>miejsca parkingowe dla student\u00f3w z dysfunkcj\u0105 ruchu (informacje na ko\u0144cu tej strony),<\/li>\n\n\n\n<li>warsztaty, szkolenia, konferencje.<\/li>\n<\/ul>\n\n\n\n<p>Biuro ds. Os\u00f3b z Niepe\u0142nosprawno\u015bci\u0105 wspiera tak\u017ce w sprawach dotycz\u0105cych sposobu rozwi\u0105zania problemu osobie uprawnionej. Pomaga w sporz\u0105dzeniu pism (wskazuje odpowiedni dokument b\u0105d\u017a tre\u015b\u0107 pisma). Wsparcie student\u00f3w jest realizowane po skierowaniu pisemnego pytania do biura lub e-mailowo pod adresem:&nbsp;<a href=\"mailto:bon@uksw.edu.pl\"><strong>bon@uksw.edu.pl<\/strong><\/a>.<\/p>\n","protected":false},"excerpt":{"rendered":"<p>Do korzystania ze wsparcia uprawnieni s\u0105 zarejestrowani w BON: Wybrane formy wsparcia: Biuro ds. Os\u00f3b z Niepe\u0142nosprawno\u015bci\u0105 wspiera tak\u017ce w sprawach dotycz\u0105cych sposobu rozwi\u0105zania problemu osobie uprawnionej. Pomaga w sporz\u0105dzeniu pism (wskazuje odpowiedni dokument b\u0105d\u017a tre\u015b\u0107 pisma). Wsparcie student\u00f3w jest realizowane po skierowaniu pisemnego pytania do biura lub e-mailowo pod adresem:&nbsp;bon@uksw.edu.pl.<\/p>\n","protected":false},"author":1,"featured_media":4200,"parent":3361,"menu_order":1,"comment_status":"closed","ping_status":"closed","template":"page-templates\/template-sub-page.php","meta":{"_acf_changed":false,"inline_featured_image":false,"footnotes":"","_links_to":"","_links_to_target":""},"class_list":["post-3788","page","type-page","status-publish","has-post-thumbnail","hentry"],"acf":[],"_links":{"self":[{"href":"https:\/\/bon.uksw.edu.pl\/pl\/wp-json\/wp\/v2\/pages\/3788","targetHints":{"allow":["GET"]}}],"collection":[{"href":"https:\/\/bon.uksw.edu.pl\/pl\/wp-json\/wp\/v2\/pages"}],"about":[{"href":"https:\/\/bon.uksw.edu.pl\/pl\/wp-json\/wp\/v2\/types\/page"}],"author":[{"embeddable":true,"href":"https:\/\/bon.uksw.edu.pl\/pl\/wp-json\/wp\/v2\/users\/1"}],"replies":[{"embeddable":true,"href":"https:\/\/bon.uksw.edu.pl\/pl\/wp-json\/wp\/v2\/comments?post=3788"}],"version-history":[{"count":12,"href":"https:\/\/bon.uksw.edu.pl\/pl\/wp-json\/wp\/v2\/pages\/3788\/revisions"}],"predecessor-version":[{"id":5515,"href":"https:\/\/bon.uksw.edu.pl\/pl\/wp-json\/wp\/v2\/pages\/3788\/revisions\/5515"}],"up":[{"embeddable":true,"href":"https:\/\/bon.uksw.edu.pl\/pl\/wp-json\/wp\/v2\/pages\/3361"}],"wp:featuredmedia":[{"embeddable":true,"href":"https:\/\/bon.uksw.edu.pl\/pl\/wp-json\/wp\/v2\/media\/4200"}],"wp:attachment":[{"href":"https:\/\/bon.uksw.edu.pl\/pl\/wp-json\/wp\/v2\/media?parent=3788"}],"curies":[{"name":"wp","href":"https:\/\/api.w.org\/{rel}","templated":true}]}}