{"id":3790,"date":"2022-10-20T09:13:25","date_gmt":"2022-10-20T07:13:25","guid":{"rendered":"https:\/\/jednostki.uksw.edu.pl\/bon\/dla-studentow\/stypendia-i-zapomogi\/"},"modified":"2024-01-30T08:50:56","modified_gmt":"2024-01-30T07:50:56","slug":"stypendia-i-zapomogi","status":"publish","type":"page","link":"https:\/\/bon.uksw.edu.pl\/dla-studentow\/stypendia-i-zapomogi\/","title":{"rendered":"Stypendia i zapomogi"},"content":{"rendered":"\n<h2 class=\"wp-block-heading\">Szczeg\u00f3\u0142owe informacje o stypendiach dost\u0119pne s\u0105 na stronie internetowej Dzia\u0142u Pomocy Materialnej dla Student\u00f3w UKSW (DPM UKSW).<\/h2>\n\n\n\n<ul class=\"wp-block-list\">\n<li><strong><a href=\"https:\/\/dpm.uksw.edu.pl\/stypendia\/stypendium-dla-osob-niepelnosprawnych\/\" target=\"_blank\" rel=\"noreferrer noopener\">Stypendium dla os\u00f3b niepe\u0142nosprawnych<\/a><\/strong>. Przed&nbsp;zarejestrowaniem wniosku o&nbsp;stypendium dla os\u00f3b z&nbsp;niepe\u0142nosprawno\u015bci\u0105 nale\u017cy z\u0142o\u017cy\u0107 orzeczenie wraz z&nbsp;ankiet\u0105 u Koordynatora Biura ds.&nbsp;Os\u00f3b z&nbsp;Niepe\u0142nosprawno\u015bci\u0105.<\/li>\n\n\n\n<li><strong><a href=\"https:\/\/dpm.uksw.edu.pl\/stypendia\/stypendium-socjalne\/\">Stypendium socjalne<\/a><\/strong>. Wniosek nale\u017cy wype\u0142ni\u0107 przez system USOSweb.<\/li>\n\n\n\n<li><strong><a href=\"https:\/\/dpm.uksw.edu.pl\/stypendia\/zapomoga\/\">Zapomoga<\/a><\/strong>. Wniosek nale\u017cy wype\u0142ni\u0107 przez system USOSweb.<\/li>\n\n\n\n<li><a href=\"http:\/\/dpm.uksw.edu.pl\/node\/24\"><strong>Stypendium rektora dla najlepszych student\u00f3w<\/strong><\/a>.<\/li>\n<\/ul>\n\n\n\n<p>Na UKSW najnowsze informacje dotycz\u0105ce wniosk\u00f3w o stypendia i zapomogi mo\u017cna znale\u017a\u0107 na stronie  <strong><a href=\"https:\/\/dpm.uksw.edu.pl\/o-nas\/\" data-type=\"URL\" data-id=\"https:\/\/dpm.uksw.edu.pl\/\">Dzia\u0142u Pomocy Materialnej (DPM UKSW)<\/a><\/strong>.<\/p>\n","protected":false},"excerpt":{"rendered":"<p>Szczeg\u00f3\u0142owe informacje o stypendiach dost\u0119pne s\u0105 na stronie internetowej Dzia\u0142u Pomocy Materialnej dla Student\u00f3w UKSW (DPM UKSW). Na UKSW najnowsze informacje dotycz\u0105ce wniosk\u00f3w o stypendia i zapomogi mo\u017cna znale\u017a\u0107 na stronie Dzia\u0142u Pomocy Materialnej (DPM UKSW).<\/p>\n","protected":false},"author":1,"featured_media":4204,"parent":3361,"menu_order":4,"comment_status":"closed","ping_status":"closed","template":"page-templates\/template-sub-page.php","meta":{"_acf_changed":false,"inline_featured_image":false,"footnotes":"","_links_to":"","_links_to_target":""},"class_list":["post-3790","page","type-page","status-publish","has-post-thumbnail","hentry"],"acf":[],"_links":{"self":[{"href":"https:\/\/bon.uksw.edu.pl\/pl\/wp-json\/wp\/v2\/pages\/3790","targetHints":{"allow":["GET"]}}],"collection":[{"href":"https:\/\/bon.uksw.edu.pl\/pl\/wp-json\/wp\/v2\/pages"}],"about":[{"href":"https:\/\/bon.uksw.edu.pl\/pl\/wp-json\/wp\/v2\/types\/page"}],"author":[{"embeddable":true,"href":"https:\/\/bon.uksw.edu.pl\/pl\/wp-json\/wp\/v2\/users\/1"}],"replies":[{"embeddable":true,"href":"https:\/\/bon.uksw.edu.pl\/pl\/wp-json\/wp\/v2\/comments?post=3790"}],"version-history":[{"count":10,"href":"https:\/\/bon.uksw.edu.pl\/pl\/wp-json\/wp\/v2\/pages\/3790\/revisions"}],"predecessor-version":[{"id":4913,"href":"https:\/\/bon.uksw.edu.pl\/pl\/wp-json\/wp\/v2\/pages\/3790\/revisions\/4913"}],"up":[{"embeddable":true,"href":"https:\/\/bon.uksw.edu.pl\/pl\/wp-json\/wp\/v2\/pages\/3361"}],"wp:featuredmedia":[{"embeddable":true,"href":"https:\/\/bon.uksw.edu.pl\/pl\/wp-json\/wp\/v2\/media\/4204"}],"wp:attachment":[{"href":"https:\/\/bon.uksw.edu.pl\/pl\/wp-json\/wp\/v2\/media?parent=3790"}],"curies":[{"name":"wp","href":"https:\/\/api.w.org\/{rel}","templated":true}]}}