{"id":3791,"date":"2022-10-20T09:13:26","date_gmt":"2022-10-20T07:13:26","guid":{"rendered":"https:\/\/jednostki.uksw.edu.pl\/bon\/dla-studentow\/indywidualna-organizacja-studiow\/"},"modified":"2024-09-23T11:12:48","modified_gmt":"2024-09-23T09:12:48","slug":"indywidualna-organizacja-studiow","status":"publish","type":"page","link":"https:\/\/bon.uksw.edu.pl\/dla-studentow\/indywidualna-organizacja-studiow\/","title":{"rendered":"Indywidualna Organizacja Studi\u00f3w"},"content":{"rendered":"\n<p>Indywidualna Organizacja Studi\u00f3w (w skr\u00f3cie IOS) dla student\u00f3w z niepe\u0142nosprawno\u015bci\u0105 organizowana jest na UKSW na podstawie \u00a7 17 Regulaminu Studi\u00f3w w UKSW i wewn\u0119trznych ustale\u0144 obowi\u0105zuj\u0105cych na Wydzia\u0142ach.<\/p>\n\n\n\n<p>IOS pozwala studentom na uzyskanie udogodnie\u0144 odpowiadaj\u0105cych ich specyficznym potrzebom, jednocze\u015bnie zapewniaj\u0105c r\u00f3wno\u015b\u0107 w dost\u0119pie do edukacji. Rekomendacje Uczelnianego Koordynatora ds. Dost\u0119pno\u015bci mog\u0105 obejmowa\u0107:<\/p>\n\n\n\n<ul class=\"wp-block-list\">\n<li>indywidualne dostosowanie wymaga\u0144 dotycz\u0105cych udzia\u0142u w zaj\u0119ciach dydaktycznych, w miar\u0119 mo\u017cliwo\u015bci;<\/li>\n\n\n\n<li>przydzielenie asystenta dydaktycznego, wspieraj\u0105cego studenta w procesie nauki;<\/li>\n\n\n\n<li>mo\u017cliwo\u015b\u0107 nagrywania wyk\u0142ad\u00f3w lub otrzymywania skrypt\u00f3w od wyk\u0142adowc\u00f3w, ustalane indywidualnie;<\/li>\n\n\n\n<li>wyd\u0142u\u017cenie czasu egzamin\u00f3w o 50%;<\/li>\n\n\n\n<li>ustalenie indywidualnego terminu egzaminu lub zamiany formy pisemnej na ustn\u0105 (lub odwrotnie), w zale\u017cno\u015bci od predyspozycji studenta.<\/li>\n<\/ul>\n\n\n\n<p>Ka\u017cdemu studentowi, kt\u00f3ry korzysta z IOS, przydzielany jest opiekun naukowy. Jego zadaniem jest wsparcie studenta w toku studi\u00f3w oraz po\u015brednictwo w kontaktach z wyk\u0142adowcami, szczeg\u00f3lnie gdy student ma trudno\u015bci w kontaktach spo\u0142ecznych.<\/p>\n\n\n\n<h2 class=\"wp-block-heading\">\u015acie\u017cka uzyskania Indywidualnej Organizacji Studi\u00f3w<\/h2>\n\n\n\n<p>Student sk\u0142ada Wniosek o Indywidualn\u0105 Organizacj\u0119 Studi\u00f3w skierowany do&nbsp;Dziekana Wydzia\u0142u za&nbsp;po\u015brednictwem Biura ds. Os\u00f3b z Niepe\u0142nosprawno\u015bci\u0105. Wniosek jest opiniowany przez Uczelnianego Koordynatora ds. Dost\u0119pno\u015bci, kt\u00f3ry jednocze\u015bnie wystawia Rekomendacj\u0119 dla studenta. Nast\u0119pnie BON przekazuje dokumentacj\u0119 na&nbsp;Wydzia\u0142 do&nbsp;dalszego procedowania. Student oczekuje na pisemn\u0105 Decyzj\u0119 Dziekana o przyznaniu lub odmowie Indywidualnej Organizacji Studi\u00f3w.<\/p>\n\n\n\n<p><strong><a href=\"https:\/\/bon.uksw.edu.pl\/wp-content\/uploads\/sites\/16\/2024\/09\/1726751153_zal-2.pdf\">Wz\u00f3r Wniosku o IOS<\/a><\/strong><\/p>\n\n\n\n<p>Pe\u0142na informacja dotycz\u0105ca Indywidualnej Organizacji Studi\u00f3w znajduje si\u0119 w <a href=\"https:\/\/bon.uksw.edu.pl\/wp-content\/uploads\/sites\/16\/2024\/09\/REGULAMIN-STUDIOW-fragment-dot.-IOS.pdf\">Regulaminie studi\u00f3w UKSW<\/a><\/p>\n","protected":false},"excerpt":{"rendered":"<p>Indywidualna Organizacja Studi\u00f3w (w skr\u00f3cie IOS) dla student\u00f3w z niepe\u0142nosprawno\u015bci\u0105 organizowana jest na UKSW na podstawie \u00a7 17 Regulaminu Studi\u00f3w w UKSW i wewn\u0119trznych ustale\u0144 obowi\u0105zuj\u0105cych na Wydzia\u0142ach. IOS pozwala studentom na uzyskanie udogodnie\u0144 odpowiadaj\u0105cych ich specyficznym potrzebom, jednocze\u015bnie zapewniaj\u0105c r\u00f3wno\u015b\u0107 w dost\u0119pie do edukacji. Rekomendacje Uczelnianego Koordynatora ds. Dost\u0119pno\u015bci mog\u0105 obejmowa\u0107: Ka\u017cdemu studentowi, kt\u00f3ry [&hellip;]<\/p>\n","protected":false},"author":1,"featured_media":4208,"parent":3361,"menu_order":5,"comment_status":"closed","ping_status":"closed","template":"page-templates\/template-sub-page.php","meta":{"_acf_changed":false,"inline_featured_image":false,"footnotes":"","_links_to":"","_links_to_target":""},"class_list":["post-3791","page","type-page","status-publish","has-post-thumbnail","hentry"],"acf":[],"_links":{"self":[{"href":"https:\/\/bon.uksw.edu.pl\/pl\/wp-json\/wp\/v2\/pages\/3791","targetHints":{"allow":["GET"]}}],"collection":[{"href":"https:\/\/bon.uksw.edu.pl\/pl\/wp-json\/wp\/v2\/pages"}],"about":[{"href":"https:\/\/bon.uksw.edu.pl\/pl\/wp-json\/wp\/v2\/types\/page"}],"author":[{"embeddable":true,"href":"https:\/\/bon.uksw.edu.pl\/pl\/wp-json\/wp\/v2\/users\/1"}],"replies":[{"embeddable":true,"href":"https:\/\/bon.uksw.edu.pl\/pl\/wp-json\/wp\/v2\/comments?post=3791"}],"version-history":[{"count":13,"href":"https:\/\/bon.uksw.edu.pl\/pl\/wp-json\/wp\/v2\/pages\/3791\/revisions"}],"predecessor-version":[{"id":5631,"href":"https:\/\/bon.uksw.edu.pl\/pl\/wp-json\/wp\/v2\/pages\/3791\/revisions\/5631"}],"up":[{"embeddable":true,"href":"https:\/\/bon.uksw.edu.pl\/pl\/wp-json\/wp\/v2\/pages\/3361"}],"wp:featuredmedia":[{"embeddable":true,"href":"https:\/\/bon.uksw.edu.pl\/pl\/wp-json\/wp\/v2\/media\/4208"}],"wp:attachment":[{"href":"https:\/\/bon.uksw.edu.pl\/pl\/wp-json\/wp\/v2\/media?parent=3791"}],"curies":[{"name":"wp","href":"https:\/\/api.w.org\/{rel}","templated":true}]}}