{"id":3792,"date":"2022-10-20T09:13:26","date_gmt":"2022-10-20T07:13:26","guid":{"rendered":"https:\/\/jednostki.uksw.edu.pl\/bon\/dla-studentow\/poradnictwo-psychologiczne\/"},"modified":"2024-10-16T09:06:38","modified_gmt":"2024-10-16T07:06:38","slug":"poradnictwo-psychologiczne","status":"publish","type":"page","link":"https:\/\/bon.uksw.edu.pl\/dla-studentow\/poradnictwo-psychologiczne\/","title":{"rendered":"Poradnictwo psychologiczne"},"content":{"rendered":"\n<p>Podj\u0119cie studi\u00f3w jest dla wielu os\u00f3b nie tylko wyzwaniem edukacyjnym, ale r\u00f3wnie\u017c organizacyjnym. Czas ten zwi\u0105zany jest z okresem d\u0142u\u017cszego rozstania z rodzin\u0105, przyjaci\u00f3\u0142mi i podj\u0119ciem nowego wyzwania, jakim jest kszta\u0142cenie akademickie. Konieczno\u015b\u0107 przeorganizowania dotychczasowego \u017cycia, dostosowania si\u0119 do nowego \u015brodowiska nierzadko wywo\u0142uje silny stres i obawy. Mog\u0105 ujawni\u0107 si\u0119 r\u00f3\u017cnorodne emocje, prowadz\u0105ce nawet do podwa\u017cania zasadno\u015bci podj\u0119cia studi\u00f3w. S\u0105 to reakcje charakterystyczne dla adaptacji do nowych sytuacji i obowi\u0105zk\u00f3w.<\/p>\n\n\n\n<p>Wa\u017cne jest, aby u\u015bwiadomi\u0107 sobie, \u017ce do\u015bwiadczanie tego typu napi\u0119cia jest zwykle stanem przej\u015bciowym, zwi\u0105zanym z odnajdywaniem si\u0119 w nowych warunkach i okoliczno\u015bciach. Warto u\u015bwiadomi\u0107 sobie, \u017ce jest to stan bliski wielu studentom, szczeg\u00f3lnie pierwszego roku.<\/p>\n\n\n\n<p>Studenci z niepe\u0142nosprawno\u015bci\u0105, kt\u00f3rzy do\u015bwiadczaj\u0105 trudno\u015bci zwi\u0105zanych z funkcjonowaniem w \u015brodowisku akademickim (stres, napi\u0119cia emocjonalne, poczucie wykluczenia spo\u0142ecznego, trudno\u015bci w integracji w\u015br\u00f3d student\u00f3w, stany l\u0119kowe, problemy osobiste, itd.) mog\u0105 skorzysta\u0107 z bezp\u0142atnych porad i konsultacji psychologicznych ze specjalistami.<\/p>\n\n\n\n<h2 class=\"wp-block-heading\">BON UKSW prowadzi Poradni\u0119 psychologiczno-pedagogiczn\u0105.<\/h2>\n\n\n\n<p>Porady i konsultacje prowadzone przez renomowanych psycholog\u00f3w pracuj\u0105cych w Poradni skierowane s\u0105 do student\u00f3w do\u015bwiadczaj\u0105cych trudno\u015bci zwi\u0105zanych z funkcjonowaniem w spo\u0142eczno\u015bci akademickiej oraz tych, kt\u00f3rzy prze\u017cywaj\u0105 indywidualne problemy emocjonalno-psychiczne (stany depresyjne, napi\u0119cia emocjonalne, stany l\u0119kowe, problemy osobiste lub rodzinne, itd.).<\/p>\n\n\n\n<p>Przed zg\u0142oszeniem na konsultacj\u0119 z psychologiem zach\u0119camy do zapoznania si\u0119 z <strong><a rel=\"noreferrer noopener\" href=\"https:\/\/bon.uksw.edu.pl\/wp-content\/uploads\/sites\/16\/2022\/10\/regulamin-konsultacji-psychologicznych-na-UKSW-1.pdf\" data-type=\"URL\" data-id=\"https:\/\/bon.uksw.edu.pl\/wp-content\/uploads\/sites\/16\/2022\/10\/regulamin-konsultacji-psychologicznych-na-UKSW-1.pdf\" target=\"_blank\">Regulaminem konsultacji psychologicznych na UKSW<\/a><\/strong> oraz zapoznania si\u0119 z&nbsp;<strong><a rel=\"noreferrer noopener\" href=\"https:\/\/bon.uksw.edu.pl\/wp-content\/uploads\/sites\/16\/2022\/10\/Klazula-RODO-Poradnia-Psychologiczna-1.pdf\" data-type=\"URL\" data-id=\"https:\/\/bon.uksw.edu.pl\/wp-content\/uploads\/sites\/16\/2022\/10\/Klazula-RODO-Poradnia-Psychologiczna-1.pdf\" target=\"_blank\">Klauzul\u0105 RODO dla Poradni Psychologicznej UKSW<\/a>.<\/strong><\/p>\n\n\n\n<p><\/p>\n\n\n\n<h2 class=\"wp-block-heading\">Psychologowie<\/h2>\n\n\n\n<ul class=\"wp-block-list\">\n<li><strong>Dariusz Pater<\/strong><\/li>\n\n\n\n<li><strong>Ewa Micha\u0142owska<\/strong><\/li>\n\n\n\n<li><strong>Marta Kulesza<\/strong><\/li>\n\n\n\n<li><strong>Justyna Jastrz\u0119bska<\/strong><\/li>\n<\/ul>\n\n\n\n<p>Szczeg\u00f3\u0142owa informacja i harmonogram konsultacji psychologicznych na stronie <a href=\"https:\/\/bon.uksw.edu.pl\/poradnia-psychologiczno-pedagogiczna\/\"><strong>Poradni psychologiczno-pedagogicznej<\/strong><\/a><\/p>\n","protected":false},"excerpt":{"rendered":"<p>Podj\u0119cie studi\u00f3w jest dla wielu os\u00f3b nie tylko wyzwaniem edukacyjnym, ale r\u00f3wnie\u017c organizacyjnym. Czas ten zwi\u0105zany jest z okresem d\u0142u\u017cszego rozstania z rodzin\u0105, przyjaci\u00f3\u0142mi i podj\u0119ciem nowego wyzwania, jakim jest kszta\u0142cenie akademickie. Konieczno\u015b\u0107 przeorganizowania dotychczasowego \u017cycia, dostosowania si\u0119 do nowego \u015brodowiska nierzadko wywo\u0142uje silny stres i obawy. Mog\u0105 ujawni\u0107 si\u0119 r\u00f3\u017cnorodne emocje, prowadz\u0105ce nawet do [&hellip;]<\/p>\n","protected":false},"author":1,"featured_media":4215,"parent":3361,"menu_order":6,"comment_status":"closed","ping_status":"closed","template":"page-templates\/template-sub-page.php","meta":{"_acf_changed":false,"inline_featured_image":false,"footnotes":"","_links_to":"","_links_to_target":""},"class_list":["post-3792","page","type-page","status-publish","has-post-thumbnail","hentry"],"acf":[],"_links":{"self":[{"href":"https:\/\/bon.uksw.edu.pl\/pl\/wp-json\/wp\/v2\/pages\/3792","targetHints":{"allow":["GET"]}}],"collection":[{"href":"https:\/\/bon.uksw.edu.pl\/pl\/wp-json\/wp\/v2\/pages"}],"about":[{"href":"https:\/\/bon.uksw.edu.pl\/pl\/wp-json\/wp\/v2\/types\/page"}],"author":[{"embeddable":true,"href":"https:\/\/bon.uksw.edu.pl\/pl\/wp-json\/wp\/v2\/users\/1"}],"replies":[{"embeddable":true,"href":"https:\/\/bon.uksw.edu.pl\/pl\/wp-json\/wp\/v2\/comments?post=3792"}],"version-history":[{"count":24,"href":"https:\/\/bon.uksw.edu.pl\/pl\/wp-json\/wp\/v2\/pages\/3792\/revisions"}],"predecessor-version":[{"id":5710,"href":"https:\/\/bon.uksw.edu.pl\/pl\/wp-json\/wp\/v2\/pages\/3792\/revisions\/5710"}],"up":[{"embeddable":true,"href":"https:\/\/bon.uksw.edu.pl\/pl\/wp-json\/wp\/v2\/pages\/3361"}],"wp:featuredmedia":[{"embeddable":true,"href":"https:\/\/bon.uksw.edu.pl\/pl\/wp-json\/wp\/v2\/media\/4215"}],"wp:attachment":[{"href":"https:\/\/bon.uksw.edu.pl\/pl\/wp-json\/wp\/v2\/media?parent=3792"}],"curies":[{"name":"wp","href":"https:\/\/api.w.org\/{rel}","templated":true}]}}