{"id":3793,"date":"2022-10-20T09:13:27","date_gmt":"2022-10-20T07:13:27","guid":{"rendered":"https:\/\/jednostki.uksw.edu.pl\/bon\/dla-studentow\/poradnictwo-pedagogiczne\/"},"modified":"2024-09-16T14:09:25","modified_gmt":"2024-09-16T12:09:25","slug":"poradnictwo-pedagogiczne","status":"publish","type":"page","link":"https:\/\/bon.uksw.edu.pl\/dla-studentow\/poradnictwo-pedagogiczne\/","title":{"rendered":"Poradnictwo pedagogiczne"},"content":{"rendered":"\n<p>Studenci maj\u0105 mo\u017cliwo\u015b\u0107 korzystania z bezp\u0142atnego poradnictwa pedagogicznego. Porady skierowane s\u0105 do student\u00f3w do\u015bwiadczaj\u0105cych trudno\u015bci w nauce, braku umiej\u0119tno\u015bci organizacji nauki w\u0142asnej, specyficznych problem\u00f3w warunkuj\u0105cych skuteczne uczenie si\u0119 i przygotowywanie do egzamin\u00f3w i zalicze\u0144, trudno\u015bci komunikacyjne, nieumiej\u0119tno\u015b\u0107 przekazywania w\u0142asnej wiedzy, itd.<br>Studenci zainteresowani wsparciem pedagogicznym proszeni s\u0105 o kontakt z BON UKSW telefonicznym w godzinach pracy lub e-mailowo na adres: <a href=\"mailto:bon@uksw.edu.pl\"><strong>bon@uksw.edu.pl<\/strong><\/a> lub bezpo\u015brednio z naszymi pedagogami.<\/p>\n\n\n\n<h2 class=\"wp-block-heading\">BON UKSW prowadzi Poradni\u0119 Psychologiczno-Pedagogiczn\u0105.<\/h2>\n\n\n\n<h2 class=\"wp-block-heading\">Pedagodzy<\/h2>\n\n\n\n<ul class=\"wp-block-list\">\n<li><strong>Anna Fidelus<\/strong><\/li>\n\n\n\n<li><strong>Micha\u0142 Sta\u0144czuk<\/strong><\/li>\n\n\n\n<li><strong>Ewa Micha\u0142owska<\/strong><\/li>\n<\/ul>\n\n\n\n<p>Szczeg\u00f3\u0142owa informacja i\u00a0harmonogram konsultacji pedagogicznych w zak\u0142adce <a href=\"https:\/\/bon.uksw.edu.pl\/poradnia-psychologiczno-pedagogiczna\/pedagog\/\"><strong>Poradnia Psychologiczno-Pedagogiczna<\/strong><\/a><\/p>\n\n\n\n<p><\/p>\n","protected":false},"excerpt":{"rendered":"<p>Studenci maj\u0105 mo\u017cliwo\u015b\u0107 korzystania z bezp\u0142atnego poradnictwa pedagogicznego. Porady skierowane s\u0105 do student\u00f3w do\u015bwiadczaj\u0105cych trudno\u015bci w nauce, braku umiej\u0119tno\u015bci organizacji nauki w\u0142asnej, specyficznych problem\u00f3w warunkuj\u0105cych skuteczne uczenie si\u0119 i przygotowywanie do egzamin\u00f3w i zalicze\u0144, trudno\u015bci komunikacyjne, nieumiej\u0119tno\u015b\u0107 przekazywania w\u0142asnej wiedzy, itd.Studenci zainteresowani wsparciem pedagogicznym proszeni s\u0105 o kontakt z BON UKSW telefonicznym w godzinach pracy [&hellip;]<\/p>\n","protected":false},"author":1,"featured_media":4211,"parent":3361,"menu_order":7,"comment_status":"closed","ping_status":"closed","template":"page-templates\/template-sub-page.php","meta":{"_acf_changed":false,"inline_featured_image":false,"footnotes":"","_links_to":"","_links_to_target":""},"class_list":["post-3793","page","type-page","status-publish","has-post-thumbnail","hentry"],"acf":[],"_links":{"self":[{"href":"https:\/\/bon.uksw.edu.pl\/pl\/wp-json\/wp\/v2\/pages\/3793","targetHints":{"allow":["GET"]}}],"collection":[{"href":"https:\/\/bon.uksw.edu.pl\/pl\/wp-json\/wp\/v2\/pages"}],"about":[{"href":"https:\/\/bon.uksw.edu.pl\/pl\/wp-json\/wp\/v2\/types\/page"}],"author":[{"embeddable":true,"href":"https:\/\/bon.uksw.edu.pl\/pl\/wp-json\/wp\/v2\/users\/1"}],"replies":[{"embeddable":true,"href":"https:\/\/bon.uksw.edu.pl\/pl\/wp-json\/wp\/v2\/comments?post=3793"}],"version-history":[{"count":17,"href":"https:\/\/bon.uksw.edu.pl\/pl\/wp-json\/wp\/v2\/pages\/3793\/revisions"}],"predecessor-version":[{"id":5558,"href":"https:\/\/bon.uksw.edu.pl\/pl\/wp-json\/wp\/v2\/pages\/3793\/revisions\/5558"}],"up":[{"embeddable":true,"href":"https:\/\/bon.uksw.edu.pl\/pl\/wp-json\/wp\/v2\/pages\/3361"}],"wp:featuredmedia":[{"embeddable":true,"href":"https:\/\/bon.uksw.edu.pl\/pl\/wp-json\/wp\/v2\/media\/4211"}],"wp:attachment":[{"href":"https:\/\/bon.uksw.edu.pl\/pl\/wp-json\/wp\/v2\/media?parent=3793"}],"curies":[{"name":"wp","href":"https:\/\/api.w.org\/{rel}","templated":true}]}}