{"id":3794,"date":"2022-10-20T09:13:27","date_gmt":"2022-10-20T07:13:27","guid":{"rendered":"https:\/\/jednostki.uksw.edu.pl\/bon\/dla-studentow\/poradnictwo-prawne\/"},"modified":"2024-01-30T08:54:18","modified_gmt":"2024-01-30T07:54:18","slug":"poradnictwo-prawne","status":"publish","type":"page","link":"https:\/\/bon.uksw.edu.pl\/dla-studentow\/poradnictwo-prawne\/","title":{"rendered":"Poradnictwo prawne"},"content":{"rendered":"\n<p>Biuro Os\u00f3b Niepe\u0142nosprawnych (BON) w ramach swojej dzia\u0142alno\u015bci udziela informacji i porad prawnych osobom z niepe\u0142nosprawno\u015bciami, w szczeg\u00f3lno\u015bci studentom, doktorantom, pracownikom Uniwersytetu oraz kandydatom na student\u00f3w Uniwersytetu Kardyna\u0142a Stefana Wyszy\u0144skiego.<\/p>\n\n\n\n<p>Przed skorzystaniem ze wsparcia prosimy o zapoznanie si\u0119 z:<\/p>\n\n\n\r\n<div class=\"\">\r\n\r\n\r\n<div class=\"row\">\r\n\r\n  \r\n<div class=\"col-xl-12 col-lg-12 col-md-12 col-sm-12 \">\r\n\t\t<div class=\"download_detils\">\r\n\t\t\t<a href=\"https:\/\/bon.uksw.edu.pl\/wp-content\/uploads\/sites\/16\/2022\/10\/Regulamin-Udzielania-Porad-dla-osob-niepelnosprawnych-2021-1.pdf\"  target=\"_blank\" >\r\n\t\t\t<img decoding=\"async\" src=\"https:\/\/bon.uksw.edu.pl\/wp-content\/themes\/uksw\/images\/import.svg\" alt=\"\"> Regulaminem udzielania informacji i porad prawnych dla os\u00f3b niepe\u0142nosprawnych\nprzez BON UKSW [PDF,  0.08 MB]<\/a>\r\n\t\t<\/div>\r\n<\/div>\r\n\r\n\r\n\t\t\r\n<div class=\"col-xl-12 col-lg-12 col-md-12 col-sm-12 \">\r\n\t\t<div class=\"download_detils\">\r\n\t\t\t<a href=\"https:\/\/bon.uksw.edu.pl\/wp-content\/uploads\/sites\/16\/2022\/10\/Klauzula-Informacyjna-BON-2021.pdf\"  target=\"_blank\" >\r\n\t\t\t<img decoding=\"async\" src=\"https:\/\/bon.uksw.edu.pl\/wp-content\/themes\/uksw\/images\/import.svg\" alt=\"\"> Klauzul\u0105 informacyjn\u0105 BON UKSW (RODO) [PDF,  0.04 MB]<\/a>\r\n\t\t<\/div>\r\n<\/div>\r\n\r\n\r\n\t\t\r\n\t\t \r\n\r\n<\/div>\r\n<\/div>\r\n<div class=\"space20\"><\/div>\r\n\r\n\n\n\n<p>Aby zg\u0142osi\u0107 si\u0119 po porad\u0119 prawn\u0105 nale\u017cy skontaktowa\u0107 si\u0119 mailowo z BON pod adresem: <a href=\"mailto:bon@uksw.edu.pl\"><strong>bon@uksw.edu.pl<\/strong><\/a>.  Przes\u0142anie zg\u0142oszenia oznacza akceptacj\u0119 Regulaminu udzielana informacji i porad prawnych przez Biuro ds. Os\u00f3b z Niepe\u0142nosprawno\u015bci\u0105 Uniwersytetu Kardyna\u0142a Stefana Wyszy\u0144skiego w Warszawie dla student\u00f3w z niepe\u0142nosprawno\u015bci\u0105 oraz klauzuli informacyjnej.<\/p>\n\n\n\n<p>W zg\u0142oszeniu prosimy o zawarcie nast\u0119puj\u0105cych informacji:<\/p>\n\n\n\n<ul class=\"wp-block-list\">\n<li>Temat: Formularz zg\u0142oszeniowy porady prawnej;<\/li>\n\n\n\n<li>Imi\u0119 i nazwisko oraz dane adresowe;<\/li>\n\n\n\n<li>Opis problemu;<\/li>\n\n\n\n<li>Za\u0142\u0105czniki.<\/li>\n<\/ul>\n\n\n\n<p>Po rejestracji indywidualnie ustalany jest dok\u0142adny termin spotkania stacjonarnego lub on-line.<\/p>\n","protected":false},"excerpt":{"rendered":"<p>Biuro Os\u00f3b Niepe\u0142nosprawnych (BON) w ramach swojej dzia\u0142alno\u015bci udziela informacji i porad prawnych osobom z niepe\u0142nosprawno\u015bciami, w szczeg\u00f3lno\u015bci studentom, doktorantom, pracownikom Uniwersytetu oraz kandydatom na student\u00f3w Uniwersytetu Kardyna\u0142a Stefana Wyszy\u0144skiego. Przed skorzystaniem ze wsparcia prosimy o zapoznanie si\u0119 z: Aby zg\u0142osi\u0107 si\u0119 po porad\u0119 prawn\u0105 nale\u017cy skontaktowa\u0107 si\u0119 mailowo z BON pod adresem: bon@uksw.edu.pl. Przes\u0142anie [&hellip;]<\/p>\n","protected":false},"author":1,"featured_media":4217,"parent":3361,"menu_order":8,"comment_status":"closed","ping_status":"closed","template":"page-templates\/template-sub-page.php","meta":{"_acf_changed":false,"inline_featured_image":false,"footnotes":"","_links_to":"","_links_to_target":""},"class_list":["post-3794","page","type-page","status-publish","has-post-thumbnail","hentry"],"acf":[],"_links":{"self":[{"href":"https:\/\/bon.uksw.edu.pl\/pl\/wp-json\/wp\/v2\/pages\/3794","targetHints":{"allow":["GET"]}}],"collection":[{"href":"https:\/\/bon.uksw.edu.pl\/pl\/wp-json\/wp\/v2\/pages"}],"about":[{"href":"https:\/\/bon.uksw.edu.pl\/pl\/wp-json\/wp\/v2\/types\/page"}],"author":[{"embeddable":true,"href":"https:\/\/bon.uksw.edu.pl\/pl\/wp-json\/wp\/v2\/users\/1"}],"replies":[{"embeddable":true,"href":"https:\/\/bon.uksw.edu.pl\/pl\/wp-json\/wp\/v2\/comments?post=3794"}],"version-history":[{"count":8,"href":"https:\/\/bon.uksw.edu.pl\/pl\/wp-json\/wp\/v2\/pages\/3794\/revisions"}],"predecessor-version":[{"id":4223,"href":"https:\/\/bon.uksw.edu.pl\/pl\/wp-json\/wp\/v2\/pages\/3794\/revisions\/4223"}],"up":[{"embeddable":true,"href":"https:\/\/bon.uksw.edu.pl\/pl\/wp-json\/wp\/v2\/pages\/3361"}],"wp:featuredmedia":[{"embeddable":true,"href":"https:\/\/bon.uksw.edu.pl\/pl\/wp-json\/wp\/v2\/media\/4217"}],"wp:attachment":[{"href":"https:\/\/bon.uksw.edu.pl\/pl\/wp-json\/wp\/v2\/media?parent=3794"}],"curies":[{"name":"wp","href":"https:\/\/api.w.org\/{rel}","templated":true}]}}