{"id":3980,"date":"2022-10-20T14:24:45","date_gmt":"2022-10-20T12:24:45","guid":{"rendered":"https:\/\/jednostki.uksw.edu.pl\/bon\/?page_id=3980"},"modified":"2023-09-05T13:08:20","modified_gmt":"2023-09-05T11:08:20","slug":"konferencja-2022","status":"publish","type":"page","link":"https:\/\/bon.uksw.edu.pl\/konferencje\/konferencja-2022\/","title":{"rendered":"Archiwum Konferencji 2022"},"content":{"rendered":"\r\n<div class=\"\">\r\n\r\n<div class=\"page_heading\"> <img decoding=\"async\" src=\"https:\/\/bon.uksw.edu.pl\/wp-content\/themes\/uksw\/images\/note-2_white.svg\" alt=\"\"> Wybierz interesuj\u0105cy Ci\u0119 dzia\u0142:<\/div>\r\n<div class=\"candidate_box_sec\">\r\n<div class=\"row\">\r\n\r\n    \r\n                                \r\n                            <div class=\"col-xl-4 col-lg-6 col-md-12 col-sm-12 project\">\r\n                                <a href=\"https:\/\/bon.uksw.edu.pl\/?post_type=page&#038;p=3984\" class=\"project_box\">\r\n                                    <div class=\"candidate_box project_box\">\r\n                                        <div class=\"candidate_box_title\">Program<\/div>\r\n                                                                                <img decoding=\"async\" src=\"https:\/\/bon.uksw.edu.pl\/wp-content\/themes\/uksw\/images\/arrow_more1.svg\" alt=\"\">  \r\n                                    <\/div>\r\n                                <\/a>\r\n                            <\/div>\r\n                      \r\n                        \r\n                            \r\n                                \r\n                            <div class=\"col-xl-4 col-lg-6 col-md-12 col-sm-12 project\">\r\n                                <a href=\"https:\/\/bon.uksw.edu.pl\/?post_type=page&#038;p=3985\" class=\"project_box\">\r\n                                    <div class=\"candidate_box project_box\">\r\n                                        <div class=\"candidate_box_title\">Prelegenci<\/div>\r\n                                                                                <img decoding=\"async\" src=\"https:\/\/bon.uksw.edu.pl\/wp-content\/themes\/uksw\/images\/arrow_more1.svg\" alt=\"\">  \r\n                                    <\/div>\r\n                                <\/a>\r\n                            <\/div>\r\n                      \r\n                        \r\n                            \r\n                                \r\n                            <div class=\"col-xl-4 col-lg-6 col-md-12 col-sm-12 project\">\r\n                                <a href=\"https:\/\/bon.uksw.edu.pl\/?post_type=page&#038;p=3986\" class=\"project_box\">\r\n                                    <div class=\"candidate_box project_box\">\r\n                                        <div class=\"candidate_box_title\">Komitet<\/div>\r\n                                                                                <div class=\"candidate_box_sub_title\">naukowy<\/div>\r\n                                                                                <img decoding=\"async\" src=\"https:\/\/bon.uksw.edu.pl\/wp-content\/themes\/uksw\/images\/arrow_more1.svg\" alt=\"\">  \r\n                                    <\/div>\r\n                                <\/a>\r\n                            <\/div>\r\n                      \r\n                        \r\n                            \r\n                                \r\n                            <div class=\"col-xl-4 col-lg-6 col-md-12 col-sm-12 project\">\r\n                                <a href=\"https:\/\/bon.uksw.edu.pl\/?post_type=page&#038;p=3987\" class=\"project_box\">\r\n                                    <div class=\"candidate_box project_box\">\r\n                                        <div class=\"candidate_box_title\">Komitet<\/div>\r\n                                                                                <div class=\"candidate_box_sub_title\">organizacyjny<\/div>\r\n                                                                                <img decoding=\"async\" src=\"https:\/\/bon.uksw.edu.pl\/wp-content\/themes\/uksw\/images\/arrow_more1.svg\" alt=\"\">  \r\n                                    <\/div>\r\n                                <\/a>\r\n                            <\/div>\r\n                      \r\n                        \r\n                            \r\n                                \r\n                            <div class=\"col-xl-4 col-lg-6 col-md-12 col-sm-12 project\">\r\n                                <a href=\"https:\/\/bon.uksw.edu.pl\/?post_type=page&#038;p=3988\" class=\"project_box\">\r\n                                    <div class=\"candidate_box project_box\">\r\n                                        <div class=\"candidate_box_title\">Komitet<\/div>\r\n                                                                                <div class=\"candidate_box_sub_title\">honorowy<\/div>\r\n                                                                                <img decoding=\"async\" src=\"https:\/\/bon.uksw.edu.pl\/wp-content\/themes\/uksw\/images\/arrow_more1.svg\" alt=\"\">  \r\n                                    <\/div>\r\n                                <\/a>\r\n                            <\/div>\r\n                      \r\n                        \r\n                            \r\n                                \r\n                            <div class=\"col-xl-4 col-lg-6 col-md-12 col-sm-12 project\">\r\n                                <a href=\"https:\/\/bon.uksw.edu.pl\/?post_type=page&#038;p=3989\" class=\"project_box\">\r\n                                    <div class=\"candidate_box project_box\">\r\n                                        <div class=\"candidate_box_title\">Partnerzy<\/div>\r\n                                                                                <img decoding=\"async\" src=\"https:\/\/bon.uksw.edu.pl\/wp-content\/themes\/uksw\/images\/arrow_more1.svg\" alt=\"\">  \r\n                                    <\/div>\r\n                                <\/a>\r\n                            <\/div>\r\n                      \r\n                        \r\n                            \r\n                                \r\n                            <div class=\"col-xl-4 col-lg-6 col-md-12 col-sm-12 project\">\r\n                                <a href=\"https:\/\/bon.uksw.edu.pl\/?post_type=page&#038;p=3990\" class=\"project_box\">\r\n                                    <div class=\"candidate_box project_box\">\r\n                                        <div class=\"candidate_box_title\">Informacje<\/div>\r\n                                                                                <img decoding=\"async\" src=\"https:\/\/bon.uksw.edu.pl\/wp-content\/themes\/uksw\/images\/arrow_more1.svg\" alt=\"\">  \r\n                                    <\/div>\r\n                                <\/a>\r\n                            <\/div>\r\n                      \r\n                        \r\n                            \r\n                                \r\n                            <div class=\"col-xl-4 col-lg-6 col-md-12 col-sm-12 project\">\r\n                                <a href=\"https:\/\/bon.uksw.edu.pl\/?post_type=page&#038;p=3991\" class=\"project_box\">\r\n                                    <div class=\"candidate_box project_box\">\r\n                                        <div class=\"candidate_box_title\">Kontakt<\/div>\r\n                                                                                <img decoding=\"async\" src=\"https:\/\/bon.uksw.edu.pl\/wp-content\/themes\/uksw\/images\/arrow_more1.svg\" alt=\"\">  \r\n                                    <\/div>\r\n                                <\/a>\r\n                            <\/div>\r\n                      \r\n                        \r\n                            \r\n                                \r\n                            <div class=\"col-xl-4 col-lg-6 col-md-12 col-sm-12 project\">\r\n                                <a href=\"https:\/\/bon.uksw.edu.pl\/?post_type=page&#038;p=3992\" class=\"project_box\">\r\n                                    <div class=\"candidate_box project_box\">\r\n                                        <div class=\"candidate_box_title\">Formularz<\/div>\r\n                                                                                <div class=\"candidate_box_sub_title\">zg\u0142oszeniowy<\/div>\r\n                                                                                <img decoding=\"async\" src=\"https:\/\/bon.uksw.edu.pl\/wp-content\/themes\/uksw\/images\/arrow_more1.svg\" alt=\"\">  \r\n                                    <\/div>\r\n                                <\/a>\r\n                            <\/div>\r\n                      \r\n                        \r\n                            <\/div>\r\n<\/div>\r\n\r\n<\/div>\n\n\n<h2 class=\"wp-block-heading\">Niepe\u0142nosprawno\u015b\u0107 \u2013 wyzwanie czy zadanie we wsp\u00f3\u0142czesnym \u015bwiecie?<\/h2>\n\n\n\n<p><strong>25 listopada 2022 roku<\/strong><\/p>\n\n\n\n<figure class=\"wp-block-image size-full\"><img decoding=\"async\" width=\"600\" height=\"837\" src=\"https:\/\/bon.uksw.edu.pl\/wp-content\/uploads\/sites\/16\/2022\/10\/konferencja_niepelnosprawnosc_plakat_A2_j.jpg\" alt=\"plakat \u2013 konferencja\" class=\"wp-image-3981\" srcset=\"https:\/\/bon.uksw.edu.pl\/wp-content\/uploads\/sites\/16\/2022\/10\/konferencja_niepelnosprawnosc_plakat_A2_j.jpg 600w, https:\/\/bon.uksw.edu.pl\/wp-content\/uploads\/sites\/16\/2022\/10\/konferencja_niepelnosprawnosc_plakat_A2_j-215x300.jpg 215w\" sizes=\"(max-width: 600px) 100vw, 600px\" \/><figcaption class=\"wp-element-caption\">plakat \u2013 konferencja<\/figcaption><\/figure>\n\n\n\n<p>Tematem wiod\u0105cym Konferencji b\u0119dzie interdyscyplinarna problematyka odnosz\u0105ca si\u0119 do niepe\u0142nosprawno\u015bci, ze szczeg\u00f3lnym zwr\u00f3ceniem uwagi na aktualne problemy i wyzwania zwi\u0105zane z podejmowanym tematem.<\/p>\n\n\n\n<p>Celem organizowanej Konferencji jest spotkanie przedstawicieli r\u00f3\u017cnych dyscyplin naukowych zajmuj\u0105cych si\u0119 problematyk\u0105 niepe\u0142nosprawno\u015bci. W obszarze teoretycznym konferencja ma umo\u017cliwi\u0107 interdyscyplinarn\u0105 dyskusj\u0119 nad wyzwaniami i zadaniami zwi\u0105zanymi z podejmowanym obszarem. W obszarze praktycznym celem b\u0119dzie poszukiwanie nowych form pomocy osobom do\u015bwiadczaj\u0105cym niepe\u0142nosprawno\u015bci.<\/p>\n\n\n\n<p>Na uwag\u0119 zas\u0142uguje fakt, \u017ce zamierzeniem Konferencji jest wieloaspektowe i interdyscyplinarne spojrzenia na podejmowane zagadnienia w celu wypracowania wsp\u00f3lnego podej\u015bcia dla dalszych&nbsp; dzia\u0142a\u0144 teoretycznych i praktycznych.<\/p>\n\n\n\n<p>Do udzia\u0142u w Konferencji zapraszamy socjolog\u00f3w, pracownik\u00f3w socjalnych, psycholog\u00f3w, pedagog\u00f3w i przedstawicieli innych nauk zainteresowanych problematyk\u0105 konferencji.<\/p>\n\n\n\n<p>Proponowane obszary tematyczne, kt\u00f3re zamierzamy podejmowa\u0107 w dyskusjach:<\/p>\n\n\n\n<ol class=\"wp-block-list\">\n<li>Niepe\u0142nosprawno\u015b\u0107 wczoraj i dzi\u015b \u2013 r\u00f3\u017cnorodne oblicza braku sprawno\u015bci<\/li>\n\n\n\n<li>Kiedy niepe\u0142nosprawno\u015b\u0107 staje si\u0119 zadaniem ponad miar\u0119<\/li>\n\n\n\n<li>Cz\u0142owiek z niepe\u0142nosprawno\u015bci\u0105 wobec wyzwa\u0144 wsp\u00f3\u0142czesno\u015bci<\/li>\n\n\n\n<li>Funkcjonowanie rodzinne os\u00f3b z&nbsp; niepe\u0142nosprawno\u015bci\u0105<\/li>\n\n\n\n<li>Przyk\u0142ady dobrych praktyk w pracy z osobami z niepe\u0142nosprawno\u015bci\u0105<\/li>\n\n\n\n<li>Osoba z niepe\u0142nosprawno\u015bci\u0105 w procesie dydaktycznym i wychowawczym<\/li>\n\n\n\n<li>Kszta\u0142cenie os\u00f3b doros\u0142ych z niepe\u0142nosprawno\u015bci\u0105<\/li>\n\n\n\n<li>Mo\u017cliwo\u015bci rozwoju os\u00f3b z niepe\u0142nosprawno\u015bciami<\/li>\n\n\n\n<li>Niepe\u0142nosprawno\u015b\u0107, kt\u00f3ra nie wyklucza<\/li>\n<\/ol>\n","protected":false},"excerpt":{"rendered":"<p>Niepe\u0142nosprawno\u015b\u0107 \u2013 wyzwanie czy zadanie we wsp\u00f3\u0142czesnym \u015bwiecie? 25 listopada 2022 roku Tematem wiod\u0105cym Konferencji b\u0119dzie interdyscyplinarna problematyka odnosz\u0105ca si\u0119 do niepe\u0142nosprawno\u015bci, ze szczeg\u00f3lnym zwr\u00f3ceniem uwagi na aktualne problemy i wyzwania zwi\u0105zane z podejmowanym tematem. Celem organizowanej Konferencji jest spotkanie przedstawicieli r\u00f3\u017cnych dyscyplin naukowych zajmuj\u0105cych si\u0119 problematyk\u0105 niepe\u0142nosprawno\u015bci. W obszarze teoretycznym konferencja ma umo\u017cliwi\u0107 interdyscyplinarn\u0105 [&hellip;]<\/p>\n","protected":false},"author":1,"featured_media":4224,"parent":3712,"menu_order":2,"comment_status":"closed","ping_status":"closed","template":"page-templates\/template-sub-page.php","meta":{"_acf_changed":false,"inline_featured_image":false,"footnotes":"","_links_to":"","_links_to_target":""},"class_list":["post-3980","page","type-page","status-publish","has-post-thumbnail","hentry"],"acf":[],"_links":{"self":[{"href":"https:\/\/bon.uksw.edu.pl\/pl\/wp-json\/wp\/v2\/pages\/3980","targetHints":{"allow":["GET"]}}],"collection":[{"href":"https:\/\/bon.uksw.edu.pl\/pl\/wp-json\/wp\/v2\/pages"}],"about":[{"href":"https:\/\/bon.uksw.edu.pl\/pl\/wp-json\/wp\/v2\/types\/page"}],"author":[{"embeddable":true,"href":"https:\/\/bon.uksw.edu.pl\/pl\/wp-json\/wp\/v2\/users\/1"}],"replies":[{"embeddable":true,"href":"https:\/\/bon.uksw.edu.pl\/pl\/wp-json\/wp\/v2\/comments?post=3980"}],"version-history":[{"count":6,"href":"https:\/\/bon.uksw.edu.pl\/pl\/wp-json\/wp\/v2\/pages\/3980\/revisions"}],"predecessor-version":[{"id":4612,"href":"https:\/\/bon.uksw.edu.pl\/pl\/wp-json\/wp\/v2\/pages\/3980\/revisions\/4612"}],"up":[{"embeddable":true,"href":"https:\/\/bon.uksw.edu.pl\/pl\/wp-json\/wp\/v2\/pages\/3712"}],"wp:featuredmedia":[{"embeddable":true,"href":"https:\/\/bon.uksw.edu.pl\/pl\/wp-json\/wp\/v2\/media\/4224"}],"wp:attachment":[{"href":"https:\/\/bon.uksw.edu.pl\/pl\/wp-json\/wp\/v2\/media?parent=3980"}],"curies":[{"name":"wp","href":"https:\/\/api.w.org\/{rel}","templated":true}]}}