{"id":3987,"date":"2022-10-20T14:29:28","date_gmt":"2022-10-20T12:29:28","guid":{"rendered":"https:\/\/jednostki.uksw.edu.pl\/bon\/konferencje\/konferencja-2022\/komitet-organizacyjny\/"},"modified":"2022-10-20T14:32:53","modified_gmt":"2022-10-20T12:32:53","slug":"komitet-organizacyjny","status":"publish","type":"page","link":"https:\/\/bon.uksw.edu.pl\/konferencje\/konferencja-2022\/komitet-organizacyjny\/","title":{"rendered":"Komitet organizacyjny"},"content":{"rendered":"\n<p><strong>prof. ucz. dr hab. Anna Fidelus<\/strong><\/p>\n\n\n\n<p><strong>mgr Micha\u0142 Sta\u0144czuk<\/strong><\/p>\n\n\n\n<p>prof. ucz. dr hab. Jolanta \u0141odzi\u0144ska<br>prof. ucz. dr hab. Jan Niew\u0119g\u0142owski<br>prof. ucz. dr hab. Irena Pospiszyl<br>prof. ucz. dr hab. Janusz Surzykiewicz<br>dr Justyna Kurtyka-Cha\u0142as<br>dr Marek Kulesza<br>dr Aleksandra Lukasek<br>dr Marcin Zarzecki<br>mgr Agata Rozalska<\/p>\n","protected":false},"excerpt":{"rendered":"<p>prof. ucz. dr hab. Anna Fidelus mgr Micha\u0142 Sta\u0144czuk prof. ucz. dr hab. Jolanta \u0141odzi\u0144skaprof. ucz. dr hab. Jan Niew\u0119g\u0142owskiprof. ucz. dr hab. Irena Pospiszylprof. ucz. dr hab. Janusz Surzykiewiczdr Justyna Kurtyka-Cha\u0142asdr Marek Kuleszadr Aleksandra Lukasekdr Marcin Zarzeckimgr Agata Rozalska<\/p>\n","protected":false},"author":1,"featured_media":0,"parent":3980,"menu_order":13,"comment_status":"closed","ping_status":"closed","template":"page-templates\/template-sub-page.php","meta":{"_acf_changed":false,"inline_featured_image":false,"footnotes":"","_links_to":"","_links_to_target":""},"class_list":["post-3987","page","type-page","status-publish","hentry"],"acf":[],"_links":{"self":[{"href":"https:\/\/bon.uksw.edu.pl\/pl\/wp-json\/wp\/v2\/pages\/3987","targetHints":{"allow":["GET"]}}],"collection":[{"href":"https:\/\/bon.uksw.edu.pl\/pl\/wp-json\/wp\/v2\/pages"}],"about":[{"href":"https:\/\/bon.uksw.edu.pl\/pl\/wp-json\/wp\/v2\/types\/page"}],"author":[{"embeddable":true,"href":"https:\/\/bon.uksw.edu.pl\/pl\/wp-json\/wp\/v2\/users\/1"}],"replies":[{"embeddable":true,"href":"https:\/\/bon.uksw.edu.pl\/pl\/wp-json\/wp\/v2\/comments?post=3987"}],"version-history":[{"count":1,"href":"https:\/\/bon.uksw.edu.pl\/pl\/wp-json\/wp\/v2\/pages\/3987\/revisions"}],"predecessor-version":[{"id":4011,"href":"https:\/\/bon.uksw.edu.pl\/pl\/wp-json\/wp\/v2\/pages\/3987\/revisions\/4011"}],"up":[{"embeddable":true,"href":"https:\/\/bon.uksw.edu.pl\/pl\/wp-json\/wp\/v2\/pages\/3980"}],"wp:attachment":[{"href":"https:\/\/bon.uksw.edu.pl\/pl\/wp-json\/wp\/v2\/media?parent=3987"}],"curies":[{"name":"wp","href":"https:\/\/api.w.org\/{rel}","templated":true}]}}