{"id":3994,"date":"2022-10-20T14:30:01","date_gmt":"2022-10-20T12:30:01","guid":{"rendered":"https:\/\/jednostki.uksw.edu.pl\/bon\/konferencje\/archiwum-konferencji-2021\/o-konferencji\/"},"modified":"2022-10-20T14:44:57","modified_gmt":"2022-10-20T12:44:57","slug":"o-konferencji","status":"publish","type":"page","link":"https:\/\/bon.uksw.edu.pl\/konferencje\/archiwum-konferencji-2021\/o-konferencji\/","title":{"rendered":"O konferencji"},"content":{"rendered":"\n<p>Strona internetowa Og\u00f3lnopolskiej Konferencji nt. niepe\u0142nosprawno\u015bci pt.&nbsp;<em>Rozw\u00f3j jako\u015bci \u017cycia os\u00f3b z niepe\u0142nosprawno\u015bci\u0105 w cyfrowej erze. Inkluzja czy ekskluzja?<\/em><\/p>\n\n\n\n<p>Celem organizowanej Konferencji jest spotkanie przedstawicieli r\u00f3\u017cnych dyscyplin naukowych zajmuj\u0105cych si\u0119 problematyk\u0105 niepe\u0142nosprawno\u015bci, rozwojem jako\u015bci \u017cycia w niepe\u0142nosprawno\u015bci, jak r\u00f3wnie\u017c nowymi technologiami w kontek\u015bcie stosowania ich przez osoby z niepe\u0142nosprawno\u015bci\u0105. Za\u0142o\u017ceniem konferencji w aspekcie teoretycznym jest umo\u017cliwienie interdyscyplinarnego spotkania, w trakcie kt\u00f3rego zostanie podj\u0119ta dyskusja nad proponowanymi obszarami tematycznymi. W aspekcie praktycznymi jej celem b\u0119dzie rozpoznanie trudno\u015bci i mo\u017cliwo\u015bci w zakresie wspierania os\u00f3b z niepe\u0142nosprawno\u015bci\u0105 w zakresie wsparcia technologicznego.<\/p>\n\n\n\n<p>Nale\u017cy podkre\u015bli\u0107, i\u017c zamierzeniem Konferencji jest wieloaspektowe i interdyscyplinarne spojrzenia na podejmowane zagadnienia w celu wypracowania wsp\u00f3lnego podej\u015bcia dla dalszych dzia\u0142a\u0144 teoretycznych i praktycznych.<\/p>\n\n\n\n<p>Zapraszamy do udzia\u0142u w Konferencji pedagog\u00f3w, pracownik\u00f3w socjalnych, socjolog\u00f3w, psycholog\u00f3w i przedstawicieli innych nauk zainteresowanych problematyk\u0105 konferencji. W dyskusji nad proponowanymi tematami zamierzamy odwo\u0142a\u0107 si\u0119 zar\u00f3wno do teorii, aktualnych wynik\u00f3w bada\u0144 naukowych jak r\u00f3wnie\u017c praktyki. Zamierzeniem Konferencji jest wypracowanie obszaru wsp\u00f3lnych dzia\u0142a\u0144 teoretycznych i praktycznych, kt\u00f3re znajd\u0105 zastosowanie w procesie wspierania os\u00f3b z niepe\u0142nosprawno\u015bci\u0105,<\/p>\n\n\n\n<p>Proponowane obszary tematyczne, kt\u00f3re zamierzamy podejmowa\u0107 w dyskusjach:<\/p>\n\n\n\n<ol class=\"wp-block-list\"><li>Wsp\u00f3\u0142czesne wyzwania wobec niepe\u0142nosprawno\u015bci<\/li><li>Czynniki wspieraj\u0105ce inkluzj\u0119 spo\u0142eczn\u0105 os\u00f3b z niepe\u0142nosprawno\u015bci\u0105<\/li><li>Ekskluzja spo\u0142eczna os\u00f3b z niepe\u0142nosprawno\u015bci\u0105 \u2013 uwarunkowania, przyczyny, przeciwdzia\u0142anie<\/li><li>Osoby z niepe\u0142nosprawno\u015bci\u0105 wobec nowych technologii<\/li><li>Bariery ograniczenia utrudniaj\u0105ce osobom z niepe\u0142nosprawno\u015bci\u0105 dost\u0119p do nowych technologii<\/li><li>Przeciwdzia\u0142anie wykluczeniu cyfrowemu<\/li><\/ol>\n\n\n\n<figure class=\"wp-block-embed is-type-video is-provider-youtube wp-block-embed-youtube wp-embed-aspect-16-9 wp-has-aspect-ratio\"><div class=\"wp-block-embed__wrapper\">\n<iframe loading=\"lazy\" title=\"Rozw\u00f3j jako\u015bci \u017cycia os\u00f3b z niepe\u0142nosprawno\u015bci\u0105 w cyfrowej erze. Inkluzja czy ekskluzja?\" width=\"640\" height=\"360\" src=\"https:\/\/www.youtube.com\/embed\/L_8qPBZ8u-I?feature=oembed\" frameborder=\"0\" allow=\"accelerometer; autoplay; clipboard-write; encrypted-media; gyroscope; picture-in-picture; web-share\" referrerpolicy=\"strict-origin-when-cross-origin\" allowfullscreen><\/iframe>\n<\/div><\/figure>\n","protected":false},"excerpt":{"rendered":"<p>Strona internetowa Og\u00f3lnopolskiej Konferencji nt. niepe\u0142nosprawno\u015bci pt.&nbsp;Rozw\u00f3j jako\u015bci \u017cycia os\u00f3b z niepe\u0142nosprawno\u015bci\u0105 w cyfrowej erze. Inkluzja czy ekskluzja? Celem organizowanej Konferencji jest spotkanie przedstawicieli r\u00f3\u017cnych dyscyplin naukowych zajmuj\u0105cych si\u0119 problematyk\u0105 niepe\u0142nosprawno\u015bci, rozwojem jako\u015bci \u017cycia w niepe\u0142nosprawno\u015bci, jak r\u00f3wnie\u017c nowymi technologiami w kontek\u015bcie stosowania ich przez osoby z niepe\u0142nosprawno\u015bci\u0105. Za\u0142o\u017ceniem konferencji w aspekcie teoretycznym jest umo\u017cliwienie [&hellip;]<\/p>\n","protected":false},"author":1,"featured_media":0,"parent":3993,"menu_order":20,"comment_status":"closed","ping_status":"closed","template":"page-templates\/template-sub-page.php","meta":{"_acf_changed":false,"inline_featured_image":false,"footnotes":"","_links_to":"","_links_to_target":""},"class_list":["post-3994","page","type-page","status-publish","hentry"],"acf":[],"_links":{"self":[{"href":"https:\/\/bon.uksw.edu.pl\/pl\/wp-json\/wp\/v2\/pages\/3994","targetHints":{"allow":["GET"]}}],"collection":[{"href":"https:\/\/bon.uksw.edu.pl\/pl\/wp-json\/wp\/v2\/pages"}],"about":[{"href":"https:\/\/bon.uksw.edu.pl\/pl\/wp-json\/wp\/v2\/types\/page"}],"author":[{"embeddable":true,"href":"https:\/\/bon.uksw.edu.pl\/pl\/wp-json\/wp\/v2\/users\/1"}],"replies":[{"embeddable":true,"href":"https:\/\/bon.uksw.edu.pl\/pl\/wp-json\/wp\/v2\/comments?post=3994"}],"version-history":[{"count":1,"href":"https:\/\/bon.uksw.edu.pl\/pl\/wp-json\/wp\/v2\/pages\/3994\/revisions"}],"predecessor-version":[{"id":4026,"href":"https:\/\/bon.uksw.edu.pl\/pl\/wp-json\/wp\/v2\/pages\/3994\/revisions\/4026"}],"up":[{"embeddable":true,"href":"https:\/\/bon.uksw.edu.pl\/pl\/wp-json\/wp\/v2\/pages\/3993"}],"wp:attachment":[{"href":"https:\/\/bon.uksw.edu.pl\/pl\/wp-json\/wp\/v2\/media?parent=3994"}],"curies":[{"name":"wp","href":"https:\/\/api.w.org\/{rel}","templated":true}]}}