{"id":3997,"date":"2022-10-20T14:30:03","date_gmt":"2022-10-20T12:30:03","guid":{"rendered":"https:\/\/jednostki.uksw.edu.pl\/bon\/konferencje\/archiwum-konferencji-2021\/komitet-naukowy\/"},"modified":"2022-10-20T14:46:17","modified_gmt":"2022-10-20T12:46:17","slug":"komitet-naukowy","status":"publish","type":"page","link":"https:\/\/bon.uksw.edu.pl\/konferencje\/archiwum-konferencji-2021\/komitet-naukowy\/","title":{"rendered":"Komitet naukowy"},"content":{"rendered":"\n<p><strong>prof. zw. dr hab. Bronis\u0142aw Sitek&nbsp;<\/strong>\u2013 SWPS Uniwersytet Humanistyczno-Spo\u0142eczny w Warszawie<\/p>\n\n\n\n<p><strong>prof.&nbsp;dr hab. Janusz Surzykiewicz&nbsp;<\/strong>\u2013&nbsp;Katholische&nbsp;Universit\u00e4t&nbsp;Eichst\u00e4tt-Ingolstadt<\/p>\n\n\n\n<p><strong>prof.&nbsp;dr hab. Manfred&nbsp;Cassens-&nbsp;<\/strong>Hochschule f\u00fcr&nbsp;Oekonomie&nbsp;&amp; Management, M\u00fcnchen<\/p>\n\n\n\n<p><strong>prof.&nbsp;dr hab.&nbsp;&nbsp;Kathrin Maier&nbsp;\u2013&nbsp;<\/strong>Katholische Stiftungsfachhochschule, M\u00fcnchen<\/p>\n\n\n\n<p><strong>prof. zw. dr hab. Krystyna&nbsp;Cha\u0142as&nbsp;<\/strong>\u2013 Katolicki Uniwersytet Lubelski Jana Paw\u0142a II w Lublinie<\/p>\n\n\n\n<p><strong>Ks. prof. zw. dr hab. Jaros\u0142aw Michalski-&nbsp;<\/strong>Uniwersytet Kardyna\u0142a Stefana Wyszy\u0144skiego<\/p>\n\n\n\n<p><strong>prof. zw. dr hab. Jadwiga Kuczy\u0144ska Kwapisz-&nbsp;&nbsp;<\/strong>Uniwersytet Kardyna\u0142a Stefana Wyszy\u0144skiego w Warszawie<\/p>\n\n\n\n<p><strong>prof. dr hab. Krystyna Ostrowska-&nbsp;&nbsp;<\/strong>Uniwersytet Warszawski<\/p>\n\n\n\n<p><strong>prof. zw. dr hab. Kazimierz&nbsp;Pospiszyl<\/strong><\/p>\n\n\n\n<p><strong>Ks. prof.&nbsp;zw&nbsp;dr hab. Mieczys\u0142aw Ozorowski-&nbsp;&nbsp;<\/strong>Uniwersytet Kardyna\u0142a Stefana Wyszy\u0144skiego<\/p>\n\n\n\n<p><strong>prof. ucz. dr hab. Anna Fidelus<\/strong>,&nbsp;&nbsp;Uniwersytet Kardyna\u0142a Stefana Wyszy\u0144skiego w Warszawie. Prorektor ds. studenckich i kszta\u0142cenia<\/p>\n\n\n\n<p><strong>prof. ucz. dr hab. Ma\u0142gorzata&nbsp;Such&nbsp;Pyrgiel,&nbsp;<\/strong>Wy\u017csza Szko\u0142a Gospodarki&nbsp;Euroregionalnej&nbsp;im.&nbsp;Alcide&nbsp;De Gasperi w J\u00f3zefowie. Prorektor ds. kszta\u0142cenia i ewaluacji nauki<\/p>\n\n\n\n<p><strong>ks. prof. ucz. dr hab. Stanis\u0142aw Chrobak-&nbsp;&nbsp;<\/strong>Dziekan Wydzia\u0142u Nauk Pedagogicznych Uniwersytetu Kardyna\u0142a Stefana Wyszy\u0144skiego w Warszawie<\/p>\n\n\n\n<p><strong>ks. prof. ucz. dr hab<\/strong>.&nbsp;<strong>Jan Niew\u0119g\u0142owski&nbsp;<\/strong>Uniwersytet Kardyna\u0142a Stefana Wyszy\u0144skiego w Warszawie<\/p>\n\n\n\n<p><strong>prof. ucz. dr hab. Jolanta \u0141odzi\u0144ska&nbsp;<\/strong>Uniwersytet Kardyna\u0142a Stefana Wyszy\u0144skiego w Warszawie<\/p>\n\n\n\n<p><strong>prof. ucz. dr hab. Agnieszka Regulska,&nbsp;<\/strong>Uniwersytet Kardyna\u0142a Stefana Wyszy\u0144skiego w Warszawie<\/p>\n\n\n\n<p><strong>prof. ucz. dr hab.&nbsp;&nbsp;Irena&nbsp;Pospiszyl,&nbsp;&nbsp;<\/strong>Akademia Pedagogiki Specjalnej im. Marii Grzegorzewskiej<\/p>\n\n\n\n<p><strong>prof. ucz. dr hab. Krzysztof Wojcieszek,&nbsp;<\/strong>Wy\u017csza Szko\u0142a Kryminologii i&nbsp;Penitencjarystyki&nbsp;w Warszawie<\/p>\n\n\n\n<p><strong>prof. ucz. dr hab. Gra\u017cyna Mi\u0142kowska<\/strong>, Uniwersytet Zielonog\u00f3rski<\/p>\n\n\n\n<p><strong>dr&nbsp;Ewa&nbsp;Kulawska&nbsp;<\/strong>ProdziekanWydzia\u0142u Nauk Pedagogicznych Uniwersytetu Kardyna\u0142a Stefana Wyszy\u0144skiego w Warszawie<\/p>\n\n\n\n<p><strong>dr&nbsp;Iwona Florek&nbsp;<\/strong>Prorektor ds. kontakt\u00f3w mi\u0119dzynarodowych, nauki i ewaluacji kszta\u0142cenia Wy\u017cszej Szko\u0142y Gospodarki&nbsp;Euroregionalnej&nbsp;im.&nbsp;Alcide&nbsp;De Gasperi w&nbsp;J\u00f3zefowie<\/p>\n\n\n\n<p><strong>dr&nbsp;Aleksandra&nbsp;Lukasek&nbsp;<\/strong>Wy\u017csza Szko\u0142a Gospodarki&nbsp;Euroregionalnej&nbsp;im.&nbsp;Alcide&nbsp;De Gasperi w&nbsp;J\u00f3zefowie<\/p>\n\n\n\n<p><strong>dr&nbsp;Konrad Wierzbicki&nbsp;<\/strong>Uniwersytet Kardyna\u0142a Stefana Wyszy\u0144skiego w&nbsp;Warszawie<\/p>\n\n\n\n<p><strong>dr Justyna Kurtyka-&nbsp;Cha\u0142as&nbsp;\u2013&nbsp;<\/strong>Uniwersytet Kardyna\u0142a Stefana Wyszy\u0144skiego w Warszawie<\/p>\n\n\n\n<p><strong>dr Maciej Ciechomski-&nbsp;<\/strong>Uniwersytet Kardyna\u0142a Stefana Wyszy\u0144skiego w Warszawie<\/p>\n\n\n\n<p><strong>dr Martyna Czarnecka-&nbsp;<\/strong>Uniwersytet Kardyna\u0142a Stefana Wyszy\u0144skiego w Warszawie<\/p>\n\n\n\n<p><strong>dr Marek Kulesza-&nbsp;<\/strong>Uniwersytet Kardyna\u0142a Stefana Wyszy\u0144skiego w Warszawie<\/p>\n","protected":false},"excerpt":{"rendered":"<p>prof. zw. dr hab. Bronis\u0142aw Sitek&nbsp;\u2013 SWPS Uniwersytet Humanistyczno-Spo\u0142eczny w Warszawie prof.&nbsp;dr hab. Janusz Surzykiewicz&nbsp;\u2013&nbsp;Katholische&nbsp;Universit\u00e4t&nbsp;Eichst\u00e4tt-Ingolstadt prof.&nbsp;dr hab. Manfred&nbsp;Cassens-&nbsp;Hochschule f\u00fcr&nbsp;Oekonomie&nbsp;&amp; Management, M\u00fcnchen prof.&nbsp;dr hab.&nbsp;&nbsp;Kathrin Maier&nbsp;\u2013&nbsp;Katholische Stiftungsfachhochschule, M\u00fcnchen prof. zw. dr hab. Krystyna&nbsp;Cha\u0142as&nbsp;\u2013 Katolicki Uniwersytet Lubelski Jana Paw\u0142a II w Lublinie Ks. prof. zw. dr hab. Jaros\u0142aw Michalski-&nbsp;Uniwersytet Kardyna\u0142a Stefana Wyszy\u0144skiego prof. zw. dr hab. Jadwiga Kuczy\u0144ska [&hellip;]<\/p>\n","protected":false},"author":1,"featured_media":0,"parent":3993,"menu_order":23,"comment_status":"closed","ping_status":"closed","template":"page-templates\/template-sub-page.php","meta":{"_acf_changed":false,"inline_featured_image":false,"footnotes":"","_links_to":"","_links_to_target":""},"class_list":["post-3997","page","type-page","status-publish","hentry"],"acf":[],"_links":{"self":[{"href":"https:\/\/bon.uksw.edu.pl\/pl\/wp-json\/wp\/v2\/pages\/3997","targetHints":{"allow":["GET"]}}],"collection":[{"href":"https:\/\/bon.uksw.edu.pl\/pl\/wp-json\/wp\/v2\/pages"}],"about":[{"href":"https:\/\/bon.uksw.edu.pl\/pl\/wp-json\/wp\/v2\/types\/page"}],"author":[{"embeddable":true,"href":"https:\/\/bon.uksw.edu.pl\/pl\/wp-json\/wp\/v2\/users\/1"}],"replies":[{"embeddable":true,"href":"https:\/\/bon.uksw.edu.pl\/pl\/wp-json\/wp\/v2\/comments?post=3997"}],"version-history":[{"count":1,"href":"https:\/\/bon.uksw.edu.pl\/pl\/wp-json\/wp\/v2\/pages\/3997\/revisions"}],"predecessor-version":[{"id":4030,"href":"https:\/\/bon.uksw.edu.pl\/pl\/wp-json\/wp\/v2\/pages\/3997\/revisions\/4030"}],"up":[{"embeddable":true,"href":"https:\/\/bon.uksw.edu.pl\/pl\/wp-json\/wp\/v2\/pages\/3993"}],"wp:attachment":[{"href":"https:\/\/bon.uksw.edu.pl\/pl\/wp-json\/wp\/v2\/media?parent=3997"}],"curies":[{"name":"wp","href":"https:\/\/api.w.org\/{rel}","templated":true}]}}