{"id":3999,"date":"2022-10-20T14:30:04","date_gmt":"2022-10-20T12:30:04","guid":{"rendered":"https:\/\/jednostki.uksw.edu.pl\/bon\/konferencje\/archiwum-konferencji-2021\/komitet-honorowy\/"},"modified":"2022-10-20T14:46:39","modified_gmt":"2022-10-20T12:46:39","slug":"komitet-honorowy","status":"publish","type":"page","link":"https:\/\/bon.uksw.edu.pl\/konferencje\/archiwum-konferencji-2021\/komitet-honorowy\/","title":{"rendered":"Komitet honorowy"},"content":{"rendered":"\n<p><strong>Ks. prof. dr hab. Ryszard Czekalski&nbsp;<\/strong>\u2013 Jego Magnificencja Rektor Uniwersytetu Kardyna\u0142a Stefana Wyszy\u0144skiego w Warszawie<\/p>\n\n\n\n<p><strong>prof. ucz.&nbsp;dr hab.&nbsp;&nbsp;Magdalena Sitek&nbsp;<\/strong>\u2013 Jej Magnificencja Rektor Wy\u017cszej Szko\u0142y Gospodarki&nbsp;Euroregionalnej&nbsp;im.&nbsp;Alcide&nbsp;De Gasperi w J\u00f3zefowie<\/p>\n\n\n\n<p><strong>dr Dariusz&nbsp;Grzybek&nbsp;<\/strong>-Jego&nbsp;Magnificencja Rektor&nbsp;Wy\u017cszej Szko\u0142y&nbsp;Uni-Terra w Poznaniu<\/p>\n\n\n\n<p><strong>lic Ewa Staruch<\/strong>&nbsp;\u2013 Przewodnicz\u0105ca&nbsp;Prezydium Forum Uniwersytet\u00f3w Polskich<\/p>\n\n\n\n<p><strong>Zuzanna Kilanowska&nbsp;<\/strong>\u2013 Przewodnicz\u0105ca Zarz\u0105du Samorz\u0105du Studenckiego UKSW<\/p>\n","protected":false},"excerpt":{"rendered":"<p>Ks. prof. dr hab. Ryszard Czekalski&nbsp;\u2013 Jego Magnificencja Rektor Uniwersytetu Kardyna\u0142a Stefana Wyszy\u0144skiego w Warszawie prof. ucz.&nbsp;dr hab.&nbsp;&nbsp;Magdalena Sitek&nbsp;\u2013 Jej Magnificencja Rektor Wy\u017cszej Szko\u0142y Gospodarki&nbsp;Euroregionalnej&nbsp;im.&nbsp;Alcide&nbsp;De Gasperi w J\u00f3zefowie dr Dariusz&nbsp;Grzybek&nbsp;-Jego&nbsp;Magnificencja Rektor&nbsp;Wy\u017cszej Szko\u0142y&nbsp;Uni-Terra w Poznaniu lic Ewa Staruch&nbsp;\u2013 Przewodnicz\u0105ca&nbsp;Prezydium Forum Uniwersytet\u00f3w Polskich Zuzanna Kilanowska&nbsp;\u2013 Przewodnicz\u0105ca Zarz\u0105du Samorz\u0105du Studenckiego UKSW<\/p>\n","protected":false},"author":1,"featured_media":0,"parent":3993,"menu_order":25,"comment_status":"closed","ping_status":"closed","template":"page-templates\/template-sub-page.php","meta":{"_acf_changed":false,"inline_featured_image":false,"footnotes":"","_links_to":"","_links_to_target":""},"class_list":["post-3999","page","type-page","status-publish","hentry"],"acf":[],"_links":{"self":[{"href":"https:\/\/bon.uksw.edu.pl\/pl\/wp-json\/wp\/v2\/pages\/3999","targetHints":{"allow":["GET"]}}],"collection":[{"href":"https:\/\/bon.uksw.edu.pl\/pl\/wp-json\/wp\/v2\/pages"}],"about":[{"href":"https:\/\/bon.uksw.edu.pl\/pl\/wp-json\/wp\/v2\/types\/page"}],"author":[{"embeddable":true,"href":"https:\/\/bon.uksw.edu.pl\/pl\/wp-json\/wp\/v2\/users\/1"}],"replies":[{"embeddable":true,"href":"https:\/\/bon.uksw.edu.pl\/pl\/wp-json\/wp\/v2\/comments?post=3999"}],"version-history":[{"count":1,"href":"https:\/\/bon.uksw.edu.pl\/pl\/wp-json\/wp\/v2\/pages\/3999\/revisions"}],"predecessor-version":[{"id":4032,"href":"https:\/\/bon.uksw.edu.pl\/pl\/wp-json\/wp\/v2\/pages\/3999\/revisions\/4032"}],"up":[{"embeddable":true,"href":"https:\/\/bon.uksw.edu.pl\/pl\/wp-json\/wp\/v2\/pages\/3993"}],"wp:attachment":[{"href":"https:\/\/bon.uksw.edu.pl\/pl\/wp-json\/wp\/v2\/media?parent=3999"}],"curies":[{"name":"wp","href":"https:\/\/api.w.org\/{rel}","templated":true}]}}