{"id":4000,"date":"2022-10-20T14:30:04","date_gmt":"2022-10-20T12:30:04","guid":{"rendered":"https:\/\/jednostki.uksw.edu.pl\/bon\/konferencje\/archiwum-konferencji-2021\/partnerzy\/"},"modified":"2022-10-20T14:46:53","modified_gmt":"2022-10-20T12:46:53","slug":"partnerzy","status":"publish","type":"page","link":"https:\/\/bon.uksw.edu.pl\/konferencje\/archiwum-konferencji-2021\/partnerzy\/","title":{"rendered":"Partnerzy"},"content":{"rendered":"\n<p>Katolicki Uniwersytet&nbsp;Eichst\u00e4tt-Ingolstadt<\/p>\n\n\n\n<p>Wy\u017csza Szko\u0142a Gospodarki&nbsp;Euroregionalnej&nbsp;w J\u00f3zefowie<\/p>\n\n\n\n<p>Wy\u017csza Szko\u0142a&nbsp;Uni- Terra w&nbsp;&nbsp;Poznaniu<\/p>\n\n\n\n<p>Instytut Pedagogiki Specjalnej,&nbsp;Zak\u0142ad Psychopedagogiki Resocjalizacyjnej Akademii Pedagogiki Specjalnej w Warszawie&nbsp;<\/p>\n\n\n\n<p>Forum Uniwersytet\u00f3w Polskich<\/p>\n\n\n\n<p>Samorz\u0105d Studencki UKSW&nbsp;&nbsp;<\/p>\n\n\n\n<p>Fundacja Emanio Arcus<\/p>\n","protected":false},"excerpt":{"rendered":"<p>Katolicki Uniwersytet&nbsp;Eichst\u00e4tt-Ingolstadt Wy\u017csza Szko\u0142a Gospodarki&nbsp;Euroregionalnej&nbsp;w J\u00f3zefowie Wy\u017csza Szko\u0142a&nbsp;Uni- Terra w&nbsp;&nbsp;Poznaniu Instytut Pedagogiki Specjalnej,&nbsp;Zak\u0142ad Psychopedagogiki Resocjalizacyjnej Akademii Pedagogiki Specjalnej w Warszawie&nbsp; Forum Uniwersytet\u00f3w Polskich Samorz\u0105d Studencki UKSW&nbsp;&nbsp; Fundacja Emanio Arcus<\/p>\n","protected":false},"author":1,"featured_media":0,"parent":3993,"menu_order":26,"comment_status":"closed","ping_status":"closed","template":"page-templates\/template-sub-page.php","meta":{"_acf_changed":false,"inline_featured_image":false,"footnotes":"","_links_to":"","_links_to_target":""},"class_list":["post-4000","page","type-page","status-publish","hentry"],"acf":[],"_links":{"self":[{"href":"https:\/\/bon.uksw.edu.pl\/pl\/wp-json\/wp\/v2\/pages\/4000","targetHints":{"allow":["GET"]}}],"collection":[{"href":"https:\/\/bon.uksw.edu.pl\/pl\/wp-json\/wp\/v2\/pages"}],"about":[{"href":"https:\/\/bon.uksw.edu.pl\/pl\/wp-json\/wp\/v2\/types\/page"}],"author":[{"embeddable":true,"href":"https:\/\/bon.uksw.edu.pl\/pl\/wp-json\/wp\/v2\/users\/1"}],"replies":[{"embeddable":true,"href":"https:\/\/bon.uksw.edu.pl\/pl\/wp-json\/wp\/v2\/comments?post=4000"}],"version-history":[{"count":1,"href":"https:\/\/bon.uksw.edu.pl\/pl\/wp-json\/wp\/v2\/pages\/4000\/revisions"}],"predecessor-version":[{"id":4033,"href":"https:\/\/bon.uksw.edu.pl\/pl\/wp-json\/wp\/v2\/pages\/4000\/revisions\/4033"}],"up":[{"embeddable":true,"href":"https:\/\/bon.uksw.edu.pl\/pl\/wp-json\/wp\/v2\/pages\/3993"}],"wp:attachment":[{"href":"https:\/\/bon.uksw.edu.pl\/pl\/wp-json\/wp\/v2\/media?parent=4000"}],"curies":[{"name":"wp","href":"https:\/\/api.w.org\/{rel}","templated":true}]}}