{"id":4001,"date":"2022-10-20T14:30:05","date_gmt":"2022-10-20T12:30:05","guid":{"rendered":"https:\/\/jednostki.uksw.edu.pl\/bon\/konferencje\/archiwum-konferencji-2021\/informacje\/"},"modified":"2022-10-20T14:47:38","modified_gmt":"2022-10-20T12:47:38","slug":"informacje","status":"publish","type":"page","link":"https:\/\/bon.uksw.edu.pl\/konferencje\/archiwum-konferencji-2021\/informacje\/","title":{"rendered":"Informacje"},"content":{"rendered":"\n<figure class=\"wp-block-embed is-type-video is-provider-youtube wp-block-embed-youtube wp-embed-aspect-16-9 wp-has-aspect-ratio\"><div class=\"wp-block-embed__wrapper\">\n<iframe loading=\"lazy\" title=\"Rozw\u00f3j jako\u015bci \u017cycia os\u00f3b z niepe\u0142nosprawno\u015bci\u0105 w cyfrowej erze. Inkluzja czy ekskluzja?\" width=\"640\" height=\"360\" src=\"https:\/\/www.youtube.com\/embed\/L_8qPBZ8u-I?feature=oembed\" frameborder=\"0\" allow=\"accelerometer; autoplay; clipboard-write; encrypted-media; gyroscope; picture-in-picture; web-share\" referrerpolicy=\"strict-origin-when-cross-origin\" allowfullscreen><\/iframe>\n<\/div><\/figure>\n\n\n\n<p><strong>Link do transmisji<\/strong>&nbsp;<strong>konferencji<\/strong>&nbsp;do skopiowania: https:\/\/youtu.be\/L_8qPBZ8u-I<\/p>\n\n\n\n<p><strong>Terminy<\/strong>:<\/p>\n\n\n\n<ul class=\"wp-block-list\"><li>zg\u0142oszenie uczestnictwa czynnego do&nbsp;<strong>8 listopada 2021<\/strong><\/li><li>zg\u0142oszenie uczestnictwa biernego do&nbsp;<strong>14 listopada 2021<\/strong><\/li><\/ul>\n\n\n\n<p><strong>W zwi\u0105zku z aktualn\u0105 sytuacj\u0105 epidemiczn\u0105 w Polsce i na \u015bwiecie Konferencja odb\u0119dzie si\u0119 formule hybrydowej. Oznacza to, \u017ce cz\u0119\u015b\u0107 uczestnik\u00f3w:<\/strong><\/p>\n\n\n\n<ul class=\"wp-block-list\"><li>we\u017amie&nbsp;czynny udzia\u0142 osobi\u015bcie w siedzibie UKSW (Uniwersytet Kardyna\u0142a Stefana Wyszy\u0144skiego, Aula Schumana w bud. 21, ul. W\u00f3ycickiego 1\/3, 01-938 Warszawa. Spotkanie odb\u0119dzie si\u0119 w pe\u0142nym re\u017cimie sanitarnym.<\/li><li>we\u017amie bierny udzia\u0142 jako Obserwator (transmisja obrad Konferencji za pomoc\u0105 kana\u0142u Uczelni na&nbsp;YouTube) \u2013 bez mo\u017cliwo\u015bci wyst\u0105pienia.<\/li><\/ul>\n","protected":false},"excerpt":{"rendered":"<p>Link do transmisji&nbsp;konferencji&nbsp;do skopiowania: https:\/\/youtu.be\/L_8qPBZ8u-I Terminy: zg\u0142oszenie uczestnictwa czynnego do&nbsp;8 listopada 2021 zg\u0142oszenie uczestnictwa biernego do&nbsp;14 listopada 2021 W zwi\u0105zku z aktualn\u0105 sytuacj\u0105 epidemiczn\u0105 w Polsce i na \u015bwiecie Konferencja odb\u0119dzie si\u0119 formule hybrydowej. Oznacza to, \u017ce cz\u0119\u015b\u0107 uczestnik\u00f3w: we\u017amie&nbsp;czynny udzia\u0142 osobi\u015bcie w siedzibie UKSW (Uniwersytet Kardyna\u0142a Stefana Wyszy\u0144skiego, Aula Schumana w bud. 21, ul. [&hellip;]<\/p>\n","protected":false},"author":1,"featured_media":0,"parent":3993,"menu_order":27,"comment_status":"closed","ping_status":"closed","template":"page-templates\/template-sub-page.php","meta":{"_acf_changed":false,"inline_featured_image":false,"footnotes":"","_links_to":"","_links_to_target":""},"class_list":["post-4001","page","type-page","status-publish","hentry"],"acf":[],"_links":{"self":[{"href":"https:\/\/bon.uksw.edu.pl\/pl\/wp-json\/wp\/v2\/pages\/4001","targetHints":{"allow":["GET"]}}],"collection":[{"href":"https:\/\/bon.uksw.edu.pl\/pl\/wp-json\/wp\/v2\/pages"}],"about":[{"href":"https:\/\/bon.uksw.edu.pl\/pl\/wp-json\/wp\/v2\/types\/page"}],"author":[{"embeddable":true,"href":"https:\/\/bon.uksw.edu.pl\/pl\/wp-json\/wp\/v2\/users\/1"}],"replies":[{"embeddable":true,"href":"https:\/\/bon.uksw.edu.pl\/pl\/wp-json\/wp\/v2\/comments?post=4001"}],"version-history":[{"count":1,"href":"https:\/\/bon.uksw.edu.pl\/pl\/wp-json\/wp\/v2\/pages\/4001\/revisions"}],"predecessor-version":[{"id":4034,"href":"https:\/\/bon.uksw.edu.pl\/pl\/wp-json\/wp\/v2\/pages\/4001\/revisions\/4034"}],"up":[{"embeddable":true,"href":"https:\/\/bon.uksw.edu.pl\/pl\/wp-json\/wp\/v2\/pages\/3993"}],"wp:attachment":[{"href":"https:\/\/bon.uksw.edu.pl\/pl\/wp-json\/wp\/v2\/media?parent=4001"}],"curies":[{"name":"wp","href":"https:\/\/api.w.org\/{rel}","templated":true}]}}