{"id":4575,"date":"2023-09-01T14:26:39","date_gmt":"2023-09-01T12:26:39","guid":{"rendered":"https:\/\/bon.uksw.edu.pl\/?page_id=4575"},"modified":"2024-03-07T10:41:50","modified_gmt":"2024-03-07T09:41:50","slug":"konferencja-2023","status":"publish","type":"page","link":"https:\/\/bon.uksw.edu.pl\/konferencje\/konferencja-2023\/","title":{"rendered":"Archiwum Konferencji 2023"},"content":{"rendered":"\r\n<div class=\"\">\r\n\r\n<div class=\"page_heading\"> <img decoding=\"async\" src=\"https:\/\/bon.uksw.edu.pl\/wp-content\/themes\/uksw\/images\/note-2_white.svg\" alt=\"\"> Wybierz interesuj\u0105cy Ci\u0119 dzia\u0142:<\/div>\r\n<div class=\"candidate_box_sec\">\r\n<div class=\"row\">\r\n\r\n    \r\n                                \r\n                            <div class=\"col-xl-4 col-lg-6 col-md-12 col-sm-12 project\">\r\n                                <a href=\"https:\/\/bon.uksw.edu.pl\/?post_type=page&#038;p=4594\" class=\"project_box\">\r\n                                    <div class=\"candidate_box project_box\">\r\n                                        <div class=\"candidate_box_title\">Formularz<\/div>\r\n                                                                                <div class=\"candidate_box_sub_title\">rejestracyjny<\/div>\r\n                                                                                <img decoding=\"async\" src=\"https:\/\/bon.uksw.edu.pl\/wp-content\/themes\/uksw\/images\/arrow_more1.svg\" alt=\"\">  \r\n                                    <\/div>\r\n                                <\/a>\r\n                            <\/div>\r\n                      \r\n                        \r\n                            \r\n                                \r\n                            <div class=\"col-xl-4 col-lg-6 col-md-12 col-sm-12 project\">\r\n                                <a href=\"https:\/\/bon.uksw.edu.pl\/?post_type=page&#038;p=4599\" class=\"project_box\">\r\n                                    <div class=\"candidate_box project_box\">\r\n                                        <div class=\"candidate_box_title\">Program<\/div>\r\n                                                                                <img decoding=\"async\" src=\"https:\/\/bon.uksw.edu.pl\/wp-content\/themes\/uksw\/images\/arrow_more1.svg\" alt=\"\">  \r\n                                    <\/div>\r\n                                <\/a>\r\n                            <\/div>\r\n                      \r\n                        \r\n                            \r\n                                \r\n                            <div class=\"col-xl-4 col-lg-6 col-md-12 col-sm-12 project\">\r\n                                <a href=\"https:\/\/bon.uksw.edu.pl\/?post_type=page&#038;p=4601\" class=\"project_box\">\r\n                                    <div class=\"candidate_box project_box\">\r\n                                        <div class=\"candidate_box_title\">Prelegenci<\/div>\r\n                                                                                <img decoding=\"async\" src=\"https:\/\/bon.uksw.edu.pl\/wp-content\/themes\/uksw\/images\/arrow_more1.svg\" alt=\"\">  \r\n                                    <\/div>\r\n                                <\/a>\r\n                            <\/div>\r\n                      \r\n                        \r\n                            \r\n                                \r\n                            <div class=\"col-xl-4 col-lg-6 col-md-12 col-sm-12 project\">\r\n                                <a href=\"https:\/\/bon.uksw.edu.pl\/?post_type=page&#038;p=4588\" class=\"project_box\">\r\n                                    <div class=\"candidate_box project_box\">\r\n                                        <div class=\"candidate_box_title\">Komitet<\/div>\r\n                                                                                <div class=\"candidate_box_sub_title\">organizacyjny<\/div>\r\n                                                                                <img decoding=\"async\" src=\"https:\/\/bon.uksw.edu.pl\/wp-content\/themes\/uksw\/images\/arrow_more1.svg\" alt=\"\">  \r\n                                    <\/div>\r\n                                <\/a>\r\n                            <\/div>\r\n                      \r\n                        \r\n                            \r\n                                \r\n                            <div class=\"col-xl-4 col-lg-6 col-md-12 col-sm-12 project\">\r\n                                <a href=\"https:\/\/bon.uksw.edu.pl\/?post_type=page&#038;p=4590\" class=\"project_box\">\r\n                                    <div class=\"candidate_box project_box\">\r\n                                        <div class=\"candidate_box_title\">Komitet<\/div>\r\n                                                                                <div class=\"candidate_box_sub_title\">honorowy<\/div>\r\n                                                                                <img decoding=\"async\" src=\"https:\/\/bon.uksw.edu.pl\/wp-content\/themes\/uksw\/images\/arrow_more1.svg\" alt=\"\">  \r\n                                    <\/div>\r\n                                <\/a>\r\n                            <\/div>\r\n                      \r\n                        \r\n                            \r\n                                \r\n                            <div class=\"col-xl-4 col-lg-6 col-md-12 col-sm-12 project\">\r\n                                <a href=\"https:\/\/bon.uksw.edu.pl\/?post_type=page&#038;p=4592\" class=\"project_box\">\r\n                                    <div class=\"candidate_box project_box\">\r\n                                        <div class=\"candidate_box_title\">Partnerzy<\/div>\r\n                                                                                <img decoding=\"async\" src=\"https:\/\/bon.uksw.edu.pl\/wp-content\/themes\/uksw\/images\/arrow_more1.svg\" alt=\"\">  \r\n                                    <\/div>\r\n                                <\/a>\r\n                            <\/div>\r\n                      \r\n                        \r\n                            \r\n                                \r\n                            <div class=\"col-xl-4 col-lg-6 col-md-12 col-sm-12 project\">\r\n                                <a href=\"https:\/\/bon.uksw.edu.pl\/?post_type=page&#038;p=4606\" class=\"project_box\">\r\n                                    <div class=\"candidate_box project_box\">\r\n                                        <div class=\"candidate_box_title\">Kontakt<\/div>\r\n                                                                                <img decoding=\"async\" src=\"https:\/\/bon.uksw.edu.pl\/wp-content\/themes\/uksw\/images\/arrow_more1.svg\" alt=\"\">  \r\n                                    <\/div>\r\n                                <\/a>\r\n                            <\/div>\r\n                      \r\n                        \r\n                            \r\n                                \r\n                            <div class=\"col-xl-4 col-lg-6 col-md-12 col-sm-12 project\">\r\n                                <a href=\"https:\/\/bon.uksw.edu.pl\/?post_type=page&#038;p=4596\" class=\"project_box\">\r\n                                    <div class=\"candidate_box project_box\">\r\n                                        <div class=\"candidate_box_title\">Informacje<\/div>\r\n                                                                                <img decoding=\"async\" src=\"https:\/\/bon.uksw.edu.pl\/wp-content\/themes\/uksw\/images\/arrow_more1.svg\" alt=\"\">  \r\n                                    <\/div>\r\n                                <\/a>\r\n                            <\/div>\r\n                      \r\n                        \r\n                            <\/div>\r\n<\/div>\r\n\r\n<\/div>\n\n\n<p>Szanowni Pa\u0144stwo,<\/p>\n\n\n\n<p>z ogromn\u0105 rado\u015bci\u0105 pragniemy zaprosi\u0107 Pa\u0144stwa do udzia\u0142u w bezp\u0142atnej Og\u00f3lnopolskiej Konferencji Naukowej: <em><strong>\u201eNiepe\u0142nosprawno\u015b\u0107 \u2013 zadanie czy wyzwanie we wsp\u00f3\u0142czesnym \u015bwiecie?\u201d<\/strong><\/em>.<\/p>\n\n\n\n<p>Kt\u00f3ra odb\u0119dzie si\u0119 <strong>20 listopada 2023 roku<\/strong>. Jest to wyj\u0105tkowe wydarzenie, kt\u00f3re skupia si\u0119 na interdyscyplinarnej problematyce zwi\u0105zanej z niepe\u0142nosprawno\u015bci\u0105, ze szczeg\u00f3lnym uwzgl\u0119dnieniem aktualnych problem\u00f3w i wyzwa\u0144 w tym obszarze.<\/p>\n\n\n\n<p>Celem naszej konferencji jest spotkanie przedstawicieli r\u00f3\u017cnych dziedzin nauki, kt\u00f3rzy zajmuj\u0105 si\u0119 tematyk\u0105 niepe\u0142nosprawno\u015bci. Chcemy stworzy\u0107 przestrze\u0144 dla interdyscyplinarnej dyskusji na temat wyzwa\u0144 i zada\u0144 zwi\u0105zanych z t\u0105 problematyk\u0105. Jednocze\u015bnie skupimy si\u0119 na poszukiwaniu nowych form pomocy dla os\u00f3b do\u015bwiadczaj\u0105cych niepe\u0142nosprawno\u015bci.<\/p>\n\n\n\n<p>Warto zaznaczy\u0107, \u017ce Konferencja ma na celu spojrzenie na temat z r\u00f3\u017cnych perspektyw, \u0142\u0105cz\u0105c teori\u0119 z praktyk\u0105. Chcemy wypracowa\u0107 wsp\u00f3lne podej\u015bcie do dalszych dzia\u0142a\u0144 zar\u00f3wno w sferze teoretycznej, jak i praktycznej.<\/p>\n\n\n\n<p>Zapraszamy do udzia\u0142u w Konferencji socjolog\u00f3w, pracownik\u00f3w socjalnych, psycholog\u00f3w, pedagog\u00f3w oraz wszystkich innych naukowc\u00f3w zainteresowanych problematyk\u0105 niepe\u0142nosprawno\u015bci. Pa\u0144stwa wiedza i do\u015bwiadczenie s\u0105 niezwykle cenne dla naszego spotkania.<\/p>\n\n\n\n<p><strong>Proponowane obszary tematyczne, kt\u00f3re zamierzamy podj\u0105\u0107 w dyskusji:<\/strong><\/p>\n\n\n\n<p>Spo\u0142eczne i kulturowe aspekty niepe\u0142nosprawno\u015bci.<\/p>\n\n\n\n<p>Psychologiczne i emocjonalne wyzwania os\u00f3b z niepe\u0142nosprawno\u015bciami.<\/p>\n\n\n\n<p>Edukacja i wsparcie dla os\u00f3b niepe\u0142nosprawnych w r\u00f3\u017cnych kontekstach.<\/p>\n\n\n\n<p>Nowoczesne technologie i innowacje w obszarze niepe\u0142nosprawno\u015bci.<\/p>\n\n\n\n<p>Prawa i polityka spo\u0142eczna dotycz\u0105ce os\u00f3b niepe\u0142nosprawnych.<\/p>\n\n\n\n<p>Perspektywa os\u00f3b z niepe\u0142nosprawno\u015bciami i ich do\u015bwiadczenia.<\/p>\n\n\n\n<p>Badania i analiza danych dotycz\u0105cych niepe\u0142nosprawno\u015bci.<\/p>\n\n\n\n<p>Czekamy na Pa\u0144stwa cenne wnioski i prezentacje, kt\u00f3re pozwol\u0105 nam na rozwini\u0119cie dyskusji na temat niepe\u0142nosprawno\u015bci we wsp\u00f3\u0142czesnym \u015bwiecie.<\/p>\n\n\n\n<h2 class=\"wp-block-heading\">Formularz rejestracyjny:<\/h2>\n\n\n\n<p><a href=\"https:\/\/docs.google.com\/forms\/d\/1pg_VS6mIve75ypVvojKKFGO8c8L0JDyIQEZeW2UnQJI\">https:\/\/docs.google.com\/forms\/d\/1pg_VS6mIve75ypVvojKKFGO8c8L0JDyIQEZeW2UnQJI<\/a><\/p>\n\n\n\n<h2 class=\"wp-block-heading\">Informacje:<\/h2>\n\n\n\n<p>Zg\u0142oszenie uczestnictwa czynnego <strong>do 15 pa\u017adziernika 2023 roku<\/strong>.<\/p>\n\n\n\n<p>Zg\u0142oszenie uczestnictwa biernego <strong>do<\/strong> <strong>30 pa\u017adziernika 2023 roku.<\/strong><\/p>\n\n\n\n<p>Konferencja odb\u0119dzie si\u0119 formule hybrydowej. Oznacza to, \u017ce cz\u0119\u015b\u0107 uczestnik\u00f3w:<\/p>\n\n\n\n<p>we\u017amie <strong>czynny udzia\u0142 osobi\u015bcie w siedzibie UKSW<\/strong> (Uniwersytet Kardyna\u0142a Stefana Wyszy\u0144skiego, Aula Schumana w bud. 21, ul. W\u00f3ycickiego 1\/3, 01-938 Warszawa.<\/p>\n\n\n\n<p>we\u017amie <strong>bierny udzia\u0142 jako Obserwator<\/strong> (transmisja obrad Konferencji za pomoc\u0105 kana\u0142u Uczelni na YouTube) \u2013 bez mo\u017cliwo\u015bci wyst\u0105pienia.<\/p>\n\n\n\n<h2 class=\"wp-block-heading\">Komitet organizacyjny:<\/h2>\n\n\n\n<p><strong>dr hab. Anna Fidelus, prof. ucz. , mgr Micha\u0142 Sta\u0144czuk<\/strong><\/p>\n\n\n\n<p>ks. dr hab. Jan Niew\u0119g\u0142owski, prof. ucz.<\/p>\n\n\n\n<p>dr hab. Irena Pospiszyl, prof. ucz.<\/p>\n\n\n\n<p>ks. dr hab. Janusz Surzykiewicz, prof. ucz.<\/p>\n\n\n\n<p>dr Grzegorz Kudlak<\/p>\n\n\n\n<p>dr Justyna Kurtyka-Cha\u0142as<\/p>\n\n\n\n<p>dr Marek Kulesza<\/p>\n\n\n\n<p>dr Aleksandra Lukasek<\/p>\n\n\n\n<p>dr Marcin Zarzecki<\/p>\n\n\n\n<p><strong>Serdecznie zapraszamy do wzi\u0119cia udzia\u0142u w naszej konferencji. Liczymy na owocne spotkanie, wymian\u0119 wiedzy i inspiruj\u0105ce dyskusje<\/strong>.<\/p>\n","protected":false},"excerpt":{"rendered":"<p>Szanowni Pa\u0144stwo, z ogromn\u0105 rado\u015bci\u0105 pragniemy zaprosi\u0107 Pa\u0144stwa do udzia\u0142u w bezp\u0142atnej Og\u00f3lnopolskiej Konferencji Naukowej: \u201eNiepe\u0142nosprawno\u015b\u0107 \u2013 zadanie czy wyzwanie we wsp\u00f3\u0142czesnym \u015bwiecie?\u201d. Kt\u00f3ra odb\u0119dzie si\u0119 20 listopada 2023 roku. Jest to wyj\u0105tkowe wydarzenie, kt\u00f3re skupia si\u0119 na interdyscyplinarnej problematyce zwi\u0105zanej z niepe\u0142nosprawno\u015bci\u0105, ze szczeg\u00f3lnym uwzgl\u0119dnieniem aktualnych problem\u00f3w i wyzwa\u0144 w tym obszarze. Celem naszej [&hellip;]<\/p>\n","protected":false},"author":190,"featured_media":4376,"parent":3712,"menu_order":1,"comment_status":"closed","ping_status":"closed","template":"page-templates\/template-sub-page.php","meta":{"_acf_changed":false,"inline_featured_image":false,"footnotes":"","_links_to":"","_links_to_target":""},"class_list":["post-4575","page","type-page","status-publish","has-post-thumbnail","hentry"],"acf":[],"_links":{"self":[{"href":"https:\/\/bon.uksw.edu.pl\/pl\/wp-json\/wp\/v2\/pages\/4575","targetHints":{"allow":["GET"]}}],"collection":[{"href":"https:\/\/bon.uksw.edu.pl\/pl\/wp-json\/wp\/v2\/pages"}],"about":[{"href":"https:\/\/bon.uksw.edu.pl\/pl\/wp-json\/wp\/v2\/types\/page"}],"author":[{"embeddable":true,"href":"https:\/\/bon.uksw.edu.pl\/pl\/wp-json\/wp\/v2\/users\/190"}],"replies":[{"embeddable":true,"href":"https:\/\/bon.uksw.edu.pl\/pl\/wp-json\/wp\/v2\/comments?post=4575"}],"version-history":[{"count":9,"href":"https:\/\/bon.uksw.edu.pl\/pl\/wp-json\/wp\/v2\/pages\/4575\/revisions"}],"predecessor-version":[{"id":5062,"href":"https:\/\/bon.uksw.edu.pl\/pl\/wp-json\/wp\/v2\/pages\/4575\/revisions\/5062"}],"up":[{"embeddable":true,"href":"https:\/\/bon.uksw.edu.pl\/pl\/wp-json\/wp\/v2\/pages\/3712"}],"wp:featuredmedia":[{"embeddable":true,"href":"https:\/\/bon.uksw.edu.pl\/pl\/wp-json\/wp\/v2\/media\/4376"}],"wp:attachment":[{"href":"https:\/\/bon.uksw.edu.pl\/pl\/wp-json\/wp\/v2\/media?parent=4575"}],"curies":[{"name":"wp","href":"https:\/\/api.w.org\/{rel}","templated":true}]}}