{"id":4596,"date":"2023-09-01T14:39:50","date_gmt":"2023-09-01T12:39:50","guid":{"rendered":"https:\/\/bon.uksw.edu.pl\/?page_id=4596"},"modified":"2023-09-05T12:26:02","modified_gmt":"2023-09-05T10:26:02","slug":"informacje","status":"publish","type":"page","link":"https:\/\/bon.uksw.edu.pl\/konferencje\/konferencja-2023\/informacje\/","title":{"rendered":"Informacje"},"content":{"rendered":"\n<p>Zg\u0142oszenie uczestnictwa czynnego <strong>do 15 pa\u017adziernika&nbsp; 2023 roku<\/strong>.<\/p>\n\n\n\n<p>Zg\u0142oszenie uczestnictwa biernego do <strong>30 pa\u017adziernika&nbsp; 2023 roku.<\/strong><\/p>\n\n\n\n<p>Konferencja odb\u0119dzie si\u0119 formule hybrydowej. Oznacza to, \u017ce cz\u0119\u015b\u0107 uczestnik\u00f3w:<\/p>\n\n\n\n<ul class=\"wp-block-list\">\n<li>we\u017amie <strong>czynny udzia\u0142 osobi\u015bcie w siedzibie UKSW<\/strong> (Uniwersytet Kardyna\u0142a Stefana Wyszy\u0144skiego, Aula Schumana w bud. 21, ul. W\u00f3ycickiego 1\/3, 01-938 Warszawa.<\/li>\n<\/ul>\n\n\n\n<ul class=\"wp-block-list\">\n<li>we\u017amie <strong>bierny udzia\u0142 jako Obserwator<\/strong> (transmisja obrad Konferencji za pomoc\u0105 kana\u0142u Uczelni na YouTube) \u2013 bez mo\u017cliwo\u015bci wyst\u0105pienia.<\/li>\n<\/ul>\n\n\n\n<p><strong>Udzia\u0142 w konferencji jest bezp\u0142atny.<\/strong><\/p>\n","protected":false},"excerpt":{"rendered":"<p>Zg\u0142oszenie uczestnictwa czynnego do 15 pa\u017adziernika&nbsp; 2023 roku. Zg\u0142oszenie uczestnictwa biernego do 30 pa\u017adziernika&nbsp; 2023 roku. Konferencja odb\u0119dzie si\u0119 formule hybrydowej. Oznacza to, \u017ce cz\u0119\u015b\u0107 uczestnik\u00f3w: Udzia\u0142 w konferencji jest bezp\u0142atny.<\/p>\n","protected":false},"author":190,"featured_media":0,"parent":4575,"menu_order":16,"comment_status":"closed","ping_status":"closed","template":"page-templates\/template-sub-page.php","meta":{"_acf_changed":false,"inline_featured_image":false,"footnotes":"","_links_to":"","_links_to_target":""},"class_list":["post-4596","page","type-page","status-publish","hentry"],"acf":[],"_links":{"self":[{"href":"https:\/\/bon.uksw.edu.pl\/pl\/wp-json\/wp\/v2\/pages\/4596","targetHints":{"allow":["GET"]}}],"collection":[{"href":"https:\/\/bon.uksw.edu.pl\/pl\/wp-json\/wp\/v2\/pages"}],"about":[{"href":"https:\/\/bon.uksw.edu.pl\/pl\/wp-json\/wp\/v2\/types\/page"}],"author":[{"embeddable":true,"href":"https:\/\/bon.uksw.edu.pl\/pl\/wp-json\/wp\/v2\/users\/190"}],"replies":[{"embeddable":true,"href":"https:\/\/bon.uksw.edu.pl\/pl\/wp-json\/wp\/v2\/comments?post=4596"}],"version-history":[{"count":1,"href":"https:\/\/bon.uksw.edu.pl\/pl\/wp-json\/wp\/v2\/pages\/4596\/revisions"}],"predecessor-version":[{"id":4597,"href":"https:\/\/bon.uksw.edu.pl\/pl\/wp-json\/wp\/v2\/pages\/4596\/revisions\/4597"}],"up":[{"embeddable":true,"href":"https:\/\/bon.uksw.edu.pl\/pl\/wp-json\/wp\/v2\/pages\/4575"}],"wp:attachment":[{"href":"https:\/\/bon.uksw.edu.pl\/pl\/wp-json\/wp\/v2\/media?parent=4596"}],"curies":[{"name":"wp","href":"https:\/\/api.w.org\/{rel}","templated":true}]}}