{"id":4814,"date":"2023-10-30T11:24:20","date_gmt":"2023-10-30T10:24:20","guid":{"rendered":"https:\/\/bon.uksw.edu.pl\/?page_id=4814"},"modified":"2024-01-30T08:56:06","modified_gmt":"2024-01-30T07:56:06","slug":"wypozyczenie-sprzetu-it-do-nauki-zdalnej","status":"publish","type":"page","link":"https:\/\/bon.uksw.edu.pl\/dla-studentow\/wypozyczenie-sprzetu-it-do-nauki-zdalnej\/","title":{"rendered":"Wypo\u017cyczenie sprz\u0119tu IT do nauki zdalnej"},"content":{"rendered":"\n<h2 class=\"wp-block-heading\"><\/h2>\n\n\n\n<p>Uniwersytet wychodz\u0105c na przeciw potrzebom os\u00f3b z niepe\u0142nosprawno\u015bciami, kt\u00f3re nie dysponuj\u0105 sprz\u0119tem komputerowym potrzebnym do wsparcia nauki w UKSW, zw\u0142aszcza w trybie zdalnym, uruchomi\u0142 \u015bcie\u017ck\u0119 jego udost\u0119pniania. Studenci zarejestrowani w BON mog\u0105 korzysta\u0107 z zaplecza informatycznego UKSW, sk\u0142adaj\u0105c stosowny wniosek w Biurze ds. Os\u00f3b z Niepe\u0142nosprawno\u015bci\u0105. Po weryfikacji i spe\u0142nieniu warunk\u00f3w, sprz\u0119t komputerowy z oprogramowaniem u\u017cyczany jest na okres semestru lub roku akademickiego. Szczeg\u00f3\u0142owe informacje dotycz\u0105ce zasad wypo\u017cyczania sprz\u0119tu komputerowego na UKSW zawarte s\u0105 w <a href=\"https:\/\/bon.uksw.edu.pl\/wp-content\/uploads\/sites\/16\/2023\/10\/Regulamin-wypozyczania-sprzetu.pdf\"><strong>Regulaminie<\/strong><\/a>.<strong> <\/strong><\/p>\n\n\n\n<p><\/p>\n\n\n\n<h3 class=\"wp-block-heading\">Dokumenty wymagane do z\u0142o\u017cenia w BON w celu wypo\u017cyczenia sprz\u0119tu IT<\/h3>\n\n\n\n<ul class=\"wp-block-list\">\n<li><a href=\"https:\/\/bon.uksw.edu.pl\/wp-content\/uploads\/sites\/16\/2023\/10\/Wniosek-o-wypozyczenie-sprzetu.pdf\"><strong>Wniosek<\/strong><\/a> o u\u017cyczenie sprz\u0119tu komputerowego dla os\u00f3b z niepe\u0142nosprawno\u015bci\u0105 wraz z klauzul\u0105 informacyjn\u0105 RODO<\/li>\n\n\n\n<li><a href=\"https:\/\/bon.uksw.edu.pl\/wp-content\/uploads\/sites\/16\/2023\/10\/Umowa_uzyczenia_sprzetu.pdf\"><strong>Umowa<\/strong><\/a> u\u017cyczenia<\/li>\n\n\n\n<li><a href=\"https:\/\/bon.uksw.edu.pl\/wp-content\/uploads\/sites\/16\/2023\/10\/Protokol.pdf\"><strong>Protok\u00f3\u0142<\/strong> <\/a>Wydania\/Zwrotu<\/li>\n\n\n\n<li><strong><a href=\"https:\/\/bon.uksw.edu.pl\/wp-content\/uploads\/sites\/16\/2023\/10\/Instrukcja_uzytkowania.pdf\">Instrukcja<\/a><\/strong> sposobu u\u017cytkowania sprz\u0119tu komputerowego<\/li>\n<\/ul>\n\n\n\n<p><\/p>\n\n\n\n<p><\/p>\n","protected":false},"excerpt":{"rendered":"<p>Uniwersytet wychodz\u0105c na przeciw potrzebom os\u00f3b z niepe\u0142nosprawno\u015bciami, kt\u00f3re nie dysponuj\u0105 sprz\u0119tem komputerowym potrzebnym do wsparcia nauki w UKSW, zw\u0142aszcza w trybie zdalnym, uruchomi\u0142 \u015bcie\u017ck\u0119 jego udost\u0119pniania. Studenci zarejestrowani w BON mog\u0105 korzysta\u0107 z zaplecza informatycznego UKSW, sk\u0142adaj\u0105c stosowny wniosek w Biurze ds. Os\u00f3b z Niepe\u0142nosprawno\u015bci\u0105. Po weryfikacji i spe\u0142nieniu warunk\u00f3w, sprz\u0119t komputerowy z oprogramowaniem [&hellip;]<\/p>\n","protected":false},"author":190,"featured_media":4211,"parent":3361,"menu_order":9,"comment_status":"closed","ping_status":"closed","template":"page-templates\/template-sub-page.php","meta":{"_acf_changed":false,"inline_featured_image":false,"footnotes":"","_links_to":"","_links_to_target":""},"class_list":["post-4814","page","type-page","status-publish","has-post-thumbnail","hentry"],"acf":[],"_links":{"self":[{"href":"https:\/\/bon.uksw.edu.pl\/pl\/wp-json\/wp\/v2\/pages\/4814","targetHints":{"allow":["GET"]}}],"collection":[{"href":"https:\/\/bon.uksw.edu.pl\/pl\/wp-json\/wp\/v2\/pages"}],"about":[{"href":"https:\/\/bon.uksw.edu.pl\/pl\/wp-json\/wp\/v2\/types\/page"}],"author":[{"embeddable":true,"href":"https:\/\/bon.uksw.edu.pl\/pl\/wp-json\/wp\/v2\/users\/190"}],"replies":[{"embeddable":true,"href":"https:\/\/bon.uksw.edu.pl\/pl\/wp-json\/wp\/v2\/comments?post=4814"}],"version-history":[{"count":4,"href":"https:\/\/bon.uksw.edu.pl\/pl\/wp-json\/wp\/v2\/pages\/4814\/revisions"}],"predecessor-version":[{"id":4821,"href":"https:\/\/bon.uksw.edu.pl\/pl\/wp-json\/wp\/v2\/pages\/4814\/revisions\/4821"}],"up":[{"embeddable":true,"href":"https:\/\/bon.uksw.edu.pl\/pl\/wp-json\/wp\/v2\/pages\/3361"}],"wp:featuredmedia":[{"embeddable":true,"href":"https:\/\/bon.uksw.edu.pl\/pl\/wp-json\/wp\/v2\/media\/4211"}],"wp:attachment":[{"href":"https:\/\/bon.uksw.edu.pl\/pl\/wp-json\/wp\/v2\/media?parent=4814"}],"curies":[{"name":"wp","href":"https:\/\/api.w.org\/{rel}","templated":true}]}}