{"id":4898,"date":"2023-11-16T14:55:02","date_gmt":"2023-11-16T13:55:02","guid":{"rendered":"https:\/\/bon.uksw.edu.pl\/?page_id=4898"},"modified":"2024-01-30T08:55:16","modified_gmt":"2024-01-30T07:55:16","slug":"praca-i-kariera","status":"publish","type":"page","link":"https:\/\/bon.uksw.edu.pl\/dla-studentow\/praca-i-kariera\/","title":{"rendered":"Praca i kariera"},"content":{"rendered":"\n<h2 class=\"wp-block-heading\"><\/h2>\n\n\n\n<p>Misj\u0105 BON UKSW jest w&nbsp;du\u017cej mierze propagowanie i&nbsp;przedstawianie korzy\u015bci p\u0142yn\u0105cych z&nbsp;aktywizacji zawodowej student\u00f3w z&nbsp;niepe\u0142nosprawno\u015bciami. Wychodz\u0105c naprzeciw wymaga\u0144 rynku oraz&nbsp;potrzeb student\u00f3w zarejestrowanych w&nbsp;BON UKSW, staramy si\u0119 mie\u0107 szerok\u0105, dedykowan\u0105 ofert\u0119 pracy, praktyk, sta\u017cy oraz&nbsp;wolontariatu.<\/p>\n\n\n\n<p>Zapraszamy Instytucje oraz&nbsp;firmy prywatne do&nbsp;przesy\u0142ania informacji dotycz\u0105cych zatrudnienia student\u00f3w z&nbsp;niepe\u0142nosprawno\u015bciami na&nbsp;adres e-mail: bon@uksw.edu.pl lub bezpo\u015brednio do&nbsp;Koordynatora BON UKSW \u2013 m.stanczuk@uksw.edu.pl<\/p>\n\n\n\n<ul class=\"wp-block-list\">\n<li><strong><a href=\"https:\/\/werbeo.pl\/\" target=\"_blank\" rel=\"noreferrer noopener\">WERBEO<\/a><\/strong><\/li>\n\n\n\n<li><a href=\"https:\/\/aktywizacja.org.pl\/strefa-kandydata\/baza-ofert-pracy\/\" target=\"_blank\" rel=\"noreferrer noopener\"><strong>Fundacja Aktywizacja<\/strong><\/a><\/li>\n\n\n\n<li><a href=\"https:\/\/www.feelcomfort.pl\/dla-kandydata\/\" target=\"_blank\" rel=\"noreferrer noopener\"><strong>Feel Comfort<\/strong><\/a><\/li>\n<\/ul>\n\n\n\n<p><\/p>\n","protected":false},"excerpt":{"rendered":"<p>Misj\u0105 BON UKSW jest w&nbsp;du\u017cej mierze propagowanie i&nbsp;przedstawianie korzy\u015bci p\u0142yn\u0105cych z&nbsp;aktywizacji zawodowej student\u00f3w z&nbsp;niepe\u0142nosprawno\u015bciami. Wychodz\u0105c naprzeciw wymaga\u0144 rynku oraz&nbsp;potrzeb student\u00f3w zarejestrowanych w&nbsp;BON UKSW, staramy si\u0119 mie\u0107 szerok\u0105, dedykowan\u0105 ofert\u0119 pracy, praktyk, sta\u017cy oraz&nbsp;wolontariatu. Zapraszamy Instytucje oraz&nbsp;firmy prywatne do&nbsp;przesy\u0142ania informacji dotycz\u0105cych zatrudnienia student\u00f3w z&nbsp;niepe\u0142nosprawno\u015bciami na&nbsp;adres e-mail: bon@uksw.edu.pl lub bezpo\u015brednio do&nbsp;Koordynatora BON UKSW \u2013 m.stanczuk@uksw.edu.pl<\/p>\n","protected":false},"author":190,"featured_media":4184,"parent":3361,"menu_order":10,"comment_status":"closed","ping_status":"closed","template":"page-templates\/template-sub-page.php","meta":{"_acf_changed":false,"inline_featured_image":false,"footnotes":"","_links_to":"","_links_to_target":""},"class_list":["post-4898","page","type-page","status-publish","has-post-thumbnail","hentry"],"acf":[],"_links":{"self":[{"href":"https:\/\/bon.uksw.edu.pl\/pl\/wp-json\/wp\/v2\/pages\/4898","targetHints":{"allow":["GET"]}}],"collection":[{"href":"https:\/\/bon.uksw.edu.pl\/pl\/wp-json\/wp\/v2\/pages"}],"about":[{"href":"https:\/\/bon.uksw.edu.pl\/pl\/wp-json\/wp\/v2\/types\/page"}],"author":[{"embeddable":true,"href":"https:\/\/bon.uksw.edu.pl\/pl\/wp-json\/wp\/v2\/users\/190"}],"replies":[{"embeddable":true,"href":"https:\/\/bon.uksw.edu.pl\/pl\/wp-json\/wp\/v2\/comments?post=4898"}],"version-history":[{"count":4,"href":"https:\/\/bon.uksw.edu.pl\/pl\/wp-json\/wp\/v2\/pages\/4898\/revisions"}],"predecessor-version":[{"id":4910,"href":"https:\/\/bon.uksw.edu.pl\/pl\/wp-json\/wp\/v2\/pages\/4898\/revisions\/4910"}],"up":[{"embeddable":true,"href":"https:\/\/bon.uksw.edu.pl\/pl\/wp-json\/wp\/v2\/pages\/3361"}],"wp:featuredmedia":[{"embeddable":true,"href":"https:\/\/bon.uksw.edu.pl\/pl\/wp-json\/wp\/v2\/media\/4184"}],"wp:attachment":[{"href":"https:\/\/bon.uksw.edu.pl\/pl\/wp-json\/wp\/v2\/media?parent=4898"}],"curies":[{"name":"wp","href":"https:\/\/api.w.org\/{rel}","templated":true}]}}