{"id":5093,"date":"2024-03-21T10:11:44","date_gmt":"2024-03-21T09:11:44","guid":{"rendered":"https:\/\/bon.uksw.edu.pl\/?page_id=5093"},"modified":"2025-07-09T14:57:54","modified_gmt":"2025-07-09T12:57:54","slug":"konferencja-2024","status":"publish","type":"page","link":"https:\/\/bon.uksw.edu.pl\/konferencje\/konferencja-2024\/","title":{"rendered":"Archiwum Konferencji 2024"},"content":{"rendered":"\r\n<div class=\"\">\r\n\r\n<div class=\"page_heading\"> <img decoding=\"async\" src=\"https:\/\/bon.uksw.edu.pl\/wp-content\/themes\/uksw\/images\/note-2_white.svg\" alt=\"\"> Wybierz interesuj\u0105cy Ci\u0119 dzia\u0142:<\/div>\r\n<div class=\"candidate_box_sec\">\r\n<div class=\"row\">\r\n\r\n    \r\n                                \r\n                            <div class=\"col-xl-4 col-lg-6 col-md-12 col-sm-12 project\">\r\n                                <a href=\"https:\/\/bon.uksw.edu.pl\/?post_type=page&#038;p=5101\" class=\"project_box\">\r\n                                    <div class=\"candidate_box project_box\">\r\n                                        <div class=\"candidate_box_title\">Formularz<\/div>\r\n                                                                                <div class=\"candidate_box_sub_title\">rejestracyjny<\/div>\r\n                                                                                <img decoding=\"async\" src=\"https:\/\/bon.uksw.edu.pl\/wp-content\/themes\/uksw\/images\/arrow_more1.svg\" alt=\"\">  \r\n                                    <\/div>\r\n                                <\/a>\r\n                            <\/div>\r\n                      \r\n                        \r\n                            \r\n                                \r\n                            <div class=\"col-xl-4 col-lg-6 col-md-12 col-sm-12 project\">\r\n                                <a href=\"https:\/\/bon.uksw.edu.pl\/?post_type=page&#038;p=5104\" class=\"project_box\">\r\n                                    <div class=\"candidate_box project_box\">\r\n                                        <div class=\"candidate_box_title\">Program<\/div>\r\n                                                                                <img decoding=\"async\" src=\"https:\/\/bon.uksw.edu.pl\/wp-content\/themes\/uksw\/images\/arrow_more1.svg\" alt=\"\">  \r\n                                    <\/div>\r\n                                <\/a>\r\n                            <\/div>\r\n                      \r\n                        \r\n                            \r\n                                \r\n                            <div class=\"col-xl-4 col-lg-6 col-md-12 col-sm-12 project\">\r\n                                <a href=\"https:\/\/bon.uksw.edu.pl\/?post_type=page&#038;p=5106\" class=\"project_box\">\r\n                                    <div class=\"candidate_box project_box\">\r\n                                        <div class=\"candidate_box_title\">Prelegenci<\/div>\r\n                                                                                <img decoding=\"async\" src=\"https:\/\/bon.uksw.edu.pl\/wp-content\/themes\/uksw\/images\/arrow_more1.svg\" alt=\"\">  \r\n                                    <\/div>\r\n                                <\/a>\r\n                            <\/div>\r\n                      \r\n                        \r\n                            \r\n                                \r\n                            <div class=\"col-xl-4 col-lg-6 col-md-12 col-sm-12 project\">\r\n                                <a href=\"https:\/\/bon.uksw.edu.pl\/?post_type=page&#038;p=5108\" class=\"project_box\">\r\n                                    <div class=\"candidate_box project_box\">\r\n                                        <div class=\"candidate_box_title\">Komitet<\/div>\r\n                                                                                <div class=\"candidate_box_sub_title\">organizacyjny<\/div>\r\n                                                                                <img decoding=\"async\" src=\"https:\/\/bon.uksw.edu.pl\/wp-content\/themes\/uksw\/images\/arrow_more1.svg\" alt=\"\">  \r\n                                    <\/div>\r\n                                <\/a>\r\n                            <\/div>\r\n                      \r\n                        \r\n                            \r\n                                \r\n                            <div class=\"col-xl-4 col-lg-6 col-md-12 col-sm-12 project\">\r\n                                <a href=\"https:\/\/bon.uksw.edu.pl\/?post_type=page&#038;p=5116\" class=\"project_box\">\r\n                                    <div class=\"candidate_box project_box\">\r\n                                        <div class=\"candidate_box_title\">Komitet<\/div>\r\n                                                                                <div class=\"candidate_box_sub_title\">honorowy<\/div>\r\n                                                                                <img decoding=\"async\" src=\"https:\/\/bon.uksw.edu.pl\/wp-content\/themes\/uksw\/images\/arrow_more1.svg\" alt=\"\">  \r\n                                    <\/div>\r\n                                <\/a>\r\n                            <\/div>\r\n                      \r\n                        \r\n                            \r\n                                \r\n                            <div class=\"col-xl-4 col-lg-6 col-md-12 col-sm-12 project\">\r\n                                <a href=\"https:\/\/bon.uksw.edu.pl\/?post_type=page&#038;p=5118\" class=\"project_box\">\r\n                                    <div class=\"candidate_box project_box\">\r\n                                        <div class=\"candidate_box_title\">Kontakt<\/div>\r\n                                                                                <img decoding=\"async\" src=\"https:\/\/bon.uksw.edu.pl\/wp-content\/themes\/uksw\/images\/arrow_more1.svg\" alt=\"\">  \r\n                                    <\/div>\r\n                                <\/a>\r\n                            <\/div>\r\n                      \r\n                        \r\n                            \r\n                                \r\n                            <div class=\"col-xl-4 col-lg-6 col-md-12 col-sm-12 project\">\r\n                                <a href=\"https:\/\/bon.uksw.edu.pl\/?post_type=page&#038;p=5124\" class=\"project_box\">\r\n                                    <div class=\"candidate_box project_box\">\r\n                                        <div class=\"candidate_box_title\">Partnerzy<\/div>\r\n                                                                                <img decoding=\"async\" src=\"https:\/\/bon.uksw.edu.pl\/wp-content\/themes\/uksw\/images\/arrow_more1.svg\" alt=\"\">  \r\n                                    <\/div>\r\n                                <\/a>\r\n                            <\/div>\r\n                      \r\n                        \r\n                            <\/div>\r\n<\/div>\r\n\r\n<\/div>\n\n\n<p class=\"has-text-align-center\">Z\u00a0ogromn\u0105 rado\u015bci\u0105 pragniemy zaprosi\u0107 Pa\u0144stwa do\u00a0udzia\u0142u w\u00a0bezp\u0142atnej IV\u00a0Og\u00f3lnopolskiej Konferencji Naukowej:\u00a0<strong><em>\u201eNiepe\u0142nosprawno\u015b\u0107 \u2013 zadanie czy\u00a0wyzwanie we\u00a0wsp\u00f3\u0142czesnym \u015bwiecie?\u201d<\/em><\/strong>. Kt\u00f3ra\u00a0odb\u0119dzie si\u0119\u00a0<strong>25 listopada 2024\u00a0roku<\/strong>. Jest to\u00a0wyj\u0105tkowe wydarzenie, kt\u00f3re skupia si\u0119 na\u00a0interdyscyplinarnej problematyce zwi\u0105zanej z\u00a0niepe\u0142nosprawno\u015bci\u0105, ze\u00a0szczeg\u00f3lnym uwzgl\u0119dnieniem aktualnych problem\u00f3w i\u00a0wyzwa\u0144 w\u00a0tym obszarze. Celem naszej konferencji jest spotkanie przedstawicieli r\u00f3\u017cnych dziedzin nauki, kt\u00f3rzy\u00a0zajmuj\u0105 si\u0119 tematyk\u0105 niepe\u0142nosprawno\u015bci. Chcemy stworzy\u0107 przestrze\u0144 dla interdyscyplinarnej dyskusji na\u00a0temat wyzwa\u0144 i\u00a0zada\u0144 zwi\u0105zanych z\u00a0t\u0105\u00a0problematyk\u0105. Jednocze\u015bnie skupimy si\u0119 na\u00a0poszukiwaniu nowych form pomocy dla os\u00f3b do\u015bwiadczaj\u0105cych niepe\u0142nosprawno\u015bci. Warto zaznaczy\u0107, \u017ce\u00a0Konferencja ma\u00a0na\u00a0celu spojrzenie na\u00a0temat z\u00a0r\u00f3\u017cnych perspektyw, \u0142\u0105cz\u0105c teori\u0119 z\u00a0praktyk\u0105. Chcemy wypracowa\u0107 wsp\u00f3lne podej\u015bcie do\u00a0dalszych dzia\u0142a\u0144 zar\u00f3wno w\u00a0sferze teoretycznej, jak i\u00a0praktycznej. Czekamy na Pa\u0144stwa!<\/p>\n\n\n<div class=\"wp-block-image\">\n<figure class=\"aligncenter size-large\"><img decoding=\"async\" width=\"724\" height=\"1024\" src=\"https:\/\/bon.uksw.edu.pl\/wp-content\/uploads\/sites\/16\/2024\/07\/Plakat_Niepelnosprawnosc_2024_Honorowy_Patronat-724x1024.jpg\" alt=\"\" class=\"wp-image-5379\" srcset=\"https:\/\/bon.uksw.edu.pl\/wp-content\/uploads\/sites\/16\/2024\/07\/Plakat_Niepelnosprawnosc_2024_Honorowy_Patronat-724x1024.jpg 724w, https:\/\/bon.uksw.edu.pl\/wp-content\/uploads\/sites\/16\/2024\/07\/Plakat_Niepelnosprawnosc_2024_Honorowy_Patronat-212x300.jpg 212w, https:\/\/bon.uksw.edu.pl\/wp-content\/uploads\/sites\/16\/2024\/07\/Plakat_Niepelnosprawnosc_2024_Honorowy_Patronat-768x1086.jpg 768w, https:\/\/bon.uksw.edu.pl\/wp-content\/uploads\/sites\/16\/2024\/07\/Plakat_Niepelnosprawnosc_2024_Honorowy_Patronat-1086x1536.jpg 1086w, https:\/\/bon.uksw.edu.pl\/wp-content\/uploads\/sites\/16\/2024\/07\/Plakat_Niepelnosprawnosc_2024_Honorowy_Patronat-1448x2048.jpg 1448w, https:\/\/bon.uksw.edu.pl\/wp-content\/uploads\/sites\/16\/2024\/07\/Plakat_Niepelnosprawnosc_2024_Honorowy_Patronat-170x240.jpg 170w, https:\/\/bon.uksw.edu.pl\/wp-content\/uploads\/sites\/16\/2024\/07\/Plakat_Niepelnosprawnosc_2024_Honorowy_Patronat.jpg 1587w\" sizes=\"(max-width: 724px) 100vw, 724px\" \/><\/figure><\/div>","protected":false},"excerpt":{"rendered":"<p>Z\u00a0ogromn\u0105 rado\u015bci\u0105 pragniemy zaprosi\u0107 Pa\u0144stwa do\u00a0udzia\u0142u w\u00a0bezp\u0142atnej IV\u00a0Og\u00f3lnopolskiej Konferencji Naukowej:\u00a0\u201eNiepe\u0142nosprawno\u015b\u0107 \u2013 zadanie czy\u00a0wyzwanie we\u00a0wsp\u00f3\u0142czesnym \u015bwiecie?\u201d. Kt\u00f3ra\u00a0odb\u0119dzie si\u0119\u00a025 listopada 2024\u00a0roku. Jest to\u00a0wyj\u0105tkowe wydarzenie, kt\u00f3re skupia si\u0119 na\u00a0interdyscyplinarnej problematyce zwi\u0105zanej z\u00a0niepe\u0142nosprawno\u015bci\u0105, ze\u00a0szczeg\u00f3lnym uwzgl\u0119dnieniem aktualnych problem\u00f3w i\u00a0wyzwa\u0144 w\u00a0tym obszarze. Celem naszej konferencji jest spotkanie przedstawicieli r\u00f3\u017cnych dziedzin nauki, kt\u00f3rzy\u00a0zajmuj\u0105 si\u0119 tematyk\u0105 niepe\u0142nosprawno\u015bci. Chcemy stworzy\u0107 przestrze\u0144 dla interdyscyplinarnej dyskusji [&hellip;]<\/p>\n","protected":false},"author":2,"featured_media":0,"parent":3712,"menu_order":0,"comment_status":"closed","ping_status":"closed","template":"page-templates\/template-sub-page.php","meta":{"_acf_changed":false,"inline_featured_image":false,"footnotes":"","_links_to":"","_links_to_target":""},"class_list":["post-5093","page","type-page","status-publish","hentry"],"acf":[],"_links":{"self":[{"href":"https:\/\/bon.uksw.edu.pl\/pl\/wp-json\/wp\/v2\/pages\/5093","targetHints":{"allow":["GET"]}}],"collection":[{"href":"https:\/\/bon.uksw.edu.pl\/pl\/wp-json\/wp\/v2\/pages"}],"about":[{"href":"https:\/\/bon.uksw.edu.pl\/pl\/wp-json\/wp\/v2\/types\/page"}],"author":[{"embeddable":true,"href":"https:\/\/bon.uksw.edu.pl\/pl\/wp-json\/wp\/v2\/users\/2"}],"replies":[{"embeddable":true,"href":"https:\/\/bon.uksw.edu.pl\/pl\/wp-json\/wp\/v2\/comments?post=5093"}],"version-history":[{"count":5,"href":"https:\/\/bon.uksw.edu.pl\/pl\/wp-json\/wp\/v2\/pages\/5093\/revisions"}],"predecessor-version":[{"id":6180,"href":"https:\/\/bon.uksw.edu.pl\/pl\/wp-json\/wp\/v2\/pages\/5093\/revisions\/6180"}],"up":[{"embeddable":true,"href":"https:\/\/bon.uksw.edu.pl\/pl\/wp-json\/wp\/v2\/pages\/3712"}],"wp:attachment":[{"href":"https:\/\/bon.uksw.edu.pl\/pl\/wp-json\/wp\/v2\/media?parent=5093"}],"curies":[{"name":"wp","href":"https:\/\/api.w.org\/{rel}","templated":true}]}}