{"id":5101,"date":"2024-03-25T09:55:40","date_gmt":"2024-03-25T08:55:40","guid":{"rendered":"https:\/\/bon.uksw.edu.pl\/?page_id=5101"},"modified":"2024-03-25T10:34:47","modified_gmt":"2024-03-25T09:34:47","slug":"formularz-rejestracyjny","status":"publish","type":"page","link":"https:\/\/bon.uksw.edu.pl\/konferencje\/konferencja-2024\/formularz-rejestracyjny\/","title":{"rendered":"Formularz rejestracyjny"},"content":{"rendered":"\n<p>Og\u00f3lnopolska Konferencja Naukowa Niepe\u0142nosprawno\u015b\u0107 \u2013 wyzwanie czy\u00a0zadanie we\u00a0wsp\u00f3\u0142czesnym \u015bwiecie? odb\u0119dzie si\u0119 25 listopada 2024 r. w siedzibie Uniwersytetu Kardyna\u0142a Stefana Wyszy\u0144skiego w Warszawie &#8211; AULA SHUMANA, bud. 21, ul. W\u00f3ycickiego 1\/3, 01-938 Warszawa<\/p>\n\n\n\n<p>Rejestracja odbywa si\u0119 poprzez <a href=\"https:\/\/docs.google.com\/forms\/d\/1pg_VS6mIve75ypVvojKKFGO8c8L0JDyIQEZeW2UnQJI\"><strong>formularz rejestracyjny<\/strong><\/a><\/p>\n\n\n\n<p>Zg\u0142oszenie uczestnictwa czynnego&nbsp;<strong>do&nbsp;15 pa\u017adziernika 2024 roku<\/strong>. <\/p>\n\n\n\n<p>Zg\u0142oszenie uczestnictwa biernego&nbsp;<strong>do 30 pa\u017adziernika 2024 roku.<\/strong> <\/p>\n\n\n\n<p>Konferencja odb\u0119dzie si\u0119 <strong>formule hybrydowej<\/strong>. Oznacza to, \u017ce&nbsp;cz\u0119\u015b\u0107 uczestnik\u00f3w: <\/p>\n\n\n\n<ul class=\"wp-block-list\">\n<li>we\u017amie\u00a0<strong>czynny udzia\u0142 jako prelegent  w\u00a0siedzibie UKSW<\/strong>;<\/li>\n\n\n\n<li>we\u017amie&nbsp;<strong>bierny udzia\u0142 jako Obserwator<\/strong>&nbsp;(w siedzibie UKSW lub poprzez transmisj\u0119 obrad Konferencji za&nbsp;pomoc\u0105 kana\u0142u Uczelni na&nbsp;YouTube) \u2013 bez&nbsp;mo\u017cliwo\u015bci wyst\u0105pienia.<\/li>\n<\/ul>\n\n\n\n<p><strong>Udzia\u0142 w konferencji jest BEZP\u0141ATNY<\/strong>.<\/p>\n","protected":false},"excerpt":{"rendered":"<p>Og\u00f3lnopolska Konferencja Naukowa Niepe\u0142nosprawno\u015b\u0107 \u2013 wyzwanie czy\u00a0zadanie we\u00a0wsp\u00f3\u0142czesnym \u015bwiecie? odb\u0119dzie si\u0119 25 listopada 2024 r. w siedzibie Uniwersytetu Kardyna\u0142a Stefana Wyszy\u0144skiego w Warszawie &#8211; AULA SHUMANA, bud. 21, ul. W\u00f3ycickiego 1\/3, 01-938 Warszawa Rejestracja odbywa si\u0119 poprzez formularz rejestracyjny Zg\u0142oszenie uczestnictwa czynnego&nbsp;do&nbsp;15 pa\u017adziernika 2024 roku. Zg\u0142oszenie uczestnictwa biernego&nbsp;do 30 pa\u017adziernika 2024 roku. Konferencja odb\u0119dzie si\u0119 [&hellip;]<\/p>\n","protected":false},"author":608,"featured_media":0,"parent":5093,"menu_order":1,"comment_status":"closed","ping_status":"closed","template":"page-templates\/template-sub-page.php","meta":{"_acf_changed":false,"inline_featured_image":false,"footnotes":"","_links_to":"","_links_to_target":""},"class_list":["post-5101","page","type-page","status-publish","hentry"],"acf":[],"_links":{"self":[{"href":"https:\/\/bon.uksw.edu.pl\/pl\/wp-json\/wp\/v2\/pages\/5101","targetHints":{"allow":["GET"]}}],"collection":[{"href":"https:\/\/bon.uksw.edu.pl\/pl\/wp-json\/wp\/v2\/pages"}],"about":[{"href":"https:\/\/bon.uksw.edu.pl\/pl\/wp-json\/wp\/v2\/types\/page"}],"author":[{"embeddable":true,"href":"https:\/\/bon.uksw.edu.pl\/pl\/wp-json\/wp\/v2\/users\/608"}],"replies":[{"embeddable":true,"href":"https:\/\/bon.uksw.edu.pl\/pl\/wp-json\/wp\/v2\/comments?post=5101"}],"version-history":[{"count":5,"href":"https:\/\/bon.uksw.edu.pl\/pl\/wp-json\/wp\/v2\/pages\/5101\/revisions"}],"predecessor-version":[{"id":5122,"href":"https:\/\/bon.uksw.edu.pl\/pl\/wp-json\/wp\/v2\/pages\/5101\/revisions\/5122"}],"up":[{"embeddable":true,"href":"https:\/\/bon.uksw.edu.pl\/pl\/wp-json\/wp\/v2\/pages\/5093"}],"wp:attachment":[{"href":"https:\/\/bon.uksw.edu.pl\/pl\/wp-json\/wp\/v2\/media?parent=5101"}],"curies":[{"name":"wp","href":"https:\/\/api.w.org\/{rel}","templated":true}]}}