{"id":5104,"date":"2024-03-25T10:00:06","date_gmt":"2024-03-25T09:00:06","guid":{"rendered":"https:\/\/bon.uksw.edu.pl\/?page_id=5104"},"modified":"2024-11-20T10:05:25","modified_gmt":"2024-11-20T09:05:25","slug":"program","status":"publish","type":"page","link":"https:\/\/bon.uksw.edu.pl\/konferencje\/konferencja-2024\/program\/","title":{"rendered":"Program"},"content":{"rendered":"\n<p><strong>Proponowane obszary tematyczne, kt\u00f3re zamierzamy podj\u0105\u0107 w&nbsp;dyskusji:<\/strong> <\/p>\n\n\n\n<ul class=\"wp-block-list\">\n<li>spo\u0142eczne i&nbsp;kulturowe aspekty niepe\u0142nosprawno\u015bci;<\/li>\n\n\n\n<li>psychologiczne i&nbsp;emocjonalne wyzwania os\u00f3b z&nbsp;niepe\u0142nosprawno\u015bciami;<\/li>\n\n\n\n<li>edukacja i&nbsp;wsparcie dla os\u00f3b niepe\u0142nosprawnych w&nbsp;r\u00f3\u017cnych kontekstach;<\/li>\n\n\n\n<li>nowoczesne technologie i&nbsp;innowacje w&nbsp;obszarze niepe\u0142nosprawno\u015bci;<\/li>\n\n\n\n<li>prawa i&nbsp;polityka spo\u0142eczna dotycz\u0105ce os\u00f3b niepe\u0142nosprawnych;<\/li>\n\n\n\n<li>perspektywa os\u00f3b z&nbsp;niepe\u0142nosprawno\u015bciami i&nbsp;ich do\u015bwiadczenia;<\/li>\n\n\n\n<li>badania i&nbsp;analiza danych dotycz\u0105cych niepe\u0142nosprawno\u015bci.<\/li>\n<\/ul>\n\n\n\n<p> Czekamy na&nbsp;Pa\u0144stwa cenne wnioski i&nbsp;prezentacje, kt\u00f3re pozwol\u0105 nam na&nbsp;rozwini\u0119cie dyskusji na&nbsp;temat niepe\u0142nosprawno\u015bci we&nbsp;wsp\u00f3\u0142czesnym \u015bwiecie.<\/p>\n\n\n\n<h2 class=\"wp-block-heading\"><strong><a href=\"https:\/\/bon.uksw.edu.pl\/wp-content\/uploads\/sites\/16\/2024\/11\/Certyfikat-Uczestnictwa.pdf\">Program Konferencji<\/a><\/strong><\/h2>\n","protected":false},"excerpt":{"rendered":"<p>Proponowane obszary tematyczne, kt\u00f3re zamierzamy podj\u0105\u0107 w&nbsp;dyskusji: Czekamy na&nbsp;Pa\u0144stwa cenne wnioski i&nbsp;prezentacje, kt\u00f3re pozwol\u0105 nam na&nbsp;rozwini\u0119cie dyskusji na&nbsp;temat niepe\u0142nosprawno\u015bci we&nbsp;wsp\u00f3\u0142czesnym \u015bwiecie. Program Konferencji<\/p>\n","protected":false},"author":608,"featured_media":0,"parent":5093,"menu_order":2,"comment_status":"closed","ping_status":"closed","template":"page-templates\/template-sub-page.php","meta":{"_acf_changed":false,"inline_featured_image":false,"footnotes":"","_links_to":"","_links_to_target":""},"class_list":["post-5104","page","type-page","status-publish","hentry"],"acf":[],"_links":{"self":[{"href":"https:\/\/bon.uksw.edu.pl\/pl\/wp-json\/wp\/v2\/pages\/5104","targetHints":{"allow":["GET"]}}],"collection":[{"href":"https:\/\/bon.uksw.edu.pl\/pl\/wp-json\/wp\/v2\/pages"}],"about":[{"href":"https:\/\/bon.uksw.edu.pl\/pl\/wp-json\/wp\/v2\/types\/page"}],"author":[{"embeddable":true,"href":"https:\/\/bon.uksw.edu.pl\/pl\/wp-json\/wp\/v2\/users\/608"}],"replies":[{"embeddable":true,"href":"https:\/\/bon.uksw.edu.pl\/pl\/wp-json\/wp\/v2\/comments?post=5104"}],"version-history":[{"count":4,"href":"https:\/\/bon.uksw.edu.pl\/pl\/wp-json\/wp\/v2\/pages\/5104\/revisions"}],"predecessor-version":[{"id":5844,"href":"https:\/\/bon.uksw.edu.pl\/pl\/wp-json\/wp\/v2\/pages\/5104\/revisions\/5844"}],"up":[{"embeddable":true,"href":"https:\/\/bon.uksw.edu.pl\/pl\/wp-json\/wp\/v2\/pages\/5093"}],"wp:attachment":[{"href":"https:\/\/bon.uksw.edu.pl\/pl\/wp-json\/wp\/v2\/media?parent=5104"}],"curies":[{"name":"wp","href":"https:\/\/api.w.org\/{rel}","templated":true}]}}