{"id":5124,"date":"2024-03-25T10:51:48","date_gmt":"2024-03-25T09:51:48","guid":{"rendered":"https:\/\/bon.uksw.edu.pl\/?page_id=5124"},"modified":"2024-07-12T13:59:25","modified_gmt":"2024-07-12T11:59:25","slug":"partnerzy","status":"publish","type":"page","link":"https:\/\/bon.uksw.edu.pl\/konferencje\/konferencja-2024\/partnerzy\/","title":{"rendered":"Partnerzy"},"content":{"rendered":"\n<ul class=\"wp-block-list\">\n<li>Katolicki Uniwersytet Eichst\u00e4tt-Ingolstadt<\/li>\n\n\n\n<li>Akademia Nauk Stosowanych WSGE im.\u00a0Alcide De Gasperi w J\u00f3zefowie<\/li>\n\n\n\n<li>Wydzia\u0142 Nauk Pedagogicznych Uniwersytetu Kardyna\u0142a Stefana Wyszy\u0144skiego w&nbsp;Warszawie<\/li>\n\n\n\n<li>Wydzia\u0142 Studi\u00f3w nad Rodzin\u0105 Uniwersytetu Kardyna\u0142a Stefana Wyszy\u0144skiego w Warszawie<\/li>\n\n\n\n<li>Polska Akademia Nauk Spo\u0142ecznych i Humanistycznych w Londynie<\/li>\n\n\n\n<li>Katedra Socjologii Zdrowia i Pracy Socjalnej Wydzia\u0142u Spo\u0142eczno-Ekonomicznego Uniwersytetu Kardyna\u0142a Stefana Wyszy\u0144skiego w Warszawie<\/li>\n\n\n\n<li>Zak\u0142ad Psychologii Dewiacji Instytutu Profilaktyki Spo\u0142ecznej i Resocjalizacji Uniwersytetu Warszawskiego<\/li>\n\n\n\n<li>Zak\u0142ad Metodologii Bada\u0144 i&nbsp;Analiz Socjologicznych Instytutu Nauk Socjologicznych Wydzia\u0142u Spo\u0142eczno-Ekonomicznego Uniwersytetu Kardyna\u0142a Stefana Wyszy\u0144skiego w&nbsp;Warszawie<\/li>\n\n\n\n<li>Centrum Projekt\u00f3w Europejskich w Warszawie<\/li>\n\n\n\n<li>Fundacja Popieram Rodzin\u0119<\/li>\n<\/ul>\n\n\n\n<p><\/p>\n","protected":false},"excerpt":{"rendered":"","protected":false},"author":608,"featured_media":0,"parent":5093,"menu_order":7,"comment_status":"closed","ping_status":"closed","template":"page-templates\/template-sub-page.php","meta":{"_acf_changed":false,"inline_featured_image":false,"footnotes":"","_links_to":"","_links_to_target":""},"class_list":["post-5124","page","type-page","status-publish","hentry"],"acf":[],"_links":{"self":[{"href":"https:\/\/bon.uksw.edu.pl\/pl\/wp-json\/wp\/v2\/pages\/5124","targetHints":{"allow":["GET"]}}],"collection":[{"href":"https:\/\/bon.uksw.edu.pl\/pl\/wp-json\/wp\/v2\/pages"}],"about":[{"href":"https:\/\/bon.uksw.edu.pl\/pl\/wp-json\/wp\/v2\/types\/page"}],"author":[{"embeddable":true,"href":"https:\/\/bon.uksw.edu.pl\/pl\/wp-json\/wp\/v2\/users\/608"}],"replies":[{"embeddable":true,"href":"https:\/\/bon.uksw.edu.pl\/pl\/wp-json\/wp\/v2\/comments?post=5124"}],"version-history":[{"count":2,"href":"https:\/\/bon.uksw.edu.pl\/pl\/wp-json\/wp\/v2\/pages\/5124\/revisions"}],"predecessor-version":[{"id":5378,"href":"https:\/\/bon.uksw.edu.pl\/pl\/wp-json\/wp\/v2\/pages\/5124\/revisions\/5378"}],"up":[{"embeddable":true,"href":"https:\/\/bon.uksw.edu.pl\/pl\/wp-json\/wp\/v2\/pages\/5093"}],"wp:attachment":[{"href":"https:\/\/bon.uksw.edu.pl\/pl\/wp-json\/wp\/v2\/media?parent=5124"}],"curies":[{"name":"wp","href":"https:\/\/api.w.org\/{rel}","templated":true}]}}