{"id":5299,"date":"2024-06-12T13:59:02","date_gmt":"2024-06-12T11:59:02","guid":{"rendered":"https:\/\/bon.uksw.edu.pl\/?page_id=5299"},"modified":"2024-06-12T14:22:05","modified_gmt":"2024-06-12T12:22:05","slug":"ii-edycje-projektu-absolwent-bez-barier-realizowane-na-uniwersytecie-kardynala-stefana-wyszynskiego-uksw-w-warszawie-we-wspolpracy-z-panstwowym-funduszem-rehabilitacji-osob-n","status":"publish","type":"page","link":"https:\/\/bon.uksw.edu.pl\/projekty\/ii-edycje-projektu-absolwent-bez-barier-realizowane-na-uniwersytecie-kardynala-stefana-wyszynskiego-uksw-w-warszawie-we-wspolpracy-z-panstwowym-funduszem-rehabilitacji-osob-n\/","title":{"rendered":"Absolwent bez barier"},"content":{"rendered":"\n<figure class=\"wp-block-image size-medium\"><img decoding=\"async\" width=\"300\" height=\"159\" src=\"https:\/\/bon.uksw.edu.pl\/wp-content\/uploads\/sites\/16\/2024\/06\/PFRON_wersja-podstawowa_RGB-300x159.gif\" alt=\"\" class=\"wp-image-5300\" \/><\/figure>\n\n\n\n<p><strong>DWIE EDYCJE Projektu \u201eAbsolwent bez barier\u201d realizowane na\u00a0Uniwersytecie Kardyna\u0142a Stefana Wyszy\u0144skiego (UKSW) w Warszawie we wsp\u00f3\u0142pracy z Pa\u0144stwowym Funduszem Rehabilitacji Os\u00f3b Niepe\u0142nosprawnych (PFRON)<\/strong><\/p>\n\n\n\n<p>Projekt&nbsp; <strong><em>Absolwent bez barier<\/em><\/strong> realizowany jest na UKSW we wsp\u00f3\u0142pracy z PFRON-em i ma na celu wspieranie <strong>student\u00f3w z niepe\u0142nosprawno\u015bci\u0105<\/strong> w podj\u0119ciu zatrudnienia oraz daje mo\u017cliwo\u015b\u0107 zrealizowania kursu zawodowego, co znacz\u0105co zwi\u0119ksza Wasze szanse na osi\u0105gni\u0119cie sukcesu na rynku pracy.<\/p>\n\n\n\n<p><strong>Formy wsparcia dla uczestnik\u00f3w projektu:<\/strong><\/p>\n\n\n\n<ul class=\"wp-block-list\">\n<li>Mo\u017cliwo\u015b\u0107 odbycia 3-miesi\u0119cznego p\u0142atnego sta\u017cu.<\/li>\n\n\n\n<li>Mo\u017cliwo\u015b\u0107 zrealizowania kursu zawodowego.<\/li>\n\n\n\n<li>Wsparcie asystenta rynku pracy, kt\u00f3ry pomo\u017ce w po\u015brednictwie pracy.<\/li>\n\n\n\n<li>Diagnoza aktualnej sytuacji wraz z przygotowaniem Indywidualnego Planu Dzia\u0142ania, dopasowanego do Waszych potrzeb i umiej\u0119tno\u015bci.<\/li>\n\n\n\n<li>Wdro\u017cenie indywidualnej \u015bcie\u017cki kariery, aby\u015bcie mogli osi\u0105gn\u0105\u0107 swoje zawodowe cele.<\/li>\n\n\n\n<li>Grupowe warsztaty umiej\u0119tno\u015bci psychospo\u0142ecznych i trening\u00f3w pracy, kt\u00f3re pomog\u0105&nbsp; Wam rozwija\u0107 kompetencje spo\u0142eczne i zawodowe.<\/li>\n<\/ul>\n\n\n\n<p><strong>Zapraszamy do wzi\u0119cia udzia\u0142u w projekcie wszystkie osoby, kt\u00f3re spe\u0142niaj\u0105 nast\u0119puj\u0105ce kryteria:<\/strong><\/p>\n\n\n\n<ul class=\"wp-block-list\">\n<li>s\u0105 studentami III roku pierwszego stopnia studi\u00f3w licencjackich;<\/li>\n\n\n\n<li>s\u0105 studentami II roku drugiego stopnia studi\u00f3w magisterskich ;<\/li>\n\n\n\n<li>s\u0105 studentami V roku jednolitych studi\u00f3w magisterskich ;<\/li>\n\n\n\n<li>s\u0105 absolwent\u00f3w uczelni wy\u017cszych,&nbsp; kt\u00f3rzy w ostatnich czterech latach nie podj\u0119li zatrudnienia;<\/li>\n\n\n\n<li>posiadaj\u0105 aktualne orzeczenie o stopniu niepe\u0142nosprawno\u015bci ;<\/li>\n\n\n\n<li>s\u0105 bezrobotne lub nieaktywne zawodowo lub pracuj\u0105&nbsp; na umow\u0119 zlecenie;<\/li>\n\n\n\n<li>s\u0105 gotowe i ch\u0119tne do wej\u015bcia na rynek pracy.<\/li>\n<\/ul>\n\n\n\n<p>Je\u015bli spe\u0142niacie powy\u017csze warunki i jeste\u015bcie zainteresowani uczestnictwem w projekcie, serdecznie zach\u0119camy do kontaktu:<\/p>\n\n\n\n<p><strong>E-mail: <a href=\"mailto:bon@uksw.edu.pl\">bon@uksw.edu.pl<\/a><\/strong><\/p>\n\n\n\n<p>Nie wahajcie si\u0119 skorzysta\u0107 z tej wyj\u0105tkowej okazji, kt\u00f3ra mo\u017ce otworzy\u0107 przed Wami nowe drzwi na \u015bcie\u017cce kariery zawodowej. Liczymy na Wasze zaanga\u017cowanie i wsp\u00f3lnie osi\u0105gniemy sukces!<\/p>\n\n\n\n<p><a href=\"https:\/\/wydzialy.uksw.edu.pl\/wp-content\/uploads\/sites\/9\/2023\/08\/Regulamin.pdf\" target=\"_blank\" rel=\"noreferrer noopener\">Regulamin [PDF, 0.34 MB]<\/a><\/p>\n\n\n\n<p><a href=\"https:\/\/wydzialy.uksw.edu.pl\/wp-content\/uploads\/sites\/9\/2023\/08\/Zalacznik-nr-1-Formularz-zgloszeniowy.pdf\" target=\"_blank\" rel=\"noreferrer noopener\">Za\u0142\u0105cznik nr 1 \u2013 Formularz zg\u0142oszeniowy [PDF, 0.31 MB]<\/a><\/p>\n\n\n\n<p><a href=\"https:\/\/wydzialy.uksw.edu.pl\/wp-content\/uploads\/sites\/9\/2023\/08\/Zalacznik-nr-2-Oswiadczenie-uczestnika.pdf\" target=\"_blank\" rel=\"noreferrer noopener\">Za\u0142\u0105cznik nr 2 \u2013 O\u015bwiadczenie uczestnika [PDF, 0.29 MB]<\/a><\/p>\n\n\n\n<p><a href=\"https:\/\/wydzialy.uksw.edu.pl\/wp-content\/uploads\/sites\/9\/2023\/08\/Zalacznik-nr-3-Oswiadczenie.pdf\" target=\"_blank\" rel=\"noreferrer noopener\">Za\u0142\u0105cznik nr 3 \u2013 O\u015bwiadczenie [PDF, 0.24 MB]<\/a><\/p>\n","protected":false},"excerpt":{"rendered":"<p>DWIE EDYCJE Projektu \u201eAbsolwent bez barier\u201d realizowane na\u00a0Uniwersytecie Kardyna\u0142a Stefana Wyszy\u0144skiego (UKSW) w Warszawie we wsp\u00f3\u0142pracy z Pa\u0144stwowym Funduszem Rehabilitacji Os\u00f3b Niepe\u0142nosprawnych (PFRON) Projekt&nbsp; Absolwent bez barier realizowany jest na UKSW we wsp\u00f3\u0142pracy z PFRON-em i ma na celu wspieranie student\u00f3w z niepe\u0142nosprawno\u015bci\u0105 w podj\u0119ciu zatrudnienia oraz daje mo\u017cliwo\u015b\u0107 zrealizowania kursu zawodowego, co znacz\u0105co zwi\u0119ksza [&hellip;]<\/p>\n","protected":false},"author":190,"featured_media":5304,"parent":5240,"menu_order":2,"comment_status":"closed","ping_status":"closed","template":"page-templates\/template-sub-page.php","meta":{"_acf_changed":false,"inline_featured_image":false,"footnotes":"","_links_to":"","_links_to_target":""},"class_list":["post-5299","page","type-page","status-publish","has-post-thumbnail","hentry"],"acf":[],"_links":{"self":[{"href":"https:\/\/bon.uksw.edu.pl\/pl\/wp-json\/wp\/v2\/pages\/5299","targetHints":{"allow":["GET"]}}],"collection":[{"href":"https:\/\/bon.uksw.edu.pl\/pl\/wp-json\/wp\/v2\/pages"}],"about":[{"href":"https:\/\/bon.uksw.edu.pl\/pl\/wp-json\/wp\/v2\/types\/page"}],"author":[{"embeddable":true,"href":"https:\/\/bon.uksw.edu.pl\/pl\/wp-json\/wp\/v2\/users\/190"}],"replies":[{"embeddable":true,"href":"https:\/\/bon.uksw.edu.pl\/pl\/wp-json\/wp\/v2\/comments?post=5299"}],"version-history":[{"count":3,"href":"https:\/\/bon.uksw.edu.pl\/pl\/wp-json\/wp\/v2\/pages\/5299\/revisions"}],"predecessor-version":[{"id":5311,"href":"https:\/\/bon.uksw.edu.pl\/pl\/wp-json\/wp\/v2\/pages\/5299\/revisions\/5311"}],"up":[{"embeddable":true,"href":"https:\/\/bon.uksw.edu.pl\/pl\/wp-json\/wp\/v2\/pages\/5240"}],"wp:featuredmedia":[{"embeddable":true,"href":"https:\/\/bon.uksw.edu.pl\/pl\/wp-json\/wp\/v2\/media\/5304"}],"wp:attachment":[{"href":"https:\/\/bon.uksw.edu.pl\/pl\/wp-json\/wp\/v2\/media?parent=5299"}],"curies":[{"name":"wp","href":"https:\/\/api.w.org\/{rel}","templated":true}]}}