{"id":5323,"date":"2024-06-18T14:15:36","date_gmt":"2024-06-18T12:15:36","guid":{"rendered":"https:\/\/bon.uksw.edu.pl\/?page_id=5323"},"modified":"2024-06-18T14:15:38","modified_gmt":"2024-06-18T12:15:38","slug":"uczelnia-dostepna","status":"publish","type":"page","link":"https:\/\/bon.uksw.edu.pl\/projekty\/uczelnia-dostepna\/","title":{"rendered":"Uczelnia dost\u0119pna"},"content":{"rendered":"\n<p>W&nbsp;ramach programu Uczelnia Dost\u0119pna realizowany by\u0142 projekt pt.&nbsp;<strong>\u201eUKSW bez&nbsp;barier \u2013 Uczelnia dla ka\u017cdego\u201d Nr&nbsp;POWR.03.05.00-00-A060\/19<\/strong><\/p>\n\n\n\n<figure class=\"wp-block-image\"><img decoding=\"async\" width=\"1024\" height=\"132\" src=\"https:\/\/bon.uksw.edu.pl\/wp-content\/uploads\/sites\/16\/2024\/02\/PO-WER-1024x132.jpg\" alt=\"\" class=\"wp-image-5053\" srcset=\"https:\/\/bon.uksw.edu.pl\/wp-content\/uploads\/sites\/16\/2024\/02\/PO-WER-1024x132.jpg 1024w, https:\/\/bon.uksw.edu.pl\/wp-content\/uploads\/sites\/16\/2024\/02\/PO-WER-300x39.jpg 300w, https:\/\/bon.uksw.edu.pl\/wp-content\/uploads\/sites\/16\/2024\/02\/PO-WER-768x99.jpg 768w, https:\/\/bon.uksw.edu.pl\/wp-content\/uploads\/sites\/16\/2024\/02\/PO-WER-1536x197.jpg 1536w, https:\/\/bon.uksw.edu.pl\/wp-content\/uploads\/sites\/16\/2024\/02\/PO-WER-2048x263.jpg 2048w\" sizes=\"(max-width: 1024px) 100vw, 1024px\" \/><\/figure>\n\n\n\n<p>Celem g\u0142\u00f3wnym projektu by\u0142o zwi\u0119kszenie dost\u0119pno\u015bci Uczelni dla os\u00f3b z&nbsp;niepe\u0142nosprawno\u015bciami w&nbsp;spos\u00f3b umo\u017cliwiaj\u0105cy im&nbsp;korzystanie z&nbsp;zasob\u00f3w uczelni i&nbsp;zdobycie wykszta\u0142cenia na&nbsp;r\u00f3wni z&nbsp;osobami pe\u0142nosprawnymi,&nbsp; podniesienie \u015bwiadomo\u015bci spo\u0142eczno\u015bci akademickiej na&nbsp;temat niepe\u0142nosprawno\u015bci w\u015br\u00f3d student\u00f3w oraz&nbsp;trwa\u0142a zmiana w&nbsp;funkcjonowaniu Uczelni uwzgl\u0119dniaj\u0105ca specyfik\u0119 potrzeb os\u00f3b z&nbsp;niepe\u0142nosprawno\u015bci\u0105.<\/p>\n\n\n\n<p>Projekt by\u0142 realizowany od&nbsp;01.01.2020&nbsp;r. do&nbsp;30.09.2023&nbsp;r. i&nbsp;odpowiada\u0142 na&nbsp;bie\u017c\u0105ce potrzeby gospodarki, rynku pracy i&nbsp;spo\u0142ecze\u0144stwa.<\/p>\n\n\n\n<p><strong>\u0141\u0105czna warto\u015b\u0107 wydatk\u00f3w kwalifikowanych Projektu wynosi\u0142a 4&nbsp;734&nbsp;869,47 z\u0142, w&nbsp;tym dofinansowanie z&nbsp;UE wynosi 3&nbsp;990&nbsp;547,99 z\u0142 , z&nbsp;dotacji celowej 602&nbsp;275,38 z\u0142.\u201d<\/strong><\/p>\n\n\n\n<p>W&nbsp;sk\u0142ad Zespo\u0142u Projektu wesz\u0142y nast\u0119puj\u0105ce osoby:<\/p>\n\n\n\n<ul class=\"wp-block-list\">\n<li><strong>Anna Fidelus<\/strong>&nbsp;\u2013 kierownik projektu \u201eUKSW bez&nbsp;barier \u2013 Uczelnia dla ka\u017cdego\u201d Nr&nbsp;POWR.03.05.00-00-A060\/19, pedagog<\/li>\n\n\n\n<li><strong>Katarzyna Miko\u0142ajczyk<\/strong>&nbsp;\u2013 koordynator Biura ds.&nbsp;Os\u00f3b z&nbsp;Niepe\u0142nosprawno\u015bci\u0105 na&nbsp;Dewajtis<\/li>\n\n\n\n<li><strong>Micha\u0142 Sta\u0144czuk<\/strong>&nbsp;\u2013 specjalista Biura ds.&nbsp;Os\u00f3b z&nbsp;Niepe\u0142nosprawno\u015bci\u0105, koordynator Biura ds.&nbsp;Os\u00f3b z&nbsp;Niepe\u0142nosprawno\u015bci\u0105 na&nbsp;W\u00f3ycickiego<\/li>\n\n\n\n<li>Monika Nowosielska \u2013 asystent dydaktyczny<\/li>\n\n\n\n<li>Krystyna G\u0105siorowska \u2013 asystent ds.&nbsp;technologii wspieraj\u0105cych<\/li>\n\n\n\n<li>Grzegorz Zi\u0119ba \u2013 asystent ds.&nbsp;technologii wspieraj\u0105cych<\/li>\n\n\n\n<li>Teresa Budryk \u2013 obs\u0142uga prawna opracowania i&nbsp;dostosowania procedur<\/li>\n\n\n\n<li>Jacek Ko\u0142ota \u2013 opracowanie i&nbsp;dostosowanie procedur inwestycyjnych<\/li>\n\n\n\n<li>Piotr Cie\u015blikowski \u2013 opiniowanie procedur, zarz\u0105dze\u0144 oraz&nbsp;decyzji inwestycyjnych pod&nbsp;k\u0105tem dostosowywania istniej\u0105cej i&nbsp;nowej infrastruktury<\/li>\n<\/ul>\n","protected":false},"excerpt":{"rendered":"<p>W&nbsp;ramach programu Uczelnia Dost\u0119pna realizowany by\u0142 projekt pt.&nbsp;\u201eUKSW bez&nbsp;barier \u2013 Uczelnia dla ka\u017cdego\u201d Nr&nbsp;POWR.03.05.00-00-A060\/19 Celem g\u0142\u00f3wnym projektu by\u0142o zwi\u0119kszenie dost\u0119pno\u015bci Uczelni dla os\u00f3b z&nbsp;niepe\u0142nosprawno\u015bciami w&nbsp;spos\u00f3b umo\u017cliwiaj\u0105cy im&nbsp;korzystanie z&nbsp;zasob\u00f3w uczelni i&nbsp;zdobycie wykszta\u0142cenia na&nbsp;r\u00f3wni z&nbsp;osobami pe\u0142nosprawnymi,&nbsp; podniesienie \u015bwiadomo\u015bci spo\u0142eczno\u015bci akademickiej na&nbsp;temat niepe\u0142nosprawno\u015bci w\u015br\u00f3d student\u00f3w oraz&nbsp;trwa\u0142a zmiana w&nbsp;funkcjonowaniu Uczelni uwzgl\u0119dniaj\u0105ca specyfik\u0119 potrzeb os\u00f3b z&nbsp;niepe\u0142nosprawno\u015bci\u0105. Projekt by\u0142 realizowany od&nbsp;01.01.2020&nbsp;r. [&hellip;]<\/p>\n","protected":false},"author":190,"featured_media":5321,"parent":5240,"menu_order":3,"comment_status":"closed","ping_status":"closed","template":"page-templates\/template-sub-page.php","meta":{"_acf_changed":false,"inline_featured_image":false,"footnotes":"","_links_to":"","_links_to_target":""},"class_list":["post-5323","page","type-page","status-publish","has-post-thumbnail","hentry"],"acf":[],"_links":{"self":[{"href":"https:\/\/bon.uksw.edu.pl\/pl\/wp-json\/wp\/v2\/pages\/5323","targetHints":{"allow":["GET"]}}],"collection":[{"href":"https:\/\/bon.uksw.edu.pl\/pl\/wp-json\/wp\/v2\/pages"}],"about":[{"href":"https:\/\/bon.uksw.edu.pl\/pl\/wp-json\/wp\/v2\/types\/page"}],"author":[{"embeddable":true,"href":"https:\/\/bon.uksw.edu.pl\/pl\/wp-json\/wp\/v2\/users\/190"}],"replies":[{"embeddable":true,"href":"https:\/\/bon.uksw.edu.pl\/pl\/wp-json\/wp\/v2\/comments?post=5323"}],"version-history":[{"count":1,"href":"https:\/\/bon.uksw.edu.pl\/pl\/wp-json\/wp\/v2\/pages\/5323\/revisions"}],"predecessor-version":[{"id":5324,"href":"https:\/\/bon.uksw.edu.pl\/pl\/wp-json\/wp\/v2\/pages\/5323\/revisions\/5324"}],"up":[{"embeddable":true,"href":"https:\/\/bon.uksw.edu.pl\/pl\/wp-json\/wp\/v2\/pages\/5240"}],"wp:featuredmedia":[{"embeddable":true,"href":"https:\/\/bon.uksw.edu.pl\/pl\/wp-json\/wp\/v2\/media\/5321"}],"wp:attachment":[{"href":"https:\/\/bon.uksw.edu.pl\/pl\/wp-json\/wp\/v2\/media?parent=5323"}],"curies":[{"name":"wp","href":"https:\/\/api.w.org\/{rel}","templated":true}]}}