{"id":5484,"date":"2024-09-10T12:19:07","date_gmt":"2024-09-10T10:19:07","guid":{"rendered":"https:\/\/bon.uksw.edu.pl\/?page_id=5484"},"modified":"2025-11-03T10:54:00","modified_gmt":"2025-11-03T09:54:00","slug":"pedagog","status":"publish","type":"page","link":"https:\/\/bon.uksw.edu.pl\/poradnia-psychologiczno-pedagogiczna\/pedagog\/","title":{"rendered":"Pedagog"},"content":{"rendered":"\n<p><\/p>\n\n\n\n<div class=\"wp-block-columns\">\n<div class=\"wp-block-column\" style=\"flex-basis:33.33%\">\n<figure class=\"wp-block-image size-full\"><img decoding=\"async\" width=\"500\" height=\"500\" src=\"https:\/\/bon.uksw.edu.pl\/wp-content\/uploads\/sites\/16\/2024\/09\/Black-White-Minimalist-Signature-Personal-Brand-Logo.png\" alt=\"\" class=\"wp-image-5560\" srcset=\"https:\/\/bon.uksw.edu.pl\/wp-content\/uploads\/sites\/16\/2024\/09\/Black-White-Minimalist-Signature-Personal-Brand-Logo.png 500w, https:\/\/bon.uksw.edu.pl\/wp-content\/uploads\/sites\/16\/2024\/09\/Black-White-Minimalist-Signature-Personal-Brand-Logo-300x300.png 300w, https:\/\/bon.uksw.edu.pl\/wp-content\/uploads\/sites\/16\/2024\/09\/Black-White-Minimalist-Signature-Personal-Brand-Logo-150x150.png 150w\" sizes=\"(max-width: 500px) 100vw, 500px\" \/><\/figure>\n<\/div>\n\n\n\n<div class=\"wp-block-column\" style=\"flex-basis:66.66%\">\n<p><\/p>\n\n\n\n<p>Pedagog. Specjalizuje si\u0119 w udzielaniu wsparcia pedagogicznego studentom, oferuj\u0105c indywidualne konsultacje oraz pomoc w rozwijaniu umiej\u0119tno\u015bci edukacyjnych i spo\u0142ecznych.<\/p>\n\n\n\n<h2 class=\"wp-block-heading\">Harmonogram konsultacji<\/h2>\n\n\n\n<p>Termin konsultacji dostosowany indywidualnie po wcze\u015bniejszym um\u00f3wieniu si\u0119 mailowo <strong>bon@uksw.edu.pl<\/strong><\/p>\n<\/div>\n<\/div>\n\n\n\n<div class=\"wp-block-columns\">\n<div class=\"wp-block-column\" style=\"flex-basis:33.33%\">\n<figure class=\"wp-block-image size-full\"><img decoding=\"async\" width=\"500\" height=\"500\" src=\"https:\/\/bon.uksw.edu.pl\/wp-content\/uploads\/sites\/16\/2024\/09\/Black-White-Minimalist-Signature-Personal-Brand-Logo1.png\" alt=\"\" class=\"wp-image-5561\" srcset=\"https:\/\/bon.uksw.edu.pl\/wp-content\/uploads\/sites\/16\/2024\/09\/Black-White-Minimalist-Signature-Personal-Brand-Logo1.png 500w, https:\/\/bon.uksw.edu.pl\/wp-content\/uploads\/sites\/16\/2024\/09\/Black-White-Minimalist-Signature-Personal-Brand-Logo1-300x300.png 300w, https:\/\/bon.uksw.edu.pl\/wp-content\/uploads\/sites\/16\/2024\/09\/Black-White-Minimalist-Signature-Personal-Brand-Logo1-150x150.png 150w\" sizes=\"(max-width: 500px) 100vw, 500px\" \/><\/figure>\n<\/div>\n\n\n\n<div class=\"wp-block-column\" style=\"flex-basis:66.66%\">\n<p><\/p>\n\n\n\n<p>Pedagog . Oferuje wsparcie pedagogiczne, pomagaj\u0105c studentom w radzeniu sobie z wyzwaniami edukacyjnymi i osobistymi.<\/p>\n\n\n\n<h2 class=\"wp-block-heading\">Harmonogram konsultacji<\/h2>\n\n\n\n<p>Terminy konsultacji zgodne z harmonogramem pracy BON UKSW<\/p>\n\n\n\n<p>W roku akademickim: <strong>pon &#8211; pt. w godzinach 9.00 &#8211; 14.30<\/strong><\/p>\n\n\n\n<p>Dy\u017cury dodatkowe: <strong><a href=\"https:\/\/bon.uksw.edu.pl\/2024\/12\/03\/dodatkowy-dyzur-uczelnianego-koordynatora-ds-dostepnosci-w-grudniu\/\">harmonogram<\/a><\/strong><\/p>\n<\/div>\n<\/div>\n\n\n\n<div class=\"wp-block-columns\">\n<div class=\"wp-block-column\" style=\"flex-basis:33.33%\">\n<figure class=\"wp-block-image size-full\"><img decoding=\"async\" width=\"500\" height=\"500\" src=\"https:\/\/bon.uksw.edu.pl\/wp-content\/uploads\/sites\/16\/2024\/09\/Black-White-Minimalist-Signature-Personal-Brand-Logo2.png\" alt=\"\" class=\"wp-image-5564\" srcset=\"https:\/\/bon.uksw.edu.pl\/wp-content\/uploads\/sites\/16\/2024\/09\/Black-White-Minimalist-Signature-Personal-Brand-Logo2.png 500w, https:\/\/bon.uksw.edu.pl\/wp-content\/uploads\/sites\/16\/2024\/09\/Black-White-Minimalist-Signature-Personal-Brand-Logo2-300x300.png 300w, https:\/\/bon.uksw.edu.pl\/wp-content\/uploads\/sites\/16\/2024\/09\/Black-White-Minimalist-Signature-Personal-Brand-Logo2-150x150.png 150w\" sizes=\"(max-width: 500px) 100vw, 500px\" \/><\/figure>\n<\/div>\n\n\n\n<div class=\"wp-block-column\" style=\"flex-basis:66.66%\">\n<p><\/p>\n\n\n\n<p>Pedagog\/Psycholog . Wieloletnie do\u015bwiadczenie pedagogiczne w pracy z m\u0142odzie\u017c\u0105. Specjalizuje si\u0119 w pomocy psychologicznej dla student\u00f3w, oferuj\u0105c indywidualne wsparcie w zakresie zdrowia psychicznego, poprawy dobrostanu i radzenia sobie z trudno\u015bciami \u017cyciowymi.<\/p>\n\n\n\n<p>Na&nbsp;spotkania nale\u017cy umawia\u0107 si\u0119 drog\u0105 mailow\u0105 <strong><a href=\"mailto:e.michalowska@uksw.edu.pl\">e.michalowska@uksw.edu.pl<\/a><\/strong><\/p>\n\n\n\n<p><a href=\"https:\/\/cd.uksw.edu.pl\/poradnia-psychologiczno-pedagogiczna\/pedagog\/\">Aktualny harmonogram na rok akademicki 2025\/2026 <\/a><\/p>\n\n\n\n<figure class=\"wp-block-image size-full\"><img decoding=\"async\" width=\"940\" height=\"788\" src=\"https:\/\/bon.uksw.edu.pl\/wp-content\/uploads\/sites\/16\/2025\/08\/E_Michalowska-1.png\" alt=\"\" class=\"wp-image-6241\" srcset=\"https:\/\/bon.uksw.edu.pl\/wp-content\/uploads\/sites\/16\/2025\/08\/E_Michalowska-1.png 940w, https:\/\/bon.uksw.edu.pl\/wp-content\/uploads\/sites\/16\/2025\/08\/E_Michalowska-1-300x251.png 300w, https:\/\/bon.uksw.edu.pl\/wp-content\/uploads\/sites\/16\/2025\/08\/E_Michalowska-1-768x644.png 768w\" sizes=\"(max-width: 940px) 100vw, 940px\" \/><\/figure>\n\n\n\n<p>Dy\u017cury dodatkowe: <strong><a href=\"https:\/\/bon.uksw.edu.pl\/2024\/09\/09\/dyzur-psychologa-w-poradni-bon-podczas-sesji-poprawkowej\/\">harmonogram<\/a><\/strong><\/p>\n<\/div>\n<\/div>\n\n\n\n<p><\/p>\n","protected":false},"excerpt":{"rendered":"<p>Pedagog. Specjalizuje si\u0119 w udzielaniu wsparcia pedagogicznego studentom, oferuj\u0105c indywidualne konsultacje oraz pomoc w rozwijaniu umiej\u0119tno\u015bci edukacyjnych i spo\u0142ecznych. Harmonogram konsultacji Termin konsultacji dostosowany indywidualnie po wcze\u015bniejszym um\u00f3wieniu si\u0119 mailowo bon@uksw.edu.pl Pedagog . Oferuje wsparcie pedagogiczne, pomagaj\u0105c studentom w radzeniu sobie z wyzwaniami edukacyjnymi i osobistymi. Harmonogram konsultacji Terminy konsultacji zgodne z harmonogramem pracy BON [&hellip;]<\/p>\n","protected":false},"author":608,"featured_media":5487,"parent":5477,"menu_order":1,"comment_status":"closed","ping_status":"closed","template":"page-templates\/template-sub-page.php","meta":{"_acf_changed":false,"inline_featured_image":false,"footnotes":"","_links_to":"","_links_to_target":""},"class_list":["post-5484","page","type-page","status-publish","has-post-thumbnail","hentry"],"acf":[],"_links":{"self":[{"href":"https:\/\/bon.uksw.edu.pl\/pl\/wp-json\/wp\/v2\/pages\/5484","targetHints":{"allow":["GET"]}}],"collection":[{"href":"https:\/\/bon.uksw.edu.pl\/pl\/wp-json\/wp\/v2\/pages"}],"about":[{"href":"https:\/\/bon.uksw.edu.pl\/pl\/wp-json\/wp\/v2\/types\/page"}],"author":[{"embeddable":true,"href":"https:\/\/bon.uksw.edu.pl\/pl\/wp-json\/wp\/v2\/users\/608"}],"replies":[{"embeddable":true,"href":"https:\/\/bon.uksw.edu.pl\/pl\/wp-json\/wp\/v2\/comments?post=5484"}],"version-history":[{"count":16,"href":"https:\/\/bon.uksw.edu.pl\/pl\/wp-json\/wp\/v2\/pages\/5484\/revisions"}],"predecessor-version":[{"id":6310,"href":"https:\/\/bon.uksw.edu.pl\/pl\/wp-json\/wp\/v2\/pages\/5484\/revisions\/6310"}],"up":[{"embeddable":true,"href":"https:\/\/bon.uksw.edu.pl\/pl\/wp-json\/wp\/v2\/pages\/5477"}],"wp:featuredmedia":[{"embeddable":true,"href":"https:\/\/bon.uksw.edu.pl\/pl\/wp-json\/wp\/v2\/media\/5487"}],"wp:attachment":[{"href":"https:\/\/bon.uksw.edu.pl\/pl\/wp-json\/wp\/v2\/media?parent=5484"}],"curies":[{"name":"wp","href":"https:\/\/api.w.org\/{rel}","templated":true}]}}