{"id":5490,"date":"2024-09-10T13:41:39","date_gmt":"2024-09-10T11:41:39","guid":{"rendered":"https:\/\/bon.uksw.edu.pl\/?page_id=5490"},"modified":"2025-11-03T10:55:53","modified_gmt":"2025-11-03T09:55:53","slug":"psycholog","status":"publish","type":"page","link":"https:\/\/bon.uksw.edu.pl\/poradnia-psychologiczno-pedagogiczna\/psycholog\/","title":{"rendered":"Psycholog"},"content":{"rendered":"\n<p class=\"has-text-align-center\">Konsultacje z psychologami odbywaj\u0105 si\u0119 w pokoju Poradni Psychologiczno-Pedagogicznej <br>&#8211; <strong>bud. 23, pok. 015<\/strong>, <strong>Kampus W\u00f3ycickiego<\/strong><\/p>\n\n\n\n<p class=\"has-text-align-center\">Aktualny harmonogram pracy specjalist\u00f3w na rok akademicki 2025\/2026 znajduje si\u0119 na stronie <a href=\"https:\/\/cd.uksw.edu.pl\/poradnia-psychologiczno-pedagogiczna\/psycholog\/\"><strong>Centrum Dost\u0119pno\u015bci UKSW<\/strong><\/a><\/p>\n\n\n\n<div class=\"wp-block-columns\">\n<div class=\"wp-block-column\" style=\"flex-basis:33.33%\">\n<figure class=\"wp-block-image size-full\"><img decoding=\"async\" width=\"500\" height=\"500\" src=\"https:\/\/bon.uksw.edu.pl\/wp-content\/uploads\/sites\/16\/2024\/09\/Black-White-Minimalist-Signature-Personal-Brand-Logo3.png\" alt=\"\" class=\"wp-image-5567\" srcset=\"https:\/\/bon.uksw.edu.pl\/wp-content\/uploads\/sites\/16\/2024\/09\/Black-White-Minimalist-Signature-Personal-Brand-Logo3.png 500w, https:\/\/bon.uksw.edu.pl\/wp-content\/uploads\/sites\/16\/2024\/09\/Black-White-Minimalist-Signature-Personal-Brand-Logo3-300x300.png 300w, https:\/\/bon.uksw.edu.pl\/wp-content\/uploads\/sites\/16\/2024\/09\/Black-White-Minimalist-Signature-Personal-Brand-Logo3-150x150.png 150w\" sizes=\"(max-width: 500px) 100vw, 500px\" \/><\/figure>\n<\/div>\n\n\n\n<div class=\"wp-block-column\" style=\"flex-basis:66.66%\">\n<p><\/p>\n\n\n\n<p><\/p>\n\n\n\n<p>Psycholog. Zajmuje si\u0119 wsparciem psychologicznym student\u00f3w, pomagaj\u0105c im w rozwi\u0105zywaniu problem\u00f3w emocjonalnych, radzeniu sobie ze stresem oraz rozwijaniu zdrowych mechanizm\u00f3w samodzielno\u015bci i budowania relacji spo\u0142ecznych.<\/p>\n\n\n\n<p>Termin spotkania nale\u017cy konsultowa\u0107 indywidualnie drog\u0105 mailow\u0105: <strong><a href=\"mailto:d.pater@uksw.edu.pl\">d.pater@uksw.edu.pl<\/a><\/strong><\/p>\n\n\n\n<figure class=\"wp-block-image size-full\"><img decoding=\"async\" width=\"940\" height=\"788\" src=\"https:\/\/bon.uksw.edu.pl\/wp-content\/uploads\/sites\/16\/2025\/08\/Dyzury_DP_2024_2025-1.png\" alt=\"\" class=\"wp-image-6235\" srcset=\"https:\/\/bon.uksw.edu.pl\/wp-content\/uploads\/sites\/16\/2025\/08\/Dyzury_DP_2024_2025-1.png 940w, https:\/\/bon.uksw.edu.pl\/wp-content\/uploads\/sites\/16\/2025\/08\/Dyzury_DP_2024_2025-1-300x251.png 300w, https:\/\/bon.uksw.edu.pl\/wp-content\/uploads\/sites\/16\/2025\/08\/Dyzury_DP_2024_2025-1-768x644.png 768w\" sizes=\"(max-width: 940px) 100vw, 940px\" \/><\/figure>\n\n\n\n<p>Dy\u017cury dodatkowe: <strong><a href=\"https:\/\/bon.uksw.edu.pl\/2025\/01\/24\/dodatkowe-dyzury-psychologa-i-asystenta-dydaktycznego-w-trakcie-sesji-egzaminacyjnej\/\">harmonogram<\/a><\/strong><\/p>\n\n\n\n<div style=\"height:100px\" aria-hidden=\"true\" class=\"wp-block-spacer\"><\/div>\n<\/div>\n<\/div>\n\n\n\n<div class=\"wp-block-columns\">\n<div class=\"wp-block-column\" style=\"flex-basis:33.33%\">\n<figure class=\"wp-block-image size-full\"><img decoding=\"async\" width=\"500\" height=\"500\" src=\"https:\/\/bon.uksw.edu.pl\/wp-content\/uploads\/sites\/16\/2024\/10\/Black-White-Minimalist-Signature-Personal-Brand-Logo.png\" alt=\"\" class=\"wp-image-5678\" srcset=\"https:\/\/bon.uksw.edu.pl\/wp-content\/uploads\/sites\/16\/2024\/10\/Black-White-Minimalist-Signature-Personal-Brand-Logo.png 500w, https:\/\/bon.uksw.edu.pl\/wp-content\/uploads\/sites\/16\/2024\/10\/Black-White-Minimalist-Signature-Personal-Brand-Logo-300x300.png 300w, https:\/\/bon.uksw.edu.pl\/wp-content\/uploads\/sites\/16\/2024\/10\/Black-White-Minimalist-Signature-Personal-Brand-Logo-150x150.png 150w\" sizes=\"(max-width: 500px) 100vw, 500px\" \/><\/figure>\n<\/div>\n\n\n\n<div class=\"wp-block-column\" style=\"flex-basis:66.66%\">\n<p><\/p>\n\n\n\n<p><\/p>\n\n\n\n<p>Psycholog, psychoterapeuta integracyjny, trener, coach. Od 2007 r. psychoterapeuta indywidualny i grupowy.<\/p>\n\n\n\n<p>Na&nbsp;spotkania nale\u017cy umawia\u0107 si\u0119 drog\u0105 mailow\u0105: <strong><a href=\"mailto:martakul28@gmail.com\">martakul28@gmail.com<\/a><\/strong><\/p>\n\n\n\n<figure class=\"wp-block-image size-full\"><img decoding=\"async\" width=\"940\" height=\"788\" src=\"https:\/\/bon.uksw.edu.pl\/wp-content\/uploads\/sites\/16\/2025\/09\/Marta_Kulesza.png\" alt=\"\" class=\"wp-image-6286\" srcset=\"https:\/\/bon.uksw.edu.pl\/wp-content\/uploads\/sites\/16\/2025\/09\/Marta_Kulesza.png 940w, https:\/\/bon.uksw.edu.pl\/wp-content\/uploads\/sites\/16\/2025\/09\/Marta_Kulesza-300x251.png 300w, https:\/\/bon.uksw.edu.pl\/wp-content\/uploads\/sites\/16\/2025\/09\/Marta_Kulesza-768x644.png 768w\" sizes=\"(max-width: 940px) 100vw, 940px\" \/><\/figure>\n\n\n\n<h3 class=\"wp-block-heading\"><strong>Dy\u017cury on-line i wakacyjne<\/strong>:<\/h3>\n\n\n\n<p><strong>WRZESIE\u0143:<\/strong><\/p>\n\n\n\n<p>Dy\u017cur stacjonarny:<\/p>\n\n\n\n<ul class=\"wp-block-list\">\n<li>16 wrze\u015bnia w godz. 8.00 &#8211; 10.00 <\/li>\n<\/ul>\n\n\n\n<p>Dy\u017cur on-line:<\/p>\n\n\n\n<ul class=\"wp-block-list\">\n<li>20 wrze\u015bnia w godz. 9.00 &#8211; 11.00 <\/li>\n\n\n\n<li>30 wrze\u015bnia w godz. 8.00 &#8211; 10.00<\/li>\n<\/ul>\n\n\n\n<div style=\"height:100px\" aria-hidden=\"true\" class=\"wp-block-spacer\"><\/div>\n<\/div>\n<\/div>\n\n\n\n<div class=\"wp-block-columns\">\n<div class=\"wp-block-column\" style=\"flex-basis:33.33%\">\n<figure class=\"wp-block-image size-full\"><img decoding=\"async\" width=\"500\" height=\"500\" src=\"https:\/\/bon.uksw.edu.pl\/wp-content\/uploads\/sites\/16\/2024\/09\/Black-White-Minimalist-Signature-Personal-Brand-Logo2.png\" alt=\"\" class=\"wp-image-5564\" srcset=\"https:\/\/bon.uksw.edu.pl\/wp-content\/uploads\/sites\/16\/2024\/09\/Black-White-Minimalist-Signature-Personal-Brand-Logo2.png 500w, https:\/\/bon.uksw.edu.pl\/wp-content\/uploads\/sites\/16\/2024\/09\/Black-White-Minimalist-Signature-Personal-Brand-Logo2-300x300.png 300w, https:\/\/bon.uksw.edu.pl\/wp-content\/uploads\/sites\/16\/2024\/09\/Black-White-Minimalist-Signature-Personal-Brand-Logo2-150x150.png 150w\" sizes=\"(max-width: 500px) 100vw, 500px\" \/><\/figure>\n<\/div>\n\n\n\n<div class=\"wp-block-column\" style=\"flex-basis:66.66%\">\n<p><\/p>\n\n\n\n<p>Psycholog\/Pedagog . Specjalizuje si\u0119 w pomocy psychologicznej dla student\u00f3w, oferuj\u0105c indywidualne wsparcie w zakresie zdrowia psychicznego, poprawy dobrostanu i radzenia sobie z trudno\u015bciami \u017cyciowymi.<\/p>\n\n\n\n<p>Na&nbsp;spotkania nale\u017cy umawia\u0107 si\u0119 drog\u0105 mailow\u0105: <strong><a href=\"mailto:e.michalowska@uksw.edu.pl\">e.michalowska@uksw.edu.pl<\/a><\/strong><\/p>\n\n\n\n<figure class=\"wp-block-image size-full\"><img decoding=\"async\" width=\"940\" height=\"788\" src=\"https:\/\/bon.uksw.edu.pl\/wp-content\/uploads\/sites\/16\/2025\/08\/E_Michalowska.png\" alt=\"\" class=\"wp-image-6238\" srcset=\"https:\/\/bon.uksw.edu.pl\/wp-content\/uploads\/sites\/16\/2025\/08\/E_Michalowska.png 940w, https:\/\/bon.uksw.edu.pl\/wp-content\/uploads\/sites\/16\/2025\/08\/E_Michalowska-300x251.png 300w, https:\/\/bon.uksw.edu.pl\/wp-content\/uploads\/sites\/16\/2025\/08\/E_Michalowska-768x644.png 768w\" sizes=\"(max-width: 940px) 100vw, 940px\" \/><\/figure>\n\n\n\n<h3 class=\"wp-block-heading\"><strong>Dy\u017cury on-line i wakacyjne<\/strong>:<\/h3>\n\n\n\n<p><strong>CZERWIEC<\/strong><\/p>\n\n\n\n<p>Dy\u017cury on-line:<\/p>\n\n\n\n<ul class=\"wp-block-list\">\n<li>10, 14 czerwca 2025 r. w godz. 14.00 &#8211; 18.00<\/li>\n\n\n\n<li>17 czerwca 2025 r. w godz. 15.00 &#8211; 18.00<\/li>\n\n\n\n<li>21 czerwca 2025 r. w godz. 9.00 &#8211; 13.00<\/li>\n<\/ul>\n\n\n\n<p><strong>LIPIEC<\/strong> <\/p>\n\n\n\n<p>Dy\u017cury on-line:<\/p>\n\n\n\n<ul class=\"wp-block-list\">\n<li>\u015aRODY i CZWARTKI w godz. 10.00 &#8211; 15.00<\/li>\n<\/ul>\n\n\n\n<p>Dy\u017cury stacjonarne:<\/p>\n\n\n\n<ul class=\"wp-block-list\">\n<li>2 lipca w godz. 10.00 &#8211; 15.00 <\/li>\n\n\n\n<li>3 lipca w godz. 14.00 &#8211; 19.00<\/li>\n<\/ul>\n\n\n\n<ul class=\"wp-block-list\">\n<li>3 lipca w godz. 9.00 &#8211; 13.00 <br><strong>Kampus Dewajtis, pok. 114 <\/strong>(Nowy Gmach, poziom -2)<\/li>\n<\/ul>\n\n\n\n<p><strong>SIERPIE\u0143 <\/strong><\/p>\n\n\n\n<p>Dy\u017cury on-line:<\/p>\n\n\n\n<ul class=\"wp-block-list\">\n<li>\u015aRODY i CZWARTKI w godz. 10.00 &#8211; 15.00<\/li>\n<\/ul>\n\n\n\n<p><strong>WRZESIE\u0143<\/strong><\/p>\n\n\n\n<p>Dy\u017cury stacjonarne:<\/p>\n\n\n\n<ul class=\"wp-block-list\">\n<li>3, 10 wrze\u015bnia w godz. 9.00 &#8211; 15.00 <\/li>\n\n\n\n<li>4, 11 wrze\u015bnia w godz. 14.00 &#8211; 19.00<\/li>\n<\/ul>\n\n\n\n<ul class=\"wp-block-list\">\n<li>4, 11 wrze\u015bnia w godz. 9.00 &#8211; 13.00 <br><strong>Kampus Dewajtis, pok. 114 <\/strong>(Nowy Gmach, poziom -2)<\/li>\n<\/ul>\n\n\n\n<p>Dy\u017cury on-line:<\/p>\n\n\n\n<ul class=\"wp-block-list\">\n<li>17 wrze\u015bnia w godz. 9.00 &#8211; 15.00<\/li>\n\n\n\n<li>18 wrze\u015bnia w godz. 14.00 &#8211; 19.00<\/li>\n<\/ul>\n\n\n\n<p>Dy\u017cury dodatkowe: <strong><a href=\"https:\/\/bon.uksw.edu.pl\/2025\/01\/24\/dodatkowe-dyzury-psychologa-i-asystenta-dydaktycznego-w-trakcie-sesji-egzaminacyjnej\/\">harmonogram<\/a><\/strong><\/p>\n\n\n\n<div style=\"height:100px\" aria-hidden=\"true\" class=\"wp-block-spacer\"><\/div>\n<\/div>\n\n\n\n<div class=\"wp-block-column\"><\/div>\n<\/div>\n\n\n\n<div class=\"wp-block-columns\">\n<div class=\"wp-block-column\" style=\"flex-basis:33.33%\">\n<figure class=\"wp-block-image size-full\"><img decoding=\"async\" width=\"500\" height=\"500\" src=\"https:\/\/bon.uksw.edu.pl\/wp-content\/uploads\/sites\/16\/2024\/09\/Black-White-Minimalist-Signature-Personal-Brand-Logo4.png\" alt=\"\" class=\"wp-image-5568\" srcset=\"https:\/\/bon.uksw.edu.pl\/wp-content\/uploads\/sites\/16\/2024\/09\/Black-White-Minimalist-Signature-Personal-Brand-Logo4.png 500w, https:\/\/bon.uksw.edu.pl\/wp-content\/uploads\/sites\/16\/2024\/09\/Black-White-Minimalist-Signature-Personal-Brand-Logo4-300x300.png 300w, https:\/\/bon.uksw.edu.pl\/wp-content\/uploads\/sites\/16\/2024\/09\/Black-White-Minimalist-Signature-Personal-Brand-Logo4-150x150.png 150w\" sizes=\"(max-width: 500px) 100vw, 500px\" \/><\/figure>\n<\/div>\n\n\n\n<div class=\"wp-block-column\" style=\"flex-basis:66.66%\">\n<p><\/p>\n\n\n\n<p><\/p>\n\n\n\n<p>Psycholog . Udziela wsparcia psychologicznego studentom, pomagaj\u0105c im w radzeniu sobie z problemami emocjonalnymi oraz wspieraj\u0105c ich rozw\u00f3j osobisty i zawodowy.<\/p>\n\n\n\n<p>Studenci zainteresowani pomoc\u0105 psychologiczn\u0105 u Pani Justyny dokonuj\u0105 rejestracji przez <strong><a href=\"https:\/\/docs.google.com\/forms\/d\/e\/1FAIpQLSfcRr99-eYKdGo0oXFsjUdxXNLqUUGFhG0ywnh1-Y7P3rIMsQ\/viewform\">FORMULARZ<\/a><\/strong> <br>Po rejestracji ustalany jest dok\u0142adny termin spotkania.<\/p>\n\n\n\n<figure class=\"wp-block-image size-full\"><img decoding=\"async\" width=\"940\" height=\"788\" src=\"https:\/\/bon.uksw.edu.pl\/wp-content\/uploads\/sites\/16\/2025\/08\/J_Jastrzebska.png\" alt=\"\" class=\"wp-image-6239\" srcset=\"https:\/\/bon.uksw.edu.pl\/wp-content\/uploads\/sites\/16\/2025\/08\/J_Jastrzebska.png 940w, https:\/\/bon.uksw.edu.pl\/wp-content\/uploads\/sites\/16\/2025\/08\/J_Jastrzebska-300x251.png 300w, https:\/\/bon.uksw.edu.pl\/wp-content\/uploads\/sites\/16\/2025\/08\/J_Jastrzebska-768x644.png 768w\" sizes=\"(max-width: 940px) 100vw, 940px\" \/><\/figure>\n\n\n\n<h3 class=\"wp-block-heading\"><strong>Dy\u017cury on-line i wakacyjne<\/strong><\/h3>\n\n\n\n<p><strong>LIPIEC<\/strong><\/p>\n\n\n\n<p>Dy\u017cury on-line<\/p>\n\n\n\n<ul class=\"wp-block-list\">\n<li>5 oraz 10 &#8211; 18 lipca w godz. 9.00 &#8211; 15.00<\/li>\n<\/ul>\n\n\n\n<p><strong>WRZESIE\u0143<\/strong><\/p>\n\n\n\n<p>Dy\u017cury on-line<\/p>\n\n\n\n<ul class=\"wp-block-list\">\n<li>15, 16, 19,&nbsp;22, 23, 24,&nbsp;25, 29,&nbsp;30&nbsp;wrze\u015bnia w godz. 10-16<\/li>\n<\/ul>\n<\/div>\n<\/div>\n","protected":false},"excerpt":{"rendered":"<p>Konsultacje z psychologami odbywaj\u0105 si\u0119 w pokoju Poradni Psychologiczno-Pedagogicznej &#8211; bud. 23, pok. 015, Kampus W\u00f3ycickiego Aktualny harmonogram pracy specjalist\u00f3w na rok akademicki 2025\/2026 znajduje si\u0119 na stronie Centrum Dost\u0119pno\u015bci UKSW Psycholog. Zajmuje si\u0119 wsparciem psychologicznym student\u00f3w, pomagaj\u0105c im w rozwi\u0105zywaniu problem\u00f3w emocjonalnych, radzeniu sobie ze stresem oraz rozwijaniu zdrowych mechanizm\u00f3w samodzielno\u015bci i budowania relacji [&hellip;]<\/p>\n","protected":false},"author":608,"featured_media":5491,"parent":5477,"menu_order":2,"comment_status":"closed","ping_status":"closed","template":"page-templates\/template-sub-page.php","meta":{"_acf_changed":false,"inline_featured_image":false,"footnotes":"","_links_to":"","_links_to_target":""},"class_list":["post-5490","page","type-page","status-publish","has-post-thumbnail","hentry"],"acf":[],"_links":{"self":[{"href":"https:\/\/bon.uksw.edu.pl\/pl\/wp-json\/wp\/v2\/pages\/5490","targetHints":{"allow":["GET"]}}],"collection":[{"href":"https:\/\/bon.uksw.edu.pl\/pl\/wp-json\/wp\/v2\/pages"}],"about":[{"href":"https:\/\/bon.uksw.edu.pl\/pl\/wp-json\/wp\/v2\/types\/page"}],"author":[{"embeddable":true,"href":"https:\/\/bon.uksw.edu.pl\/pl\/wp-json\/wp\/v2\/users\/608"}],"replies":[{"embeddable":true,"href":"https:\/\/bon.uksw.edu.pl\/pl\/wp-json\/wp\/v2\/comments?post=5490"}],"version-history":[{"count":36,"href":"https:\/\/bon.uksw.edu.pl\/pl\/wp-json\/wp\/v2\/pages\/5490\/revisions"}],"predecessor-version":[{"id":6312,"href":"https:\/\/bon.uksw.edu.pl\/pl\/wp-json\/wp\/v2\/pages\/5490\/revisions\/6312"}],"up":[{"embeddable":true,"href":"https:\/\/bon.uksw.edu.pl\/pl\/wp-json\/wp\/v2\/pages\/5477"}],"wp:featuredmedia":[{"embeddable":true,"href":"https:\/\/bon.uksw.edu.pl\/pl\/wp-json\/wp\/v2\/media\/5491"}],"wp:attachment":[{"href":"https:\/\/bon.uksw.edu.pl\/pl\/wp-json\/wp\/v2\/media?parent=5490"}],"curies":[{"name":"wp","href":"https:\/\/api.w.org\/{rel}","templated":true}]}}