{"id":5493,"date":"2024-09-10T14:16:44","date_gmt":"2024-09-10T12:16:44","guid":{"rendered":"https:\/\/bon.uksw.edu.pl\/?page_id=5493"},"modified":"2025-10-20T11:58:05","modified_gmt":"2025-10-20T09:58:05","slug":"logopeda","status":"publish","type":"page","link":"https:\/\/bon.uksw.edu.pl\/poradnia-psychologiczno-pedagogiczna\/logopeda\/","title":{"rendered":"Logopeda"},"content":{"rendered":"\n<p class=\"has-text-align-center\">Konsultacje z&nbsp;logoped\u0105 odbywaj\u0105 si\u0119 w&nbsp;pokoju Poradni Psychologiczno-Pedagogicznej<br>\u2013 <strong>bud. 23, pok. 015<\/strong>, <strong>Kampus W\u00f3ycickiego<\/strong><\/p>\n\n\n\n<div class=\"wp-block-columns\">\n<div class=\"wp-block-column\" style=\"flex-basis:33.33%\">\n<figure class=\"wp-block-image size-full\"><img decoding=\"async\" width=\"500\" height=\"500\" src=\"https:\/\/bon.uksw.edu.pl\/wp-content\/uploads\/sites\/16\/2024\/09\/Black-White-Minimalist-Signature-Personal-Brand-Logo7.png\" alt=\"\" class=\"wp-image-5584\" srcset=\"https:\/\/bon.uksw.edu.pl\/wp-content\/uploads\/sites\/16\/2024\/09\/Black-White-Minimalist-Signature-Personal-Brand-Logo7.png 500w, https:\/\/bon.uksw.edu.pl\/wp-content\/uploads\/sites\/16\/2024\/09\/Black-White-Minimalist-Signature-Personal-Brand-Logo7-300x300.png 300w, https:\/\/bon.uksw.edu.pl\/wp-content\/uploads\/sites\/16\/2024\/09\/Black-White-Minimalist-Signature-Personal-Brand-Logo7-150x150.png 150w\" sizes=\"(max-width: 500px) 100vw, 500px\" \/><\/figure>\n<\/div>\n\n\n\n<div class=\"wp-block-column\" style=\"flex-basis:66.66%\">\n<p><\/p>\n\n\n\n<p>Logopeda. Zajmuje si\u0119 diagnozowaniem i terapi\u0105 zaburze\u0144 mowy u student\u00f3w, pomagaj\u0105c w poprawie komunikacji i rozwijaniu umiej\u0119tno\u015bci j\u0119zykowych.<\/p>\n\n\n\n<h2 class=\"wp-block-heading\">Harmonogram konsultacji<\/h2>\n\n\n\n<p>na stronie <a href=\"https:\/\/cd.uksw.edu.pl\/poradnia-psychologiczno-pedagogiczna\/logopeda\/\">Centrum Dost\u0119pno\u015bci UKSW<\/a><\/p>\n<\/div>\n<\/div>\n","protected":false},"excerpt":{"rendered":"<p>Konsultacje z&nbsp;logoped\u0105 odbywaj\u0105 si\u0119 w&nbsp;pokoju Poradni Psychologiczno-Pedagogicznej\u2013 bud. 23, pok. 015, Kampus W\u00f3ycickiego Logopeda. Zajmuje si\u0119 diagnozowaniem i terapi\u0105 zaburze\u0144 mowy u student\u00f3w, pomagaj\u0105c w poprawie komunikacji i rozwijaniu umiej\u0119tno\u015bci j\u0119zykowych. Harmonogram konsultacji na stronie Centrum Dost\u0119pno\u015bci UKSW<\/p>\n","protected":false},"author":608,"featured_media":5454,"parent":5477,"menu_order":3,"comment_status":"closed","ping_status":"closed","template":"page-templates\/template-sub-page.php","meta":{"_acf_changed":false,"inline_featured_image":false,"footnotes":"","_links_to":"","_links_to_target":""},"class_list":["post-5493","page","type-page","status-publish","has-post-thumbnail","hentry"],"acf":[],"_links":{"self":[{"href":"https:\/\/bon.uksw.edu.pl\/pl\/wp-json\/wp\/v2\/pages\/5493","targetHints":{"allow":["GET"]}}],"collection":[{"href":"https:\/\/bon.uksw.edu.pl\/pl\/wp-json\/wp\/v2\/pages"}],"about":[{"href":"https:\/\/bon.uksw.edu.pl\/pl\/wp-json\/wp\/v2\/types\/page"}],"author":[{"embeddable":true,"href":"https:\/\/bon.uksw.edu.pl\/pl\/wp-json\/wp\/v2\/users\/608"}],"replies":[{"embeddable":true,"href":"https:\/\/bon.uksw.edu.pl\/pl\/wp-json\/wp\/v2\/comments?post=5493"}],"version-history":[{"count":8,"href":"https:\/\/bon.uksw.edu.pl\/pl\/wp-json\/wp\/v2\/pages\/5493\/revisions"}],"predecessor-version":[{"id":6304,"href":"https:\/\/bon.uksw.edu.pl\/pl\/wp-json\/wp\/v2\/pages\/5493\/revisions\/6304"}],"up":[{"embeddable":true,"href":"https:\/\/bon.uksw.edu.pl\/pl\/wp-json\/wp\/v2\/pages\/5477"}],"wp:featuredmedia":[{"embeddable":true,"href":"https:\/\/bon.uksw.edu.pl\/pl\/wp-json\/wp\/v2\/media\/5454"}],"wp:attachment":[{"href":"https:\/\/bon.uksw.edu.pl\/pl\/wp-json\/wp\/v2\/media?parent=5493"}],"curies":[{"name":"wp","href":"https:\/\/api.w.org\/{rel}","templated":true}]}}