{"id":5495,"date":"2024-09-10T14:25:39","date_gmt":"2024-09-10T12:25:39","guid":{"rendered":"https:\/\/bon.uksw.edu.pl\/?page_id=5495"},"modified":"2025-11-03T10:58:04","modified_gmt":"2025-11-03T09:58:04","slug":"asystent-dydaktyczny","status":"publish","type":"page","link":"https:\/\/bon.uksw.edu.pl\/poradnia-psychologiczno-pedagogiczna\/asystent-dydaktyczny\/","title":{"rendered":"Asystent dydaktyczny"},"content":{"rendered":"\n<p class=\"has-text-align-center\">Konsultacje z&nbsp;asystentem dydaktycznym odbywaj\u0105 si\u0119 w&nbsp; <strong>bud. 23, pok. 018<\/strong>, <strong>Kampus W\u00f3ycickiego<\/strong><\/p>\n\n\n\n<p class=\"has-text-align-center\">Aktualny harmonogram dy\u017cur\u00f3w specjalist\u00f3w w roku akademickim 2025\/2026 dost\u0119pny na stronie <strong><a href=\"https:\/\/cd.uksw.edu.pl\/poradnia-psychologiczno-pedagogiczna\/asystent-dydaktyczny\/\">Centrum Dost\u0119pno\u015bci UKSW<\/a><\/strong><\/p>\n\n\n\n<div class=\"wp-block-columns\">\n<div class=\"wp-block-column\" style=\"flex-basis:33.33%\">\n<figure class=\"wp-block-image size-full\"><img decoding=\"async\" width=\"500\" height=\"500\" src=\"https:\/\/bon.uksw.edu.pl\/wp-content\/uploads\/sites\/16\/2024\/09\/Black-White-Minimalist-Signature-Personal-Brand-Logo5.png\" alt=\"\" class=\"wp-image-5572\" srcset=\"https:\/\/bon.uksw.edu.pl\/wp-content\/uploads\/sites\/16\/2024\/09\/Black-White-Minimalist-Signature-Personal-Brand-Logo5.png 500w, https:\/\/bon.uksw.edu.pl\/wp-content\/uploads\/sites\/16\/2024\/09\/Black-White-Minimalist-Signature-Personal-Brand-Logo5-300x300.png 300w, https:\/\/bon.uksw.edu.pl\/wp-content\/uploads\/sites\/16\/2024\/09\/Black-White-Minimalist-Signature-Personal-Brand-Logo5-150x150.png 150w\" sizes=\"(max-width: 500px) 100vw, 500px\" \/><\/figure>\n<\/div>\n\n\n\n<div class=\"wp-block-column\" style=\"flex-basis:66.66%\">\n<p><\/p>\n\n\n\n<p>Asystent dydaktyczny. Wspiera student\u00f3w z niepe\u0142nosprawno\u015bciami w procesie edukacyjnym, pomagaj\u0105c w organizacji pracy oraz dostosowywaniu materia\u0142\u00f3w dydaktycznych do indywidualnych potrzeb. Pomaga w obs\u0142udze konta studenta w systemie USOS, m.in. w zapisywaniu si\u0119 na przedmioty oraz egzaminy. <\/p>\n\n\n\n<h2 class=\"wp-block-heading\">Harmonogram konsultacji<\/h2>\n\n\n\n<p>W&nbsp;roku akademickim:<\/p>\n\n\n\n<p>Dy\u017cur stacjonarny: <strong>\u015aRODY w godz. 13.00 &#8211; 15.00<\/strong><\/p>\n\n\n\n<p>Dy\u017cur ON-LINE: <strong>PONIEDZIA\u0141KI w godz. 17.00 &#8211; 18.00 <\/strong><\/p>\n\n\n\n<p><strong>LUTY<\/strong><\/p>\n\n\n\n<ul class=\"wp-block-list\">\n<li>4, 5, 7, 11, 12, 13, 14, 18, 20, 21, 25, 26, 28 lutego 2025 r.<\/li>\n<\/ul>\n\n\n\n<p><strong>MARZEC<\/strong><\/p>\n\n\n\n<ul class=\"wp-block-list\">\n<li>4, 5, 7, 11, 12, 14, 18, 19, 21, 26, 27, 28 lutego 2025 r.<\/li>\n<\/ul>\n\n\n\n<p><strong>KWIECIE\u0143<\/strong><\/p>\n\n\n\n<p><strong>Dy\u017cury stacjonarne:<\/strong><\/p>\n\n\n\n<ul class=\"wp-block-list\">\n<li>4 kwietnia 2025 r. w godz. 9.00 &#8211; 12.00<\/li>\n\n\n\n<li>9, 15, 23, 30 kwietnia 2025 r. w godz. 13.00 &#8211; 15.00<\/li>\n\n\n\n<li>11, 25 kwietnia 2025 r. w godz. 12.00 &#8211; 15.00<\/li>\n<\/ul>\n\n\n\n<p><\/p>\n\n\n\n<p><strong>Dy\u017cury on-line:<\/strong><\/p>\n\n\n\n<ul class=\"wp-block-list\">\n<li>11, 25 kwietnia 2025 r. w godz. 17.00 &#8211; 18.00<\/li>\n<\/ul>\n\n\n\n<p><\/p>\n\n\n\n<p>Dy\u017cury dodatkowe: <strong><a href=\"https:\/\/bon.uksw.edu.pl\/2025\/01\/24\/dodatkowe-dyzury-psychologa-i-asystenta-dydaktycznego-w-trakcie-sesji-egzaminacyjnej\/\">harmonogram<\/a><\/strong><\/p>\n\n\n\n<p><strong>CZERWIEC<\/strong><\/p>\n\n\n\n<p><strong>Dy\u017cury stacjonarne:<\/strong><\/p>\n\n\n\n<ul class=\"wp-block-list\">\n<li>4, 6, 11, 25 czerwca 2025 r. w godzi. 13.00 &#8211; 15.00<\/li>\n\n\n\n<li>13 czerwca 2025 r. w godz. 8.00 &#8211; 11.00<\/li>\n\n\n\n<li>27 czerwca 2025 r. w godz. 10.00 &#8211; 15.00<\/li>\n<\/ul>\n\n\n\n<p><strong>Dy\u017cury on-line:<\/strong><\/p>\n\n\n\n<ul class=\"wp-block-list\">\n<li>6, 13 czerwca 2025 r. w godz. 17.00 &#8211; 18.00<\/li>\n<\/ul>\n\n\n\n<p><strong>LIPIEC<\/strong><\/p>\n\n\n\n<p><strong>Dy\u017cur stacjonarny:<\/strong><\/p>\n\n\n\n<ul class=\"wp-block-list\">\n<li>2 lipca 2025 r. w godz. 15.00 &#8211; 15.00<\/li>\n<\/ul>\n\n\n\n<p><strong>Dy\u017cur on-line:<\/strong><\/p>\n\n\n\n<ul class=\"wp-block-list\">\n<li>3 &#8211; 4 lipca 2025 r. w godz. 13.00 &#8211; 15.00<\/li>\n\n\n\n<li>8, 9, 10, 11 lipca 2025 r. w godz. 16.00 &#8211; 18.00<\/li>\n<\/ul>\n\n\n\n<p>Dy\u017cury on-line odbywaj\u0105 si\u0119 na platformie MSTeams po wcze\u015bniejszym um\u00f3wieniu si\u0119 mailowo <strong>m.nowosielska@uksw.edu.pl<\/strong><\/p>\n<\/div>\n<\/div>\n\n\n\n<div class=\"wp-block-columns\">\n<div class=\"wp-block-column\" style=\"flex-basis:33.33%\">\n<figure class=\"wp-block-image size-full\"><img decoding=\"async\" width=\"500\" height=\"500\" src=\"https:\/\/bon.uksw.edu.pl\/wp-content\/uploads\/sites\/16\/2024\/09\/Black-White-Minimalist-Signature-Personal-Brand-Logo6.png\" alt=\"\" class=\"wp-image-5575\" srcset=\"https:\/\/bon.uksw.edu.pl\/wp-content\/uploads\/sites\/16\/2024\/09\/Black-White-Minimalist-Signature-Personal-Brand-Logo6.png 500w, https:\/\/bon.uksw.edu.pl\/wp-content\/uploads\/sites\/16\/2024\/09\/Black-White-Minimalist-Signature-Personal-Brand-Logo6-300x300.png 300w, https:\/\/bon.uksw.edu.pl\/wp-content\/uploads\/sites\/16\/2024\/09\/Black-White-Minimalist-Signature-Personal-Brand-Logo6-150x150.png 150w\" sizes=\"(max-width: 500px) 100vw, 500px\" \/><\/figure>\n<\/div>\n\n\n\n<div class=\"wp-block-column\" style=\"flex-basis:66.66%\">\n<p><\/p>\n\n\n\n<p>Asystent dydaktyczny. Wspiera student\u00f3w z niepe\u0142nosprawno\u015bciami w procesie edukacyjnym, pomagaj\u0105c w organizacji pracy oraz dostosowywaniu materia\u0142\u00f3w dydaktycznych do indywidualnych potrzeb. Pomaga w obs\u0142udze konta studenta w systemie USOS, m.in. w zapisywaniu si\u0119 na przedmioty oraz egzaminy.<\/p>\n\n\n\n<h2 class=\"wp-block-heading\">Harmonogram konsultacji<\/h2>\n\n\n\n<p>W&nbsp;roku akademickim:<\/p>\n\n\n\n<p><strong>STYCZE\u0143<\/strong><\/p>\n\n\n\n<ul class=\"wp-block-list\">\n<li>3, 10, 13, 17, 20, 24, 27, 31 stycznia 2025 r.<\/li>\n<\/ul>\n\n\n\n<p><strong>LUTY<\/strong><\/p>\n\n\n\n<ul class=\"wp-block-list\">\n<li>4, 6, 7, 11, 13, 14 luty 2025 r.<\/li>\n<\/ul>\n\n\n\n<p><strong>MARZEC<\/strong><\/p>\n\n\n\n<ul class=\"wp-block-list\">\n<li>6, 7, 13, 14, 20, 21 marca 2025 r.<\/li>\n<\/ul>\n\n\n\n<p><strong>CZERWIEC<\/strong><\/p>\n\n\n\n<ul class=\"wp-block-list\">\n<li>5, 12 czerwca 2025 r. w godz. 11.30 &#8211; 12.30<\/li>\n\n\n\n<li>14 czerwca 2025 r. w godz. 10.00 &#8211; 11.00<\/li>\n<\/ul>\n\n\n\n<p>Dy\u017cury odbywaj\u0105 si\u0119 na Kampusie W\u00f3ycickiego w budynku nr 15, sala nr 17<\/p>\n<\/div>\n<\/div>\n\n\n\n<p><\/p>\n\n\n\n<p><\/p>\n","protected":false},"excerpt":{"rendered":"<p>Konsultacje z&nbsp;asystentem dydaktycznym odbywaj\u0105 si\u0119 w&nbsp; bud. 23, pok. 018, Kampus W\u00f3ycickiego Aktualny harmonogram dy\u017cur\u00f3w specjalist\u00f3w w roku akademickim 2025\/2026 dost\u0119pny na stronie Centrum Dost\u0119pno\u015bci UKSW Asystent dydaktyczny. Wspiera student\u00f3w z niepe\u0142nosprawno\u015bciami w procesie edukacyjnym, pomagaj\u0105c w organizacji pracy oraz dostosowywaniu materia\u0142\u00f3w dydaktycznych do indywidualnych potrzeb. Pomaga w obs\u0142udze konta studenta w systemie USOS, m.in. [&hellip;]<\/p>\n","protected":false},"author":608,"featured_media":5496,"parent":5477,"menu_order":4,"comment_status":"closed","ping_status":"closed","template":"page-templates\/template-sub-page.php","meta":{"_acf_changed":false,"inline_featured_image":false,"footnotes":"","_links_to":"","_links_to_target":""},"class_list":["post-5495","page","type-page","status-publish","has-post-thumbnail","hentry"],"acf":[],"_links":{"self":[{"href":"https:\/\/bon.uksw.edu.pl\/pl\/wp-json\/wp\/v2\/pages\/5495","targetHints":{"allow":["GET"]}}],"collection":[{"href":"https:\/\/bon.uksw.edu.pl\/pl\/wp-json\/wp\/v2\/pages"}],"about":[{"href":"https:\/\/bon.uksw.edu.pl\/pl\/wp-json\/wp\/v2\/types\/page"}],"author":[{"embeddable":true,"href":"https:\/\/bon.uksw.edu.pl\/pl\/wp-json\/wp\/v2\/users\/608"}],"replies":[{"embeddable":true,"href":"https:\/\/bon.uksw.edu.pl\/pl\/wp-json\/wp\/v2\/comments?post=5495"}],"version-history":[{"count":12,"href":"https:\/\/bon.uksw.edu.pl\/pl\/wp-json\/wp\/v2\/pages\/5495\/revisions"}],"predecessor-version":[{"id":6315,"href":"https:\/\/bon.uksw.edu.pl\/pl\/wp-json\/wp\/v2\/pages\/5495\/revisions\/6315"}],"up":[{"embeddable":true,"href":"https:\/\/bon.uksw.edu.pl\/pl\/wp-json\/wp\/v2\/pages\/5477"}],"wp:featuredmedia":[{"embeddable":true,"href":"https:\/\/bon.uksw.edu.pl\/pl\/wp-json\/wp\/v2\/media\/5496"}],"wp:attachment":[{"href":"https:\/\/bon.uksw.edu.pl\/pl\/wp-json\/wp\/v2\/media?parent=5495"}],"curies":[{"name":"wp","href":"https:\/\/api.w.org\/{rel}","templated":true}]}}