{"id":5498,"date":"2024-09-10T14:31:16","date_gmt":"2024-09-10T12:31:16","guid":{"rendered":"https:\/\/bon.uksw.edu.pl\/?page_id=5498"},"modified":"2025-02-11T13:54:49","modified_gmt":"2025-02-11T12:54:49","slug":"wsparcie-duchowe","status":"publish","type":"page","link":"https:\/\/bon.uksw.edu.pl\/poradnia-psychologiczno-pedagogiczna\/wsparcie-duchowe\/","title":{"rendered":"Wsparcie duchowe"},"content":{"rendered":"\n<p class=\"has-text-align-center\">Spotkania z ksi\u0119dzem odbywaj\u0105 si\u0119 w&nbsp; <strong>bud. 23, pok. 016<\/strong>, <strong>Kampus W\u00f3ycickiego<\/strong><\/p>\n\n\n\n<div class=\"wp-block-columns\">\n<div class=\"wp-block-column\" style=\"flex-basis:33.33%\">\n<figure class=\"wp-block-image size-full\"><img decoding=\"async\" width=\"500\" height=\"500\" src=\"https:\/\/bon.uksw.edu.pl\/wp-content\/uploads\/sites\/16\/2024\/09\/Black-White-Minimalist-Signature-Personal-Brand-Logo6.png\" alt=\"\" class=\"wp-image-5575\" srcset=\"https:\/\/bon.uksw.edu.pl\/wp-content\/uploads\/sites\/16\/2024\/09\/Black-White-Minimalist-Signature-Personal-Brand-Logo6.png 500w, https:\/\/bon.uksw.edu.pl\/wp-content\/uploads\/sites\/16\/2024\/09\/Black-White-Minimalist-Signature-Personal-Brand-Logo6-300x300.png 300w, https:\/\/bon.uksw.edu.pl\/wp-content\/uploads\/sites\/16\/2024\/09\/Black-White-Minimalist-Signature-Personal-Brand-Logo6-150x150.png 150w\" sizes=\"(max-width: 500px) 100vw, 500px\" \/><\/figure>\n<\/div>\n\n\n\n<div class=\"wp-block-column\" style=\"flex-basis:66.66%\">\n<p><\/p>\n\n\n\n<p>Oferuje wsparcie duchowe. Pomaga studentom w radzeniu sobie z trudno\u015bciami \u017cyciowymi i emocjonalnymi z perspektywy duchowej, oferuj\u0105c wsparcie i zrozumienie w kontek\u015bcie religijnym i duchowym.<\/p>\n\n\n\n<h2 class=\"wp-block-heading\">Harmonogram spotka\u0144<\/h2>\n\n\n\n<p>W&nbsp;roku akademickim:<\/p>\n\n\n\n<p>Termin spotkania ustalany jest po wcze\u015bniejszym kontakcie mailowym: <a href=\"mailto:j.nieweglowski@uksw.edu.pl\"><strong>j.nieweglowski@uksw.edu.pl<\/strong><\/a><\/p>\n\n\n\n<p>Dy\u017cury dodatkowe: <strong><a href=\"https:\/\/bon.uksw.edu.pl\/2024\/09\/17\/dyzur-psychologa-i-wsparcie-duchowe-dla-studentow-uksw\/\">harmonogram<\/a><\/strong><\/p>\n<\/div>\n<\/div>\n\n\n\n<p><\/p>\n","protected":false},"excerpt":{"rendered":"<p>Spotkania z ksi\u0119dzem odbywaj\u0105 si\u0119 w&nbsp; bud. 23, pok. 016, Kampus W\u00f3ycickiego Oferuje wsparcie duchowe. Pomaga studentom w radzeniu sobie z trudno\u015bciami \u017cyciowymi i emocjonalnymi z perspektywy duchowej, oferuj\u0105c wsparcie i zrozumienie w kontek\u015bcie religijnym i duchowym. Harmonogram spotka\u0144 W&nbsp;roku akademickim: Termin spotkania ustalany jest po wcze\u015bniejszym kontakcie mailowym: j.nieweglowski@uksw.edu.pl Dy\u017cury dodatkowe: harmonogram<\/p>\n","protected":false},"author":608,"featured_media":5578,"parent":5477,"menu_order":5,"comment_status":"closed","ping_status":"closed","template":"page-templates\/template-sub-page.php","meta":{"_acf_changed":false,"inline_featured_image":false,"footnotes":"","_links_to":"","_links_to_target":""},"class_list":["post-5498","page","type-page","status-publish","has-post-thumbnail","hentry"],"acf":[],"_links":{"self":[{"href":"https:\/\/bon.uksw.edu.pl\/pl\/wp-json\/wp\/v2\/pages\/5498","targetHints":{"allow":["GET"]}}],"collection":[{"href":"https:\/\/bon.uksw.edu.pl\/pl\/wp-json\/wp\/v2\/pages"}],"about":[{"href":"https:\/\/bon.uksw.edu.pl\/pl\/wp-json\/wp\/v2\/types\/page"}],"author":[{"embeddable":true,"href":"https:\/\/bon.uksw.edu.pl\/pl\/wp-json\/wp\/v2\/users\/608"}],"replies":[{"embeddable":true,"href":"https:\/\/bon.uksw.edu.pl\/pl\/wp-json\/wp\/v2\/comments?post=5498"}],"version-history":[{"count":7,"href":"https:\/\/bon.uksw.edu.pl\/pl\/wp-json\/wp\/v2\/pages\/5498\/revisions"}],"predecessor-version":[{"id":5991,"href":"https:\/\/bon.uksw.edu.pl\/pl\/wp-json\/wp\/v2\/pages\/5498\/revisions\/5991"}],"up":[{"embeddable":true,"href":"https:\/\/bon.uksw.edu.pl\/pl\/wp-json\/wp\/v2\/pages\/5477"}],"wp:featuredmedia":[{"embeddable":true,"href":"https:\/\/bon.uksw.edu.pl\/pl\/wp-json\/wp\/v2\/media\/5578"}],"wp:attachment":[{"href":"https:\/\/bon.uksw.edu.pl\/pl\/wp-json\/wp\/v2\/media?parent=5498"}],"curies":[{"name":"wp","href":"https:\/\/api.w.org\/{rel}","templated":true}]}}