{"id":5501,"date":"2024-09-10T14:34:13","date_gmt":"2024-09-10T12:34:13","guid":{"rendered":"https:\/\/bon.uksw.edu.pl\/?page_id=5501"},"modified":"2024-09-11T11:31:01","modified_gmt":"2024-09-11T09:31:01","slug":"pokoj-pracy-cichej-dla-studentow","status":"publish","type":"page","link":"https:\/\/bon.uksw.edu.pl\/poradnia-psychologiczno-pedagogiczna\/pokoj-pracy-cichej-dla-studentow\/","title":{"rendered":"Pok\u00f3j pracy cichej dla student\u00f3w"},"content":{"rendered":"\n<p class=\"has-text-align-center\"><\/p>\n\n\n\n<p><strong>Z inicjatywy Prorektor ds. Kszta\u0142cenia, dr hab. Anny Fidelus, prof. ucz., oraz Uczelnianego Koordynatora ds. Dost\u0119pno\u015bci, Micha\u0142a Sta\u0144czuka<\/strong>, Uniwersytet Kardyna\u0142a Stefana Wyszy\u0144skiego (UKSW) stworzy\u0142 \u201ePok\u00f3j pracy cichej\u201d \u2013 miejsce dedykowane studentom ze szczeg\u00f3lnymi potrzebami, zw\u0142aszcza tym, kt\u00f3rzy zmagaj\u0105 si\u0119 z nadwra\u017cliwo\u015bci\u0105 na ro\u017cnego rodzaju bod\u017ace zewn\u0119trzne i potrzebuj\u0105 przestrzeni do wyciszenia. <\/p>\n\n\n\n<p>Tworzenie takich przestrzeni jest zgodne z misj\u0105 UKSW, kt\u00f3ra k\u0142adzie du\u017cy nacisk na r\u00f3wno\u015b\u0107 szans i wspieranie wszystkich student\u00f3w w ich rozwoju akademickim i osobistym. Pok\u00f3j pracy cichej to przestrze\u0144, w kt\u00f3rej starannie zadbano o wygod\u0119 i funkcjonalno\u015b\u0107, maj\u0105c na uwadze potrzeby student\u00f3w. Wn\u0119trze zosta\u0142o wyposa\u017cone w ergonomiczne meble, kt\u00f3re zapewniaj\u0105 komfort podczas d\u0142ugotrwa\u0142ej pracy, a nowoczesny design sprzyja koncentracji i relaksowi. W pe\u0142ni wyposa\u017cone stanowisko komputerowe umo\u017cliwia swobodn\u0105 prac\u0119, a wygodne fotele pozwalaj\u0105 na chwil\u0119 odpoczynku. Celem jest zapewnienie, aby ka\u017cdy student m\u00f3g\u0142 odnale\u017a\u0107 w tej przestrzeni spok\u00f3j i wyciszenie, szczeg\u00f3lnie w trudniejszych momentach zwi\u0105zanych z nauk\u0105 czy codziennymi wyzwaniami akademickimi. <\/p>\n\n\n\n<p>Biuro ds. Os\u00f3b z Niepe\u0142nosprawno\u015bciami planuje w przysz\u0142o\u015bci doposa\u017cenie pokoju, aby jeszcze lepiej odpowiada\u0142 na potrzeby student\u00f3w. W planach jest tak\u017ce stworzenie podobnych przestrzeni na innych wydzia\u0142ach UKSW, co pozwoli zwi\u0119kszy\u0107 dost\u0119pno\u015b\u0107 takich miejsc i lepiej wspiera\u0107 student\u00f3w na ca\u0142ym kampusie.<\/p>\n\n\n\n<p><\/p>\n\n\n\n<h2 class=\"wp-block-heading\">Regulamin korzystania z Pokoju pracy cichej<\/h2>\n\n\n\n<p class=\"has-text-align-left\">Aby zapewni\u0107 bezpieczne i efektywne korzystanie z Pokoju pracy cichej, wprowadzono szczeg\u00f3\u0142owy regulamin. Oto rozbudowana wersja zasad korzystania z tej przestrzeni: <\/p>\n\n\n\n<p><strong>Dost\u0119pno\u015b\u0107:<\/strong> <\/p>\n\n\n\n<ul class=\"wp-block-list\">\n<li>Pok\u00f3j pracy cichej jest dost\u0119pny wy\u0142\u0105cznie dla student\u00f3w zarejestrowanych w Biurze ds. Os\u00f3b z Niepe\u0142nosprawno\u015bciami (BON) UKSW. <\/li>\n\n\n\n<li>W celu uzyskania dost\u0119pu do pokoju, student musi zg\u0142osi\u0107 ch\u0119\u0107 skorzystania z pomieszczenia, wpisuj\u0105c si\u0119 na list\u0119 u\u017cytkownik\u00f3w w BON.<\/li>\n<\/ul>\n\n\n\n<p><strong>Godziny otwarcia<\/strong>: <\/p>\n\n\n\n<ul class=\"wp-block-list\">\n<li>pok\u00f3j pracy cichej jest otwarty <strong>od poniedzia\u0142ku do pi\u0105tku w godzinach 8:00-14:30<\/strong>, zgodnie z harmonogramem pracy BON. Nale\u017cy pami\u0119ta\u0107, \u017ce podczas dy\u017cur\u00f3w specjalist\u00f3w z Poradni Psychologiczno-Pedagogicznej pok\u00f3j ten nie jest dost\u0119pny. Aktualny grafik dy\u017cur\u00f3w mo\u017cna znale\u017a\u0107 na stronie internetowej BON. <\/li>\n<\/ul>\n\n\n\n<p><strong>Zasady korzystania z wyposa\u017cenia<\/strong>:<\/p>\n\n\n\n<ul class=\"wp-block-list\">\n<li> Stanowisko komputerowe w pokoju pracy cichej jest dost\u0119pne do swobodnego u\u017cytku student\u00f3w.<\/li>\n\n\n\n<li> U\u017cytkownicy maj\u0105 obowi\u0105zek korzysta\u0107 ze sprz\u0119tu zgodnie z jego przeznaczeniem i dba\u0107 o jego stan.<\/li>\n\n\n\n<li>Zabrania si\u0119 wprowadzania jakichkolwiek zmian w konfiguracji komputera oraz instalowania dodatkowego oprogramowania, kt\u00f3re mo\u017ce wp\u0142yn\u0105\u0107 na dzia\u0142anie sprz\u0119tu.<\/li>\n\n\n\n<li>U\u017cytkownicy s\u0105 zobowi\u0105zani do odpowiedzialnego korzystania z urz\u0105dze\u0144, w tym do unikania dzia\u0142a\u0144, kt\u00f3re mog\u0105 spowodowa\u0107 uszkodzenie sprz\u0119tu. <\/li>\n\n\n\n<li>Korzystanie z przestrzeni Pok\u00f3j pracy cichej s\u0142u\u017cy wy\u0142\u0105cznie do nauki, pracy oraz relaksu. <\/li>\n\n\n\n<li>W pomieszczeniu mo\u017cna korzysta\u0107 zar\u00f3wno z dokument\u00f3w bibliotecznych, jak i w\u0142asnych materia\u0142\u00f3w edukacyjnych.<\/li>\n\n\n\n<li>Studenci mog\u0105 sp\u0119dza\u0107 czas w pokoju zgodnie z ustalonym harmonogramem i regulaminem BON, ale przestrze\u0144 powinna by\u0107 u\u017cytkowana w spos\u00f3b, kt\u00f3ry nie zak\u0142\u00f3ca spokoju innych u\u017cytkownik\u00f3w. <\/li>\n<\/ul>\n\n\n\n<p><strong>Odpowiedzialno\u015b\u0107 za pozostawione przedmioty<\/strong><\/p>\n\n\n\n<ul class=\"wp-block-list\">\n<li>Biuro ds. Os\u00f3b z Niepe\u0142nosprawno\u015bciami nie ponosi odpowiedzialno\u015bci za przedmioty pozostawione przez student\u00f3w w pokoju. Zaleca si\u0119, aby studenci nie zostawiali warto\u015bciowych rzeczy bez nadzoru. <\/li>\n<\/ul>\n\n\n\n<p><strong>Zasady bezpiecze\u0144stwa <\/strong><\/p>\n\n\n\n<ul class=\"wp-block-list\">\n<li>Studenci korzystaj\u0105cy z pokoju s\u0105 zobowi\u0105zani do przestrzegania zasad bezpiecze\u0144stwa i zachowania porz\u0105dku w pomieszczeniu. <\/li>\n\n\n\n<li>Wszelkie usterki lub problemy techniczne nale\u017cy natychmiast zg\u0142asza\u0107 do pracownik\u00f3w BON. <\/li>\n\n\n\n<li>Zabrania si\u0119 spo\u017cywania posi\u0142k\u00f3w oraz napoj\u00f3w w pokoju, aby zapobiec uszkodzeniu sprz\u0119tu oraz zapewni\u0107 czysto\u015b\u0107 i higien\u0119 w pomieszczeniu.<\/li>\n<\/ul>\n\n\n\n<p><strong>Zak\u0142\u00f3cenia i odpowiedzialno\u015b\u0107<\/strong><\/p>\n\n\n\n<ul class=\"wp-block-list\">\n<li>Studenci s\u0105 zobowi\u0105zani do przestrzegania ciszy i spokoju w pokoju, aby zapewni\u0107 komfort wszystkim korzystaj\u0105cym. <\/li>\n\n\n\n<li>Zak\u0142\u00f3canie porz\u0105dku mo\u017ce skutkowa\u0107 utrat\u0105 dost\u0119pu do pokoju. <\/li>\n<\/ul>\n\n\n\n<p><strong>Czas u\u017cytkowania<\/strong><\/p>\n\n\n\n<ul class=\"wp-block-list\">\n<li>Korzystanie z pokoju pracy cichej mo\u017ce by\u0107 ograniczone czasowo, je\u015bli liczba zainteresowanych student\u00f3w przekracza dost\u0119pne zasoby. W takiej sytuacji pracownicy BON b\u0119d\u0105 odpowiedzialni za ustalanie harmonogramu u\u017cytkowania pomieszczenia. <\/li>\n<\/ul>\n\n\n\n<p><\/p>\n\n\n\n<p><br><\/p>\n","protected":false},"excerpt":{"rendered":"<p>Z inicjatywy Prorektor ds. Kszta\u0142cenia, dr hab. Anny Fidelus, prof. ucz., oraz Uczelnianego Koordynatora ds. Dost\u0119pno\u015bci, Micha\u0142a Sta\u0144czuka, Uniwersytet Kardyna\u0142a Stefana Wyszy\u0144skiego (UKSW) stworzy\u0142 \u201ePok\u00f3j pracy cichej\u201d \u2013 miejsce dedykowane studentom ze szczeg\u00f3lnymi potrzebami, zw\u0142aszcza tym, kt\u00f3rzy zmagaj\u0105 si\u0119 z nadwra\u017cliwo\u015bci\u0105 na ro\u017cnego rodzaju bod\u017ace zewn\u0119trzne i potrzebuj\u0105 przestrzeni do wyciszenia. Tworzenie takich przestrzeni jest [&hellip;]<\/p>\n","protected":false},"author":608,"featured_media":5021,"parent":5477,"menu_order":6,"comment_status":"closed","ping_status":"closed","template":"page-templates\/template-sub-page.php","meta":{"_acf_changed":false,"inline_featured_image":false,"footnotes":"","_links_to":"","_links_to_target":""},"class_list":["post-5501","page","type-page","status-publish","has-post-thumbnail","hentry"],"acf":[],"_links":{"self":[{"href":"https:\/\/bon.uksw.edu.pl\/pl\/wp-json\/wp\/v2\/pages\/5501","targetHints":{"allow":["GET"]}}],"collection":[{"href":"https:\/\/bon.uksw.edu.pl\/pl\/wp-json\/wp\/v2\/pages"}],"about":[{"href":"https:\/\/bon.uksw.edu.pl\/pl\/wp-json\/wp\/v2\/types\/page"}],"author":[{"embeddable":true,"href":"https:\/\/bon.uksw.edu.pl\/pl\/wp-json\/wp\/v2\/users\/608"}],"replies":[{"embeddable":true,"href":"https:\/\/bon.uksw.edu.pl\/pl\/wp-json\/wp\/v2\/comments?post=5501"}],"version-history":[{"count":2,"href":"https:\/\/bon.uksw.edu.pl\/pl\/wp-json\/wp\/v2\/pages\/5501\/revisions"}],"predecessor-version":[{"id":5517,"href":"https:\/\/bon.uksw.edu.pl\/pl\/wp-json\/wp\/v2\/pages\/5501\/revisions\/5517"}],"up":[{"embeddable":true,"href":"https:\/\/bon.uksw.edu.pl\/pl\/wp-json\/wp\/v2\/pages\/5477"}],"wp:featuredmedia":[{"embeddable":true,"href":"https:\/\/bon.uksw.edu.pl\/pl\/wp-json\/wp\/v2\/media\/5021"}],"wp:attachment":[{"href":"https:\/\/bon.uksw.edu.pl\/pl\/wp-json\/wp\/v2\/media?parent=5501"}],"curies":[{"name":"wp","href":"https:\/\/api.w.org\/{rel}","templated":true}]}}