{"id":5615,"date":"2024-09-21T07:08:33","date_gmt":"2024-09-21T05:08:33","guid":{"rendered":"https:\/\/bon.uksw.edu.pl\/?page_id=5615"},"modified":"2025-06-24T09:30:47","modified_gmt":"2025-06-24T07:30:47","slug":"punkt-pomocy-studenckiej","status":"publish","type":"page","link":"https:\/\/bon.uksw.edu.pl\/dla-studentow\/punkt-pomocy-studenckiej\/","title":{"rendered":"Punkt Pomocy Studenckiej"},"content":{"rendered":"\n<p id=\"block-c9ef3297-4b66-4266-8a32-1a67ffd7e9f0\">Celem programu jest wsparcie nowych student\u00f3w w okresie adaptacyjnym, poprzez zapewnienie im pomocy i poradnictwa w r\u00f3\u017cnych aspektach \u017cycia akademickiego i codziennego. Projekt ten jest realizowany przez okres pa\u017adziernika (29.09. &#8211; 24.10) \u2013 pierwszy miesi\u0105c roku akademickiego.<\/p>\n\n\n\n<p id=\"block-7f2bc3d1-2ea5-4858-9f88-f69e8353b20d\">PPS jest obs\u0142ugiwany przez student\u00f3w starszych rocznik\u00f3w, kt\u00f3rzy jako wolontariusze dziel\u0105 si\u0119 swoim do\u015bwiadczeniem i wiedz\u0105 z nowymi studentami.<\/p>\n\n\n\n<p id=\"block-b2e10935-8a16-47b1-a487-66fd1e08838f\">Punkty Pomocy Studenckiej zlokalizowane s\u0105 na Kampusie M\u0142ociny w budynkach 21 i 23. Wolontariusze s\u0105 dost\u0119pni przez ca\u0142y dzie\u0144 tj. 8.00 \u2013 18.00, aby w dogodnym czasie wspiera\u0107 student\u00f3w, oferuj\u0105c pomoc w nast\u0119puj\u0105cych obszarach:<\/p>\n\n\n\n<ul id=\"block-c095bf38-c4f4-4b00-b184-3ed9bd656646\" class=\"wp-block-list\">\n<li><strong>wsparcie informacyjne:<\/strong> Udzielanie informacji dotycz\u0105cych plan\u00f3w zaj\u0119\u0107, lokalizacji sal wyk\u0142adowych, korzystania z biblioteki oraz platform e-learningowych;<\/li>\n\n\n\n<li><strong>pomoc organizacyjna:<\/strong> Asystowanie w za\u0142atwianiu formalno\u015bci zwi\u0105zanych z rejestracj\u0105, wype\u0142nianiem dokument\u00f3w i zapisywaniem si\u0119 na zaj\u0119cia;<\/li>\n\n\n\n<li><strong>wsparcie socjalne:<\/strong> pomoc w adaptacji do \u017cycia akademickiego, wskaz\u00f3wki dotycz\u0105ce zakwaterowania, transportu oraz integracji ze spo\u0142eczno\u015bci\u0105 studenck\u0105;<\/li>\n\n\n\n<li><strong>rozwi\u0105zywanie problem\u00f3w:<\/strong> udzielanie porad i wsparcia w rozwi\u0105zywaniu bie\u017c\u0105cych problem\u00f3w osobistych i akademickich, a tak\u017ce kierowanie do odpowiednich instytucji i biur uniwersyteckich.<\/li>\n<\/ul>\n\n\n\n<p id=\"block-35af0a29-cdbe-4a95-81cb-bc09168ecbbb\">Inicjatywa ta jest niezwykle wa\u017cna, poniewa\u017c u\u0142atwia nowym studentom przystosowanie si\u0119 do nowego \u015brodowiska akademickiego, promuj\u0105c jednocze\u015bnie integracj\u0119 spo\u0142eczn\u0105 oraz budowanie silnej wsp\u00f3lnoty akademickiej. Wolontariusze, kt\u00f3rzy wezm\u0105 udzia\u0142 w projekcie, zyskaj\u0105 cenne do\u015bwiadczenie, rozwijaj\u0105c umiej\u0119tno\u015bci interpersonalne i organizacyjne, a tym samym b\u0119d\u0105 mogli wykaza\u0107 si\u0119 swoj\u0105 empati\u0105 i zrozumie\u0107 jak cenna jest to warto\u015b\u0107 w wykonywaniu przysz\u0142ych zawod\u00f3w zaufania spo\u0142ecznego. Dodatkowo, ka\u017cdy wolontariusz otrzyma oficjalne za\u015bwiadczenie potwierdzaj\u0105ce jego udzia\u0142 w projekcie, co b\u0119dzie cennym dodatkiem do CV oraz wa\u017cnym punktem w staraniu si\u0119 o stypendium Rektora.<\/p>\n\n\n\n<h2 class=\"wp-block-heading\" id=\"block-e4bd0415-2c51-4ad9-8785-20d70392a917\">Znaczenie przedsi\u0119wzi\u0119cia<\/h2>\n\n\n\n<ul id=\"block-b58c846a-b57d-4aa0-9b11-c64f041bfd14\" class=\"wp-block-list\">\n<li>\u0142atwiejsza adaptacja: Nowi studenci cz\u0119sto maj\u0105 trudno\u015bci z przystosowaniem si\u0119 do nowego \u015brodowiska akademickiego. PPS umo\u017cliwi im szybsze i mniej stresuj\u0105ce wdro\u017cenie si\u0119 w \u017cycie uniwersyteckie;<\/li>\n\n\n\n<li>integracja spo\u0142eczna: Wolontariusze z PPS b\u0119d\u0105 promowa\u0107 integracj\u0119 nowych student\u00f3w ze spo\u0142eczno\u015bci\u0105 akademick\u0105, co pozytywnie wp\u0142ynie na ich samopoczucie i motywacj\u0119 do nauki;<\/li>\n\n\n\n<li>rozw\u00f3j umiej\u0119tno\u015bci wolontariuszy: Starsi studenci zaanga\u017cowani w wolontariat zdob\u0119d\u0105 cenne do\u015bwiadczenie w pracy z lud\u017ami, rozwijaj\u0105c umiej\u0119tno\u015bci interpersonalne i organizacyjne, co b\u0119dzie atutem w ich przysz\u0142ej karierze zawodowej;<\/li>\n\n\n\n<li>budowanie wsp\u00f3lnoty: PPS przyczyni si\u0119 do budowania silnej, zintegrowanej spo\u0142eczno\u015bci akademickiej, w kt\u00f3rej studenci wspieraj\u0105 si\u0119 nawzajem, co jest fundamentem warto\u015bci UKSW.<\/li>\n<\/ul>\n\n\n<div class=\"wp-block-image\">\n<figure class=\"aligncenter size-large\"><img decoding=\"async\" width=\"724\" height=\"1024\" src=\"https:\/\/bon.uksw.edu.pl\/wp-content\/uploads\/sites\/16\/2025\/06\/Beige-Pink-Illustrative-International-Pride-Day-A3-Poster-724x1024.jpg\" alt=\"\" class=\"wp-image-6109\" srcset=\"https:\/\/bon.uksw.edu.pl\/wp-content\/uploads\/sites\/16\/2025\/06\/Beige-Pink-Illustrative-International-Pride-Day-A3-Poster-724x1024.jpg 724w, https:\/\/bon.uksw.edu.pl\/wp-content\/uploads\/sites\/16\/2025\/06\/Beige-Pink-Illustrative-International-Pride-Day-A3-Poster-212x300.jpg 212w, https:\/\/bon.uksw.edu.pl\/wp-content\/uploads\/sites\/16\/2025\/06\/Beige-Pink-Illustrative-International-Pride-Day-A3-Poster-768x1086.jpg 768w, https:\/\/bon.uksw.edu.pl\/wp-content\/uploads\/sites\/16\/2025\/06\/Beige-Pink-Illustrative-International-Pride-Day-A3-Poster-1086x1536.jpg 1086w, https:\/\/bon.uksw.edu.pl\/wp-content\/uploads\/sites\/16\/2025\/06\/Beige-Pink-Illustrative-International-Pride-Day-A3-Poster-1448x2048.jpg 1448w, https:\/\/bon.uksw.edu.pl\/wp-content\/uploads\/sites\/16\/2025\/06\/Beige-Pink-Illustrative-International-Pride-Day-A3-Poster-170x240.jpg 170w, https:\/\/bon.uksw.edu.pl\/wp-content\/uploads\/sites\/16\/2025\/06\/Beige-Pink-Illustrative-International-Pride-Day-A3-Poster.jpg 1587w\" sizes=\"(max-width: 724px) 100vw, 724px\" \/><\/figure><\/div>\n\n\n<p><\/p>\n\n\n\n<h2 class=\"wp-block-heading\" id=\"block-e478a12b-e44c-4012-991b-a81c3e653351\">WOLONTARIAT<\/h2>\n\n\n\n<p id=\"block-9c58f720-bc2a-421d-8115-47ca4142ba1d\">Oferta wolontariatu skierowana jest do wszystkich student\u00f3w UKSW. <\/p>\n\n\n\n<p id=\"block-cbfd2955-85a2-44e0-96ce-7357806e38b1\"><strong>Lokalizacja i Harmonogram<\/strong><\/p>\n\n\n\n<ul id=\"block-69b623e2-ae5f-4500-bcf7-2273a6dfcd93\" class=\"wp-block-list\">\n<li>Lokalizacja: Kampus M\u0142ociny, budynki 21 i 23<\/li>\n\n\n\n<li>Okres wolontariatu: PA\u0179DZIERNIK<\/li>\n\n\n\n<li>Harmonogram: Wolontariusze b\u0119d\u0105 dost\u0119pni na terenie UKSW przez ca\u0142y dzie\u0144, tj. 8.00 \u2013 18.00 aby zapewni\u0107 wsparcie w dogodnym dla student\u00f3w czasie.<\/li>\n<\/ul>\n\n\n\n<p id=\"block-8e17e7da-f1ec-45da-850e-230ca6f544fe\"><strong>Zadania Wolontariuszy:<\/strong><\/p>\n\n\n\n<ul id=\"block-086c00ae-632e-4a66-9427-26d52b43614c\" class=\"wp-block-list\">\n<li>wsparcie informacyjne: Udzielanie informacji dotycz\u0105cych plan\u00f3w zaj\u0119\u0107, lokalizacji sal wyk\u0142adowych, korzystania z biblioteki oraz platform e-learningowych;<\/li>\n\n\n\n<li>pomoc organizacyjna: Asystowanie w za\u0142atwianiu formalno\u015bci zwi\u0105zanych z rejestracj\u0105, wype\u0142nianiem dokument\u00f3w i zapisywaniem si\u0119 na zaj\u0119cia;<\/li>\n\n\n\n<li>wsparcie socjalne: pomoc w adaptacji do \u017cycia akademickiego, wskaz\u00f3wki dotycz\u0105ce zakwaterowania, transportu oraz integracji ze spo\u0142eczno\u015bci\u0105 studenck\u0105;<\/li>\n\n\n\n<li>rozwi\u0105zywanie problem\u00f3w: udzielanie porad i wsparcia w rozwi\u0105zywaniu bie\u017c\u0105cych problem\u00f3w osobistych i akademickich, a tak\u017ce kierowanie do odpowiednich instytucji i biur uniwersyteckich.<\/li>\n<\/ul>\n\n\n\n<p id=\"block-f0c7afad-07ba-4ec3-bfe6-07d25d1b8067\"><strong>Korzy\u015bci dla Wolontariuszy:<\/strong><\/p>\n\n\n\n<ul id=\"block-8c497a16-0fb9-4f2d-b61f-9fd5f2a2e9e9\" class=\"wp-block-list\">\n<li>za\u015bwiadczenie o wolontariacie: Ka\u017cdy wolontariusz zaanga\u017cowany w dzia\u0142alno\u015b\u0107 PPS otrzyma oficjalne za\u015bwiadczenie potwierdzaj\u0105ce jego udzia\u0142 w projekcie. Takie za\u015bwiadczenie b\u0119dzie nie tylko dowodem na zaanga\u017cowanie spo\u0142eczne, ale r\u00f3wnie\u017c cennym dodatkiem do CV i mo\u017cliwo\u015bci\u0105 do rozliczenia praktyk studenckich;<\/li>\n\n\n\n<li>rozw\u00f3j osobisty: Udzia\u0142 w wolontariacie pozwala na rozwijanie umiej\u0119tno\u015bci komunikacyjnych, organizacyjnych oraz zdolno\u015bci do pracy zespo\u0142owej. Te kompetencje s\u0105 niezwykle cenione na rynku pracy;<\/li>\n\n\n\n<li>budowanie sieci kontakt\u00f3w: Wolontariusze maj\u0105 mo\u017cliwo\u015b\u0107 nawi\u0105zania kontakt\u00f3w z innymi studentami, co mo\u017ce zaowocowa\u0107 przysz\u0142\u0105 wsp\u00f3\u0142prac\u0105 akademick\u0105 lub zawodow\u0105;<\/li>\n<\/ul>\n\n\n\n<p id=\"block-a2b6a401-5339-45d7-8518-e1d0775c0a82\"><strong><a href=\"https:\/\/bon.uksw.edu.pl\/wp-content\/uploads\/sites\/16\/2024\/09\/Regulamin_PPS.pdf\">Regulamin programu &#8222;Punkt Pomocy Studenckiej&#8221;<\/a><\/strong><\/p>\n\n\n\n<h2 class=\"wp-block-heading\" id=\"block-ab73a769-e6e6-46e9-8a11-a0fc4e88e13f\">Formularz zg\u0142oszenia na wolontariat<\/h2>\n\n\n\n<div class=\"wp-block-columns\">\n<div class=\"wp-block-column\"><div class=\"wpforms-container wpforms-container-full wpforms-block wpforms-block-851cf7cf-21d9-4137-9595-b3748d273428 wpforms-render-modern\" id=\"wpforms-5604\"><form id=\"wpforms-form-5604\" class=\"wpforms-validate wpforms-form wpforms-ajax-form\" data-formid=\"5604\" method=\"post\" enctype=\"multipart\/form-data\" action=\"\/pl\/wp-json\/wp\/v2\/pages\/5615\" data-token=\"05c5829a9ab5b2c67ae808bbadef2d11\" data-token-time=\"1776406261\"><noscript class=\"wpforms-error-noscript\">Aby wype\u0142ni\u0107 ten formularz, w\u0142\u0105cz obs\u0142ug\u0119 JavaScript w przegl\u0105darce.<\/noscript><div class=\"wpforms-hidden\" id=\"wpforms-error-noscript\">Aby wype\u0142ni\u0107 ten formularz, w\u0142\u0105cz obs\u0142ug\u0119 JavaScript w przegl\u0105darce.<\/div><div class=\"wpforms-field-container\"><div id=\"wpforms-5604-field_1-container\" class=\"wpforms-field wpforms-field-name\" data-field-id=\"1\"><fieldset><legend class=\"wpforms-field-label\">Imi\u0119 i nazwisko <span class=\"wpforms-required-label\" aria-hidden=\"true\">*<\/span><\/legend><div class=\"wpforms-field-row wpforms-field-large\"><div class=\"wpforms-field-row-block wpforms-first wpforms-one-half\"><input type=\"text\" id=\"wpforms-5604-field_1\" class=\"wpforms-field-name-first wpforms-field-required\" name=\"wpforms[fields][1][first]\" aria-errormessage=\"wpforms-5604-field_1-error\" required><label for=\"wpforms-5604-field_1\" class=\"wpforms-field-sublabel after\">Pierwszy<\/label><\/div><div class=\"wpforms-field-row-block wpforms-one-half\"><input type=\"text\" id=\"wpforms-5604-field_1-last\" class=\"wpforms-field-name-last wpforms-field-required\" name=\"wpforms[fields][1][last]\" aria-errormessage=\"wpforms-5604-field_1-last-error\" required><label for=\"wpforms-5604-field_1-last\" class=\"wpforms-field-sublabel after\">Ostatni<\/label><\/div><\/div><\/fieldset><\/div><div id=\"wpforms-5604-field_3-container\" class=\"wpforms-field wpforms-field-email\" data-field-id=\"3\"><label class=\"wpforms-field-label\" for=\"wpforms-5604-field_3\">Email <span class=\"wpforms-required-label\" aria-hidden=\"true\">*<\/span><\/label><input type=\"email\" id=\"wpforms-5604-field_3\" class=\"wpforms-field-medium wpforms-field-required\" name=\"wpforms[fields][3]\" spellcheck=\"false\" aria-errormessage=\"wpforms-5604-field_3-error\" required><\/div><div id=\"wpforms-5604-field_7-container\" class=\"wpforms-field wpforms-field-text\" data-field-id=\"7\"><label class=\"wpforms-field-label\" for=\"wpforms-5604-field_7\">Telefon kontaktowy <span class=\"wpforms-required-label\" aria-hidden=\"true\">*<\/span><\/label><input type=\"text\" id=\"wpforms-5604-field_7\" class=\"wpforms-field-medium wpforms-field-required\" name=\"wpforms[fields][7]\" aria-errormessage=\"wpforms-5604-field_7-error\" required><\/div><div id=\"wpforms-5604-field_9-container\" class=\"wpforms-field wpforms-field-text\" data-field-id=\"9\"><label class=\"wpforms-field-label\" for=\"wpforms-5604-field_9\">Wydzia\u0142 UKSW <span class=\"wpforms-required-label\" aria-hidden=\"true\">*<\/span><\/label><input type=\"text\" id=\"wpforms-5604-field_9\" class=\"wpforms-field-medium wpforms-field-required\" name=\"wpforms[fields][9]\" aria-errormessage=\"wpforms-5604-field_9-error\" required><\/div><div id=\"wpforms-5604-field_11-container\" class=\"wpforms-field wpforms-field-text\" data-field-id=\"11\"><label class=\"wpforms-field-label\" for=\"wpforms-5604-field_11\">Kierunek studi\u00f3w <span class=\"wpforms-required-label\" aria-hidden=\"true\">*<\/span><\/label><input type=\"text\" id=\"wpforms-5604-field_11\" class=\"wpforms-field-medium wpforms-field-required\" name=\"wpforms[fields][11]\" aria-errormessage=\"wpforms-5604-field_11-error\" required><\/div><div id=\"wpforms-5604-field_28-container\" class=\"wpforms-field wpforms-field-text\" data-field-id=\"28\"><label class=\"wpforms-field-label\" for=\"wpforms-5604-field_28\">Rok studi\u00f3w <span class=\"wpforms-required-label\" aria-hidden=\"true\">*<\/span><\/label><input type=\"text\" id=\"wpforms-5604-field_28\" class=\"wpforms-field-medium wpforms-field-required\" name=\"wpforms[fields][28]\" aria-errormessage=\"wpforms-5604-field_28-error\" required><\/div><div id=\"wpforms-5604-field_30-container\" class=\"wpforms-field wpforms-field-radio wpforms-list-3-columns\" data-field-id=\"30\"><fieldset><legend class=\"wpforms-field-label\">Dyspozycyjno\u015b\u0107 <span class=\"wpforms-required-label\" aria-hidden=\"true\">*<\/span><\/legend><ul id=\"wpforms-5604-field_30\" class=\"wpforms-field-required\"><li class=\"choice-1 depth-1\"><input type=\"radio\" id=\"wpforms-5604-field_30_1\" name=\"wpforms[fields][30]\" value=\"29.09.2025\" aria-errormessage=\"wpforms-5604-field_30_1-error\" required ><label class=\"wpforms-field-label-inline\" for=\"wpforms-5604-field_30_1\">29.09.2025<\/label><\/li><li class=\"choice-25 depth-1\"><input type=\"radio\" id=\"wpforms-5604-field_30_25\" name=\"wpforms[fields][30]\" value=\"30.09.2025\" aria-errormessage=\"wpforms-5604-field_30_25-error\" required ><label class=\"wpforms-field-label-inline\" for=\"wpforms-5604-field_30_25\">30.09.2025<\/label><\/li><li class=\"choice-26 depth-1\"><input type=\"radio\" id=\"wpforms-5604-field_30_26\" name=\"wpforms[fields][30]\" value=\"01.10.2025\" aria-errormessage=\"wpforms-5604-field_30_26-error\" required ><label class=\"wpforms-field-label-inline\" for=\"wpforms-5604-field_30_26\">01.10.2025<\/label><\/li><li class=\"choice-2 depth-1\"><input type=\"radio\" id=\"wpforms-5604-field_30_2\" name=\"wpforms[fields][30]\" value=\"02.10.2025\" aria-errormessage=\"wpforms-5604-field_30_2-error\" required ><label class=\"wpforms-field-label-inline\" for=\"wpforms-5604-field_30_2\">02.10.2025<\/label><\/li><li class=\"choice-3 depth-1\"><input type=\"radio\" id=\"wpforms-5604-field_30_3\" name=\"wpforms[fields][30]\" value=\"03.10.2025\" aria-errormessage=\"wpforms-5604-field_30_3-error\" required ><label class=\"wpforms-field-label-inline\" for=\"wpforms-5604-field_30_3\">03.10.2025<\/label><\/li><li class=\"choice-24 depth-1\"><input type=\"radio\" id=\"wpforms-5604-field_30_24\" name=\"wpforms[fields][30]\" value=\"06.10.2025\" aria-errormessage=\"wpforms-5604-field_30_24-error\" required ><label class=\"wpforms-field-label-inline\" for=\"wpforms-5604-field_30_24\">06.10.2025<\/label><\/li><li class=\"choice-5 depth-1\"><input type=\"radio\" id=\"wpforms-5604-field_30_5\" name=\"wpforms[fields][30]\" value=\"07.10.2025\" aria-errormessage=\"wpforms-5604-field_30_5-error\" required ><label class=\"wpforms-field-label-inline\" for=\"wpforms-5604-field_30_5\">07.10.2025<\/label><\/li><li class=\"choice-6 depth-1\"><input type=\"radio\" id=\"wpforms-5604-field_30_6\" name=\"wpforms[fields][30]\" value=\"08.10.2025\" aria-errormessage=\"wpforms-5604-field_30_6-error\" required ><label class=\"wpforms-field-label-inline\" for=\"wpforms-5604-field_30_6\">08.10.2025<\/label><\/li><li class=\"choice-7 depth-1\"><input type=\"radio\" id=\"wpforms-5604-field_30_7\" name=\"wpforms[fields][30]\" value=\"09.10.2025\" aria-errormessage=\"wpforms-5604-field_30_7-error\" required ><label class=\"wpforms-field-label-inline\" for=\"wpforms-5604-field_30_7\">09.10.2025<\/label><\/li><li class=\"choice-8 depth-1\"><input type=\"radio\" id=\"wpforms-5604-field_30_8\" name=\"wpforms[fields][30]\" value=\"10.10.2025\" aria-errormessage=\"wpforms-5604-field_30_8-error\" required ><label class=\"wpforms-field-label-inline\" for=\"wpforms-5604-field_30_8\">10.10.2025<\/label><\/li><li class=\"choice-9 depth-1\"><input type=\"radio\" id=\"wpforms-5604-field_30_9\" name=\"wpforms[fields][30]\" value=\"13.10.2025\" aria-errormessage=\"wpforms-5604-field_30_9-error\" required ><label class=\"wpforms-field-label-inline\" for=\"wpforms-5604-field_30_9\">13.10.2025<\/label><\/li><li class=\"choice-10 depth-1\"><input type=\"radio\" id=\"wpforms-5604-field_30_10\" name=\"wpforms[fields][30]\" value=\"14.10.2025\" aria-errormessage=\"wpforms-5604-field_30_10-error\" required ><label class=\"wpforms-field-label-inline\" for=\"wpforms-5604-field_30_10\">14.10.2025<\/label><\/li><li class=\"choice-11 depth-1\"><input type=\"radio\" id=\"wpforms-5604-field_30_11\" name=\"wpforms[fields][30]\" value=\"15.10.2025\" aria-errormessage=\"wpforms-5604-field_30_11-error\" required ><label class=\"wpforms-field-label-inline\" for=\"wpforms-5604-field_30_11\">15.10.2025<\/label><\/li><li class=\"choice-12 depth-1\"><input type=\"radio\" id=\"wpforms-5604-field_30_12\" name=\"wpforms[fields][30]\" value=\"16.10.2025\" aria-errormessage=\"wpforms-5604-field_30_12-error\" required ><label class=\"wpforms-field-label-inline\" for=\"wpforms-5604-field_30_12\">16.10.2025<\/label><\/li><li class=\"choice-13 depth-1\"><input type=\"radio\" id=\"wpforms-5604-field_30_13\" name=\"wpforms[fields][30]\" value=\"17.10.2025\" aria-errormessage=\"wpforms-5604-field_30_13-error\" required ><label class=\"wpforms-field-label-inline\" for=\"wpforms-5604-field_30_13\">17.10.2025<\/label><\/li><li class=\"choice-14 depth-1\"><input type=\"radio\" id=\"wpforms-5604-field_30_14\" name=\"wpforms[fields][30]\" value=\"20.10.2025\" aria-errormessage=\"wpforms-5604-field_30_14-error\" required ><label class=\"wpforms-field-label-inline\" for=\"wpforms-5604-field_30_14\">20.10.2025<\/label><\/li><li class=\"choice-15 depth-1\"><input type=\"radio\" id=\"wpforms-5604-field_30_15\" name=\"wpforms[fields][30]\" value=\"21.10.2025\" aria-errormessage=\"wpforms-5604-field_30_15-error\" required ><label class=\"wpforms-field-label-inline\" for=\"wpforms-5604-field_30_15\">21.10.2025<\/label><\/li><li class=\"choice-16 depth-1 wpforms-selected\"><input type=\"radio\" id=\"wpforms-5604-field_30_16\" name=\"wpforms[fields][30]\" value=\"22.10.2025\" aria-errormessage=\"wpforms-5604-field_30_16-error\" required  checked='checked'><label class=\"wpforms-field-label-inline\" for=\"wpforms-5604-field_30_16\">22.10.2025<\/label><\/li><li class=\"choice-17 depth-1\"><input type=\"radio\" id=\"wpforms-5604-field_30_17\" name=\"wpforms[fields][30]\" value=\"23.10.2025\" aria-errormessage=\"wpforms-5604-field_30_17-error\" required ><label class=\"wpforms-field-label-inline\" for=\"wpforms-5604-field_30_17\">23.10.2025<\/label><\/li><li class=\"choice-18 depth-1\"><input type=\"radio\" id=\"wpforms-5604-field_30_18\" name=\"wpforms[fields][30]\" value=\"24.10.2025\" aria-errormessage=\"wpforms-5604-field_30_18-error\" required ><label class=\"wpforms-field-label-inline\" for=\"wpforms-5604-field_30_18\">24.10.2025<\/label><\/li><\/ul><\/fieldset><\/div><div id=\"wpforms-5604-field_31-container\" class=\"wpforms-field wpforms-field-radio\" data-field-id=\"31\"><fieldset><legend class=\"wpforms-field-label\">Godzina dyspozycyjno\u015bci <span class=\"wpforms-required-label\" aria-hidden=\"true\">*<\/span><\/legend><ul id=\"wpforms-5604-field_31\" class=\"wpforms-field-required\"><li class=\"choice-1 depth-1\"><input type=\"radio\" id=\"wpforms-5604-field_31_1\" name=\"wpforms[fields][31]\" value=\"8.00 - 11.15\" aria-errormessage=\"wpforms-5604-field_31_1-error\" required ><label class=\"wpforms-field-label-inline\" for=\"wpforms-5604-field_31_1\">8.00 &#8211; 11.15<\/label><\/li><li class=\"choice-2 depth-1\"><input type=\"radio\" id=\"wpforms-5604-field_31_2\" name=\"wpforms[fields][31]\" value=\"11.15 - 14.45\" aria-errormessage=\"wpforms-5604-field_31_2-error\" required ><label class=\"wpforms-field-label-inline\" for=\"wpforms-5604-field_31_2\">11.15 &#8211; 14.45<\/label><\/li><li class=\"choice-3 depth-1 wpforms-selected\"><input type=\"radio\" id=\"wpforms-5604-field_31_3\" name=\"wpforms[fields][31]\" value=\"14.45 - 18.00\" aria-errormessage=\"wpforms-5604-field_31_3-error\" required  checked='checked'><label class=\"wpforms-field-label-inline\" for=\"wpforms-5604-field_31_3\">14.45 &#8211; 18.00<\/label><\/li><\/ul><\/fieldset><\/div><div id=\"wpforms-5604-field_16-container\" class=\"wpforms-field wpforms-field-select wpforms-field-select-style-classic\" data-field-id=\"16\"><label class=\"wpforms-field-label\" for=\"wpforms-5604-field_16\">Miejsce pe\u0142nienia wolontariatu w PPS <span class=\"wpforms-required-label\" aria-hidden=\"true\">*<\/span><\/label><select id=\"wpforms-5604-field_16\" class=\"wpforms-field-medium wpforms-field-required\" name=\"wpforms[fields][16]\" required=\"required\"><option value=\"Kampus W\u00f3ycickiego, budynek 21\" >Kampus W\u00f3ycickiego, budynek 21<\/option><option value=\"Kampus W\u00f3ycickiego, budynek 23\" >Kampus W\u00f3ycickiego, budynek 23<\/option><\/select><\/div><div id=\"wpforms-5604-field_35-container\" class=\"wpforms-field wpforms-field-checkbox\" data-field-id=\"35\"><fieldset><legend class=\"wpforms-field-label\">Akceptacja Regulaminu <span class=\"wpforms-required-label\" aria-hidden=\"true\">*<\/span><\/legend><ul id=\"wpforms-5604-field_35\" class=\"wpforms-field-required\"><li class=\"choice-1 depth-1 wpforms-selected\"><input type=\"checkbox\" id=\"wpforms-5604-field_35_1\" name=\"wpforms[fields][35][]\" value=\"TAK\" aria-errormessage=\"wpforms-5604-field_35_1-error\" aria-describedby=\"wpforms-5604-field_35-description\" required  checked='checked'><label class=\"wpforms-field-label-inline\" for=\"wpforms-5604-field_35_1\">TAK<\/label><\/li><\/ul><div id=\"wpforms-5604-field_35-description\" class=\"wpforms-field-description\">Prosimy o wcze\u015bniejsze zapoznanie si\u0119 z tre\u015bci\u0105 Regulaminu Wolontariatu PPS, kt\u00f3ra jest dost\u0119pna na stronie www.bon.uksw.edu.pl<\/div><\/fieldset><\/div><\/div><!-- .wpforms-field-container --><div class=\"wpforms-submit-container\" ><input type=\"hidden\" name=\"wpforms[id]\" value=\"5604\"><input type=\"hidden\" name=\"page_title\" value=\"\"><input type=\"hidden\" name=\"page_url\" value=\"https:\/\/bon.uksw.edu.pl\/pl\/wp-json\/wp\/v2\/pages\/5615\"><input type=\"hidden\" name=\"url_referer\" value=\"\"><button type=\"submit\" name=\"wpforms[submit]\" id=\"wpforms-submit-5604\" class=\"wpforms-submit\" data-alt-text=\"Wysy\u0142a...\" data-submit-text=\"Wy\u015blij\" aria-live=\"assertive\" value=\"wpforms-submit\">Wy\u015blij<\/button><img decoding=\"async\" src=\"https:\/\/bon.uksw.edu.pl\/wp-content\/plugins\/wpforms-lite\/assets\/images\/submit-spin.svg\" class=\"wpforms-submit-spinner\" style=\"display: none;\" width=\"26\" height=\"26\" alt=\"Wczytywanie\"><\/div><\/form><\/div>  <!-- .wpforms-container --><\/div>\n\n\n\n<div class=\"wp-block-column\"><\/div>\n<\/div>\n","protected":false},"excerpt":{"rendered":"<p>Celem programu jest wsparcie nowych student\u00f3w w okresie adaptacyjnym, poprzez zapewnienie im pomocy i poradnictwa w r\u00f3\u017cnych aspektach \u017cycia akademickiego i codziennego. Projekt ten jest realizowany przez okres pa\u017adziernika (29.09. &#8211; 24.10) \u2013 pierwszy miesi\u0105c roku akademickiego. PPS jest obs\u0142ugiwany przez student\u00f3w starszych rocznik\u00f3w, kt\u00f3rzy jako wolontariusze dziel\u0105 si\u0119 swoim do\u015bwiadczeniem i wiedz\u0105 z nowymi [&hellip;]<\/p>\n","protected":false},"author":608,"featured_media":5616,"parent":3361,"menu_order":12,"comment_status":"closed","ping_status":"closed","template":"page-templates\/template-sub-page.php","meta":{"_acf_changed":false,"inline_featured_image":false,"footnotes":"","_links_to":"","_links_to_target":""},"class_list":["post-5615","page","type-page","status-publish","has-post-thumbnail","hentry"],"acf":[],"_links":{"self":[{"href":"https:\/\/bon.uksw.edu.pl\/pl\/wp-json\/wp\/v2\/pages\/5615","targetHints":{"allow":["GET"]}}],"collection":[{"href":"https:\/\/bon.uksw.edu.pl\/pl\/wp-json\/wp\/v2\/pages"}],"about":[{"href":"https:\/\/bon.uksw.edu.pl\/pl\/wp-json\/wp\/v2\/types\/page"}],"author":[{"embeddable":true,"href":"https:\/\/bon.uksw.edu.pl\/pl\/wp-json\/wp\/v2\/users\/608"}],"replies":[{"embeddable":true,"href":"https:\/\/bon.uksw.edu.pl\/pl\/wp-json\/wp\/v2\/comments?post=5615"}],"version-history":[{"count":13,"href":"https:\/\/bon.uksw.edu.pl\/pl\/wp-json\/wp\/v2\/pages\/5615\/revisions"}],"predecessor-version":[{"id":6141,"href":"https:\/\/bon.uksw.edu.pl\/pl\/wp-json\/wp\/v2\/pages\/5615\/revisions\/6141"}],"up":[{"embeddable":true,"href":"https:\/\/bon.uksw.edu.pl\/pl\/wp-json\/wp\/v2\/pages\/3361"}],"wp:featuredmedia":[{"embeddable":true,"href":"https:\/\/bon.uksw.edu.pl\/pl\/wp-json\/wp\/v2\/media\/5616"}],"wp:attachment":[{"href":"https:\/\/bon.uksw.edu.pl\/pl\/wp-json\/wp\/v2\/media?parent=5615"}],"curies":[{"name":"wp","href":"https:\/\/api.w.org\/{rel}","templated":true}]}}