{"id":5904,"date":"2024-12-18T13:24:47","date_gmt":"2024-12-18T12:24:47","guid":{"rendered":"https:\/\/bon.uksw.edu.pl\/?page_id=5904"},"modified":"2025-02-03T09:32:32","modified_gmt":"2025-02-03T08:32:32","slug":"uczelnia-jeszcze-bardziej-dostepna","status":"publish","type":"page","link":"https:\/\/bon.uksw.edu.pl\/projekty\/uczelnia-jeszcze-bardziej-dostepna\/","title":{"rendered":"Uczelnia  jeszcze bardziej dost\u0119pna"},"content":{"rendered":"\n<figure class=\"wp-block-image\"><img decoding=\"async\" width=\"1024\" height=\"132\" src=\"https:\/\/bon.uksw.edu.pl\/wp-content\/uploads\/sites\/16\/2024\/02\/PO-WER-1024x132.jpg\" alt=\"\" class=\"wp-image-5053\" srcset=\"https:\/\/bon.uksw.edu.pl\/wp-content\/uploads\/sites\/16\/2024\/02\/PO-WER-1024x132.jpg 1024w, https:\/\/bon.uksw.edu.pl\/wp-content\/uploads\/sites\/16\/2024\/02\/PO-WER-300x39.jpg 300w, https:\/\/bon.uksw.edu.pl\/wp-content\/uploads\/sites\/16\/2024\/02\/PO-WER-768x99.jpg 768w, https:\/\/bon.uksw.edu.pl\/wp-content\/uploads\/sites\/16\/2024\/02\/PO-WER-1536x197.jpg 1536w, https:\/\/bon.uksw.edu.pl\/wp-content\/uploads\/sites\/16\/2024\/02\/PO-WER-2048x263.jpg 2048w\" sizes=\"(max-width: 1024px) 100vw, 1024px\" \/><\/figure>\n\n\n\n<h2 class=\"wp-block-heading\"><strong>UKSW uczelnia jeszcze bardziej dost\u0119pna<\/strong><\/h2>\n\n\n\n<p><strong>Informacje podstawowe:<\/strong><\/p>\n\n\n\n<p>Projekt pn. \u201e<strong>UKSW uczelnia jeszcze bardziej dost\u0119pna<\/strong>\u201d realizowany jest w ramach programu <strong>Fundusze Europejskie dla Rozwoju Spo\u0142ecznego 2021-2027<\/strong> wsp\u00f3\u0142finansowanego ze \u015brodk\u00f3w Europejskiego Funduszu Spo\u0142ecznego Plus.<\/p>\n\n\n\n<p><strong>Projekt realizowany w okresie od 01.01.2025 do 31.12.2027.<\/strong><\/p>\n\n\n\n<p><strong>Numer projektu: <a>FERS.03.01-IP.08-0171\/24<\/a><\/strong><\/p>\n\n\n\n<p><strong>Lider projektu:<\/strong>\u00a0Uniwersytet Kardyna\u0142a Stefana Wyszy\u0144skiego w Warszawie<\/p>\n\n\n\n<p><strong>Partner projektu:\u00a0<\/strong>Fundacja Rozwoju Integralnego<\/p>\n\n\n\n<p><strong>Warto\u015b\u0107 projektu (\u0142\u0105czna wysoko\u015b\u0107 wydatk\u00f3w kwalifikowalnych): 7 808 420,40 z\u0142, w tym:<\/strong><\/p>\n\n\n\n<p><strong>&nbsp; &#8211;&nbsp; dofinansowanie ze \u015brodk\u00f3w europejskich: 6 443 508,51 z\u0142 (wk\u0142ad Funduszy Europejskich),<\/strong><\/p>\n\n\n\n<p><strong>&nbsp; &#8211; dofinansowanie ze \u015brodk\u00f3w dotacji celowej: 1&nbsp;130&nbsp;658,89 z\u0142 (wk\u0142ad bud\u017cetu RP),<\/strong><\/p>\n\n\n\n<p><strong>&nbsp; &#8211;&nbsp; wk\u0142ad w\u0142asny Uczelni 234 253,00 z\u0142.<\/strong><\/p>\n\n\n\n<p><\/p>\n\n\n\n<p><strong>Grupa docelowa:<\/strong><\/p>\n\n\n\n<p>1. Uczelnia wy\u017csza \u2013 UKSW- uczelnia publiczna, uczestnicz\u0105ca w procesie kszta\u0142cenia na poziomie wy\u017cszym, kt\u00f3ra wprowadzi zmiany organizacyjne oraz dostosuje swoj\u0105 ofert\u0119 dydaktyczn\u0105 oraz infrastruktur\u0119 do zasad dost\u0119pno\u015bci w 8 obszarach.<\/p>\n\n\n\n<p>2. Pracownicy uczelni, w tym:<\/p>\n\n\n\n<p>Kadra dydaktyczna: 485 os\u00f3b (w tym: 220K i 265M), kadra kierownicza stanowi w tej grupie 15%. Przeszkolonych zostanie 60% kadry dydaktycznej, w tym 90% kadry zarz\u0105dzaj\u0105cej.<\/p>\n\n\n\n<p>Kadra administracyjna: 265 os\u00f3b (w tym 159K, 106M), kadra zarz\u0105dzaj\u0105ca stanowi 15 % tej grupy Przeszkolonych zostanie 60% kadry administracyjnej, w tym 90% kadry zarz\u0105dzaj\u0105cej.<\/p>\n\n\n\n<p>W projekcie we\u017amie udzia\u0142 60% pracownik\u00f3w uczelni, czyli 750 os\u00f3b, w tym 485 os\u00f3b z kadry dydaktycznej i 265 z kadry administracyjnej. W\u015br\u00f3d 750 uczestnik\u00f3w 169 os\u00f3b to b\u0119d\u0105 osoby zajmuj\u0105ce stanowiska kierownicze, co stanowi 90% og\u00f3\u0142u kadry kierowniczej zatrudnionej na uczelni.<\/p>\n\n\n\n<p>3. Przedstawiciele samorz\u0105du studenckiego oraz innych organizacji zrzeszaj\u0105cych student\u00f3w i doktorant\u00f3w UKSW \u2013 30 os\u00f3b.<\/p>\n\n\n\n<p><strong>Cel projektu:<\/strong><\/p>\n\n\n\n<p>Celem g\u0142\u00f3wnym projektu jest kontynuacja przez UKSW procesu wdra\u017cania dost\u0119pno\u015bci, jego doskonalenie i dalszy rozw\u00f3j w tym obszarze, zapewniaj\u0105c tym samym osobom ze szczeg\u00f3lnymi potrzebami, w tym osobom z niepe\u0142nosprawno\u015bciami, mo\u017cliwo\u015b\u0107 pe\u0142nego skorzystania z oferty szkolnictwa wy\u017cszego. Realizacja tego celu ma na celu stworzenie inkluzywnego \u015brodowiska akademickiego, w kt\u00f3rym ka\u017cdy student, niezale\u017cnie od swoich indywidualnych potrzeb, mo\u017ce efektywnie uczestniczy\u0107 w procesie edukacyjnym.<strong><\/strong><\/p>\n\n\n\n<p>Cel g\u0142\u00f3wny zostanie osi\u0105gni\u0119ty poprzez wdro\u017cenie kompleksowych dzia\u0142a\u0144 zmierzaj\u0105cych do dostosowania dost\u0119pno\u015bci uczelni zgodnie z wymogami okre\u015blonymi dla \u015bcie\u017cki ROZW\u00d3J+. Projekt przez realizacj\u0119 poni\u017cszych zada\u0144 obejmuje osiem kluczowych obszar\u00f3w wsparcia:<\/p>\n\n\n\n<p><strong>1. Struktura organizacyjna &#8211; Zad. 1 Rozw\u00f3j struktury organizacyjnej UKSW \u2013 powo\u0142anie Centrum Dost\u0119pno\u015bci UKSW<\/strong><\/p>\n\n\n\n<p>Udoskonalenie i rozw\u00f3j struktur organizacyjnych w UKSW, kt\u00f3re b\u0119d\u0105 odpowiedzialne za planowanie, koordynacj\u0119 i monitorowanie dzia\u0142a\u0144 zwi\u0105zanych z dost\u0119pno\u015bci\u0105.<\/p>\n\n\n\n<p><strong>2. Dost\u0119pno\u015b\u0107 architektoniczna &#8211; Zad. 2 Rozw\u00f3j dost\u0119pno\u015bci architektonicznej UKSW<\/strong><\/p>\n\n\n\n<p>Zapewnienie, \u017ce wszystkie budynki i infrastruktura UKSW s\u0105 dost\u0119pne dla os\u00f3b z r\u00f3\u017cnymi rodzajami niepe\u0142nosprawno\u015bci.<\/p>\n\n\n\n<p><strong>3. Dost\u0119pno\u015b\u0107 informacyjno-komunikacyjna \u2013 Zad. 3 Rozw\u00f3j dost\u0119pno\u015bci informacyjno-komunikacyjnej<\/strong><\/p>\n\n\n\n<p>Zapewnienie, \u017ce wszystkie informacje i komunikaty na uczelni s\u0105 dost\u0119pne dla os\u00f3b z r\u00f3\u017cnymi niepe\u0142nosprawno\u015bciami.<\/p>\n\n\n\n<p><strong>4. Dost\u0119pno\u015b\u0107 cyfrowa&nbsp; Zad. 4 Rozw\u00f3j dost\u0119pno\u015bci cyfrowej<\/strong><\/p>\n\n\n\n<p>Zagwarantowanie, \u017ce wszystkie cyfrowe zasoby i narz\u0119dzia edukacyjne s\u0105 dost\u0119pne dla os\u00f3b z r\u00f3\u017cnymi rodzajami niepe\u0142nosprawno\u015bci.<\/p>\n\n\n\n<p><strong>5. Technologie Zad. 5&nbsp; Rozw\u00f3j dost\u0119pno\u015bci technologicznej<\/strong><\/p>\n\n\n\n<p>Wykorzystanie nowoczesnych technologii w celu zwi\u0119kszenia dost\u0119pno\u015bci i wsparcia edukacyjnego dla os\u00f3b z niepe\u0142nosprawno\u015bciami.<\/p>\n\n\n\n<p><strong>6. Procedury Zad. 6 Rozw\u00f3j procedur w zakresie dost\u0119pno\u015bci<\/strong><\/p>\n\n\n\n<p>Opracowanie i wdro\u017cenie procedur i standard\u00f3w dzia\u0142ania, kt\u00f3re wspieraj\u0105 dost\u0119pno\u015b\u0107 na wszystkich poziomach funkcjonowania uczelni.<\/p>\n\n\n\n<p><strong>7. Us\u0142ugi wspieraj\u0105ce edukacj\u0119 \u2013 Zad. 7 Rozw\u00f3j us\u0142ug wspieraj\u0105cych edukacj\u0119<\/strong><\/p>\n\n\n\n<p>Zapewnienie kompleksowych us\u0142ug wsparcia edukacyjnego dla student\u00f3w z niepe\u0142nosprawno\u015bciami.<\/p>\n\n\n\n<p><strong>8. Dzia\u0142ania podnosz\u0105ce \u015bwiadomo\u015b\u0107 niepe\u0142nosprawno\u015bci \u2013 Zad. 8 Rozw\u00f3j dzia\u0142a\u0144 podnosz\u0105cych \u015bwiadomo\u015b\u0107 niepe\u0142nosprawno\u015bci<\/strong><\/p>\n\n\n\n<p>Zwi\u0119kszenie \u015bwiadomo\u015bci i wiedzy na temat niepe\u0142nosprawno\u015bci w\u015br\u00f3d ca\u0142ej spo\u0142eczno\u015bci akademickiej.<\/p>\n\n\n\n<p><strong>Dodatkowe informacje:<\/strong><\/p>\n\n\n\n<p><strong>Zg\u0142aszanie niezgodno\u015bci projekt\u00f3w FERS z konwencj\u0105 o prawach os\u00f3b niepe\u0142nosprawnych &#8222;KPON&#8221;<\/strong><\/p>\n\n\n\n<p>Uprzejmie informujemy o mo\u017cliwo\u015bci zg\u0142aszania do Instytucji Zarz\u0105dzaj\u0105cej (Ministerstwo Funduszy i Polityki Regionalnej) lub Instytucji Po\u015brednicz\u0105cej (Narodowe Centrum Bada\u0144 i Rozwoju) podejrzenia o niezgodno\u015bci Projektu lub dzia\u0142a\u0144 Beneficjenta z Konwencj\u0105 o prawach os\u00f3b niepe\u0142nosprawnych sporz\u0105dzon\u0105 w Nowym Jorku dnia 13 grudnia 2006 r. (Dz. U. z 2012 r. poz. 1169, z p\u00f3\u017an. zm.), zwanej dalej \u201eKPON\u201d.<\/p>\n\n\n\n<p>Sygna\u0142y, zg\u0142oszenia lub skargi dotycz\u0105ce wyst\u0105pienia niezgodno\u015bci projekt\u00f3w FERS z postanowieniami KPON mog\u0105 przekazywa\u0107 osoby fizyczne (uczestnicy projekt\u00f3w lub ich pe\u0142nomocnicy i przedstawiciele), instytucje uczestnicz\u0105ce we wdra\u017caniu funduszy Unii Europejskiej, strona spo\u0142eczna (stowarzyszenia, fundacje), za pomoc\u0105 (w ka\u017cdym poni\u017cszym przypadku uznaje si\u0119 zg\u0142oszenie za przekazane w formie pisemnej):<\/p>\n\n\n\n<ol style=\"list-style-type:1\" class=\"wp-block-list\">\n<li>poczty tradycyjnej &#8211; w formie listownej na adres ministerstwa: Ministerstwo Funduszy i Polityki Regionalnej, ul. Wsp\u00f3lna 2\/4, 00-926 Warszawa lub Instytucji Po\u015brednicz\u0105cej: Narodowe Centrum Bada\u0144 i Rozwoju, ul. Chmielna 69, 00-801 Warszawa,<\/li>\n\n\n\n<li>skrzynki nadawczej e-puap Ministerstwa Funduszy i Polityki Regionalnej lub Instytucji Po\u015brednicz\u0105cej: \/MIR\/SkrytkaESP lub \/NCBiR\/SkrytkaESP.<\/li>\n<\/ol>\n\n\n\n<p>Przestrzeganie zasad r\u00f3wno\u015bciowych odbywa si\u0119 na wszystkich etapach wdra\u017cania projektu, w tym w szczeg\u00f3lno\u015bci w odniesieniu do uczestnik\u00f3w projekt\u00f3w. Informujemy o mo\u017cliwo\u015bci zapoznania si\u0119 z materia\u0142ami dotycz\u0105cymi przestrzegania zasad horyzontalnych, w tym m.in. zasady r\u00f3wno\u015bci szans p\u0142ci, obowi\u0105zuj\u0105cych w projektach wsp\u00f3\u0142finansowanych w ramach perspektywy finansowej UE na lata 2021- 2027 dost\u0119pnymi na stronie internetowej <a href=\"https:\/\/www.rozwojspoleczny.gov.pl\/strony\/dowiedz-sie-wiecej-o-programie\/przestrzeganie-zasad-rownosciowych-2\/\">Przestrzeganie zasad r\u00f3wno\u015bciowych &#8211; Ministerstwo Funduszy i Polityki Regionalnej (rozwojspoleczny.gov.pl)<\/a>.<\/p>\n\n\n\n<p><strong>Harmonogram udzielania wsparcia w projekcie:<\/strong><\/p>\n\n\n\n<p>&#8211; na chwil\u0119 obecn\u0105 nie zaplanowano termin\u00f3w realizacji form wsparcia uczestnik\u00f3w projektu; szczeg\u00f3\u0142owy harmonogram udzielania wsparcia w projekcie zostanie upubliczniony co najmniej na 7 dni kalendarzowych przed rozpocz\u0119ciem udzielania wsparcia.<\/p>\n\n\n\n<p>Informacje nt. projektu: Biuro ds. Os\u00f3b z Niepe\u0142nosprawno\u015bciami UKSW, Warszawa, ul. W\u00f3ycickiego 1\/3, budynek 23, pok. 018 (parter), adres e-mail: <a href=\"mailto:bon@uksw.edu.pl\">bon@uksw.edu.pl<\/a> , tel. 22 380 43 23, tel. 22 569 97 98.<\/p>\n\n\n\n<p><\/p>\n\n\n\n<h2 class=\"wp-block-heading\">Partner Projektu<\/h2>\n\n\n\n<div class=\"wp-block-columns\">\n<div class=\"wp-block-column\" style=\"flex-basis:33.33%\">\n<figure class=\"wp-block-image size-large\"><img decoding=\"async\" width=\"1024\" height=\"939\" src=\"https:\/\/bon.uksw.edu.pl\/wp-content\/uploads\/sites\/16\/2025\/02\/logo_gotowe-1024x939.jpg\" alt=\"\" class=\"wp-image-5962\" srcset=\"https:\/\/bon.uksw.edu.pl\/wp-content\/uploads\/sites\/16\/2025\/02\/logo_gotowe-1024x939.jpg 1024w, https:\/\/bon.uksw.edu.pl\/wp-content\/uploads\/sites\/16\/2025\/02\/logo_gotowe-300x275.jpg 300w, https:\/\/bon.uksw.edu.pl\/wp-content\/uploads\/sites\/16\/2025\/02\/logo_gotowe-768x704.jpg 768w, https:\/\/bon.uksw.edu.pl\/wp-content\/uploads\/sites\/16\/2025\/02\/logo_gotowe.jpg 1028w\" sizes=\"(max-width: 1024px) 100vw, 1024px\" \/><\/figure>\n<\/div>\n\n\n\n<div class=\"wp-block-column\" style=\"flex-basis:66.66%\">\n<p><strong>Fundacja Rozwoju Integralnego<\/strong> <\/p>\n\n\n\n<p>ul. Traugutta 18\/6, 26-600 Radom, <a href=\"http:\/\/www.fundacjari.pl\">www.fundacjari.pl<\/a><\/p>\n<\/div>\n<\/div>\n\n\n\n<p><\/p>\n","protected":false},"excerpt":{"rendered":"<p>UKSW uczelnia jeszcze bardziej dost\u0119pna Informacje podstawowe: Projekt pn. \u201eUKSW uczelnia jeszcze bardziej dost\u0119pna\u201d realizowany jest w ramach programu Fundusze Europejskie dla Rozwoju Spo\u0142ecznego 2021-2027 wsp\u00f3\u0142finansowanego ze \u015brodk\u00f3w Europejskiego Funduszu Spo\u0142ecznego Plus. Projekt realizowany w okresie od 01.01.2025 do 31.12.2027. Numer projektu: FERS.03.01-IP.08-0171\/24 Lider projektu:\u00a0Uniwersytet Kardyna\u0142a Stefana Wyszy\u0144skiego w Warszawie Partner projektu:\u00a0Fundacja Rozwoju Integralnego Warto\u015b\u0107 [&hellip;]<\/p>\n","protected":false},"author":190,"featured_media":5321,"parent":5240,"menu_order":1,"comment_status":"closed","ping_status":"closed","template":"page-templates\/template-sub-page.php","meta":{"_acf_changed":false,"inline_featured_image":false,"footnotes":"","_links_to":"","_links_to_target":""},"class_list":["post-5904","page","type-page","status-publish","has-post-thumbnail","hentry"],"acf":[],"_links":{"self":[{"href":"https:\/\/bon.uksw.edu.pl\/pl\/wp-json\/wp\/v2\/pages\/5904","targetHints":{"allow":["GET"]}}],"collection":[{"href":"https:\/\/bon.uksw.edu.pl\/pl\/wp-json\/wp\/v2\/pages"}],"about":[{"href":"https:\/\/bon.uksw.edu.pl\/pl\/wp-json\/wp\/v2\/types\/page"}],"author":[{"embeddable":true,"href":"https:\/\/bon.uksw.edu.pl\/pl\/wp-json\/wp\/v2\/users\/190"}],"replies":[{"embeddable":true,"href":"https:\/\/bon.uksw.edu.pl\/pl\/wp-json\/wp\/v2\/comments?post=5904"}],"version-history":[{"count":7,"href":"https:\/\/bon.uksw.edu.pl\/pl\/wp-json\/wp\/v2\/pages\/5904\/revisions"}],"predecessor-version":[{"id":6243,"href":"https:\/\/bon.uksw.edu.pl\/pl\/wp-json\/wp\/v2\/pages\/5904\/revisions\/6243"}],"up":[{"embeddable":true,"href":"https:\/\/bon.uksw.edu.pl\/pl\/wp-json\/wp\/v2\/pages\/5240"}],"wp:featuredmedia":[{"embeddable":true,"href":"https:\/\/bon.uksw.edu.pl\/pl\/wp-json\/wp\/v2\/media\/5321"}],"wp:attachment":[{"href":"https:\/\/bon.uksw.edu.pl\/pl\/wp-json\/wp\/v2\/media?parent=5904"}],"curies":[{"name":"wp","href":"https:\/\/api.w.org\/{rel}","templated":true}]}}