{"id":6035,"date":"2025-04-09T09:10:29","date_gmt":"2025-04-09T07:10:29","guid":{"rendered":"https:\/\/bon.uksw.edu.pl\/?page_id=6035"},"modified":"2025-11-03T10:59:12","modified_gmt":"2025-11-03T09:59:12","slug":"asystent-jezyka-obcego","status":"publish","type":"page","link":"https:\/\/bon.uksw.edu.pl\/poradnia-psychologiczno-pedagogiczna\/asystent-jezyka-obcego\/","title":{"rendered":"Asystent j\u0119zyka obcego"},"content":{"rendered":"\n<p class=\"has-text-align-center\">Konsultacje z\u00a0asystentem j\u0119zyka obcego odbywaj\u0105 si\u0119 w\u00a0 <strong>bud. 23, pok. 015<\/strong>, <strong>Kampus W\u00f3ycickiego<\/strong><\/p>\n\n\n\n<p class=\"has-text-align-center\">Aktualny harmonogram dy\u017cur\u00f3w specjalist\u00f3w w roku akademickim 2025\/2026 dost\u0119pny na stronie <strong><a href=\"https:\/\/cd.uksw.edu.pl\/poradnia-psychologiczno-pedagogiczna\/asystent-jezyka-obcego\/\">Centrum Dost\u0119pno\u015bci UKSW<\/a><\/strong><\/p>\n\n\n\n<div class=\"wp-block-columns\">\n<div class=\"wp-block-column\" style=\"flex-basis:33.33%\">\n<figure class=\"wp-block-image size-full\"><img decoding=\"async\" width=\"500\" height=\"500\" src=\"https:\/\/bon.uksw.edu.pl\/wp-content\/uploads\/sites\/16\/2025\/04\/Olszewska.png\" alt=\"\" class=\"wp-image-6036\" srcset=\"https:\/\/bon.uksw.edu.pl\/wp-content\/uploads\/sites\/16\/2025\/04\/Olszewska.png 500w, https:\/\/bon.uksw.edu.pl\/wp-content\/uploads\/sites\/16\/2025\/04\/Olszewska-300x300.png 300w, https:\/\/bon.uksw.edu.pl\/wp-content\/uploads\/sites\/16\/2025\/04\/Olszewska-150x150.png 150w\" sizes=\"(max-width: 500px) 100vw, 500px\" \/><\/figure>\n<\/div>\n\n\n\n<div class=\"wp-block-column\" style=\"flex-basis:66.66%\">\n<p><\/p>\n\n\n\n<p>Wsparcie w zakresie komunikacji j\u0119zykowej, pomoc w t\u0142umaczeniu oraz dostosowaniu materia\u0142\u00f3w dydaktycznych.<\/p>\n\n\n\n<h2 class=\"wp-block-heading\">Harmonogram konsultacji<\/h2>\n\n\n\n<p>W&nbsp;roku akademickim:<\/p>\n\n\n\n<p><strong>KWIECIE\u0143<\/strong><\/p>\n\n\n\n<p><strong>Dy\u017cury stacjonarne:<\/strong><\/p>\n\n\n\n<ul class=\"wp-block-list\">\n<li>1, 15 i 30 kwietnia 2025 r. w godz. 9.00 &#8211; 13.00<\/li>\n<\/ul>\n\n\n\n<p><\/p>\n\n\n\n<p><strong>Dy\u017cury on-line<\/strong>:<\/p>\n\n\n\n<ul class=\"wp-block-list\">\n<li>2, 16, 23, 30 kwietnia 2025 r. w godz. 18.00 &#8211; 19.00<\/li>\n<\/ul>\n\n\n\n<p><\/p>\n\n\n\n<p><strong>CZERWIEC<\/strong><\/p>\n\n\n\n<p><strong>Dy\u017cury stacjonarne:<\/strong><\/p>\n\n\n\n<ul class=\"wp-block-list\">\n<li>13, 16, 24 czerwca 2025 r. w godz. 9.00 &#8211; 12.00<\/li>\n\n\n\n<li>30 czerwca 2025 r. w godz. 9.00 &#8211; 13.00<\/li>\n<\/ul>\n\n\n\n<p><strong>Dy\u017cury on-line:<\/strong><\/p>\n\n\n\n<ul class=\"wp-block-list\">\n<li>4 czerwca 2025 r. w godz. 9.00 &#8211; 13.00 oraz 18.00 &#8211; 19.00<\/li>\n\n\n\n<li>11 czerwca 2025 r. w godz. 18.00 &#8211; 19.00<\/li>\n\n\n\n<li>18 czerwca 2025 r. w godz. 13.00 &#8211; 15.00 oraz 18.00 &#8211; 19.00<\/li>\n\n\n\n<li>25 czerwca 2025 r. w godz. 18.00 &#8211; 19.00<\/li>\n<\/ul>\n\n\n\n<p><strong>LIPIEC<\/strong><\/p>\n\n\n\n<p><strong>Dy\u017cury on-line:<\/strong><\/p>\n\n\n\n<ul class=\"wp-block-list\">\n<li>2 lipca 2025 r. w godz. 12.00 &#8211; 15.00<\/li>\n\n\n\n<li>28 lipca 2025 r. w godz. 12.00 &#8211; 16.00<\/li>\n\n\n\n<li>29, 30, 31 lipca 2025 r. w godz. 9.00 &#8211; 13.00<\/li>\n<\/ul>\n\n\n\n<p><strong>SIERPIE\u0143<\/strong><\/p>\n\n\n\n<p><strong>Dy\u017cury on-line:<\/strong><\/p>\n\n\n\n<ul class=\"wp-block-list\">\n<li>25 &#8211; 29 sierpnia 2025 r. w godz. 9.00 &#8211; 13.00<\/li>\n<\/ul>\n\n\n\n<p><strong>WRZESIE\u0143<\/strong><\/p>\n\n\n\n<p><strong>Dy\u017cury stacjonarne:<\/strong><\/p>\n\n\n\n<ul class=\"wp-block-list\">\n<li>3 wrze\u015bnia w godz. 11.00 &#8211; 13.00<\/li>\n\n\n\n<li>9 wrze\u015bnia w godz. 13.00 &#8211; 16.00<\/li>\n\n\n\n<li>22 wrze\u015bnia w godz. 9.00 &#8211; 14.00<\/li>\n\n\n\n<li>29 wrze\u015bnia w godz. 9.00 &#8211; 13.00<\/li>\n<\/ul>\n\n\n\n<p><strong>Dy\u017cury on-line:<\/strong><\/p>\n\n\n\n<ul class=\"wp-block-list\">\n<li>4, 11, 25 wrze\u015bnia w godz. 18.00 &#8211; 20.00<\/li>\n<\/ul>\n\n\n\n<p>Dy\u017cury on-line odbywaj\u0105 si\u0119 na platformie MSTeams po wcze\u015bniejszym um\u00f3wieniu si\u0119 mailowo <strong>m.lang@uksw.edu.pl  <\/strong><\/p>\n<\/div>\n<\/div>\n\n\n\n<p><\/p>\n\n\n\n<div class=\"wp-block-columns\">\n<div class=\"wp-block-column\" style=\"flex-basis:33.33%\">\n<figure class=\"wp-block-image size-full\"><img decoding=\"async\" width=\"500\" height=\"500\" src=\"https:\/\/bon.uksw.edu.pl\/wp-content\/uploads\/sites\/16\/2025\/04\/Lang.png\" alt=\"\" class=\"wp-image-6038\" srcset=\"https:\/\/bon.uksw.edu.pl\/wp-content\/uploads\/sites\/16\/2025\/04\/Lang.png 500w, https:\/\/bon.uksw.edu.pl\/wp-content\/uploads\/sites\/16\/2025\/04\/Lang-300x300.png 300w, https:\/\/bon.uksw.edu.pl\/wp-content\/uploads\/sites\/16\/2025\/04\/Lang-150x150.png 150w\" sizes=\"(max-width: 500px) 100vw, 500px\" \/><\/figure>\n<\/div>\n\n\n\n<div class=\"wp-block-column\" style=\"flex-basis:66.66%\">\n<p><\/p>\n\n\n\n<p>Wsparcie w zakresie komunikacji j\u0119zykowej, pomoc w t\u0142umaczeniu oraz dostosowaniu materia\u0142\u00f3w dydaktycznych.<\/p>\n\n\n\n<h2 class=\"wp-block-heading\">Harmonogram konsultacji<\/h2>\n\n\n\n<p>W&nbsp;roku akademickim:<\/p>\n\n\n\n<p><strong>KWIECIE\u0143<\/strong><\/p>\n\n\n\n<p><strong>Dy\u017cury stacjonarne:<\/strong><\/p>\n\n\n\n<ul class=\"wp-block-list\">\n<li>1 kwietnia 2025 r. w godz. 16.00 &#8211; 18.00,<\/li>\n\n\n\n<li>11 kwietnia 2025 r. w godz. 14.30 &#8211; 17.30,<\/li>\n\n\n\n<li>25 kwietnia 2025 r. w godz. 14.30 &#8211; 17.30<\/li>\n<\/ul>\n\n\n\n<p><\/p>\n\n\n\n<p><strong>Dy\u017cury on-line:<\/strong><\/p>\n\n\n\n<ul class=\"wp-block-list\">\n<li>3, 10, 24 kwietnia 2025 r. w godz. 18.00 &#8211; 19.00,<\/li>\n\n\n\n<li>16 kwietnia 2025 r. w godz. 17.00 &#8211; 19.00,<\/li>\n\n\n\n<li>29, 30 kwietnia 2025 r. w godz. 9.00 &#8211; 11.00. <\/li>\n<\/ul>\n\n\n\n<p><\/p>\n\n\n\n<p><strong>CZERWIEC<\/strong><\/p>\n\n\n\n<p><strong>Dy\u017cury stacjonarne: <\/strong><\/p>\n\n\n\n<ul class=\"wp-block-list\">\n<li>2 czerwca 2025 r. w godz. 9.00 &#8211; 13.00<\/li>\n\n\n\n<li>13 czerwca 2025 r. w godz. 15.00 &#8211; 19.00<\/li>\n\n\n\n<li>16, 18 czerwca 2025 r. w godz. 15.00 &#8211; 17.00<\/li>\n\n\n\n<li>23 czerwca 2025 r. w godz. 14.00 &#8211; 18.00<\/li>\n<\/ul>\n\n\n\n<p><strong>Dy\u017cury on-line:<\/strong><\/p>\n\n\n\n<ul class=\"wp-block-list\">\n<li>4, 11, 17, 25 czerwca 2025 r. w godz. 18.00 &#8211; 19.00<\/li>\n\n\n\n<li>30 czerwca 2025 r. w godz. 16.00 &#8211; 18.00<\/li>\n<\/ul>\n\n\n\n<p><strong>LIPIEC<\/strong><\/p>\n\n\n\n<p><strong>Dy\u017cury on-line:<\/strong><\/p>\n\n\n\n<ul class=\"wp-block-list\">\n<li>1, 23 lipca 2025 r. w godz. 9.00 &#8211; 13.00<\/li>\n\n\n\n<li>2, 24 lipca 2025 r. w w godz. 12.00 &#8211; 16.00<\/li>\n\n\n\n<li>3, 25 lipca 2025 r. w godz. 16.00 &#8211; 20.00<\/li>\n\n\n\n<li>28, 29 lipca 2025 r. w godz. 9.00 &#8211; 14.00<\/li>\n<\/ul>\n\n\n\n<p>Dy\u017cury on-line odbywaj\u0105 si\u0119 na platformie MSTeams po wcze\u015bniejszym um\u00f3wieniu si\u0119 mailowo <strong>l.olszewska@uksw.edu.pl<\/strong><\/p>\n<\/div>\n<\/div>\n\n\n\n<p><\/p>\n\n\n\n<p><\/p>\n","protected":false},"excerpt":{"rendered":"<p>Konsultacje z\u00a0asystentem j\u0119zyka obcego odbywaj\u0105 si\u0119 w\u00a0 bud. 23, pok. 015, Kampus W\u00f3ycickiego Aktualny harmonogram dy\u017cur\u00f3w specjalist\u00f3w w roku akademickim 2025\/2026 dost\u0119pny na stronie Centrum Dost\u0119pno\u015bci UKSW Wsparcie w zakresie komunikacji j\u0119zykowej, pomoc w t\u0142umaczeniu oraz dostosowaniu materia\u0142\u00f3w dydaktycznych. Harmonogram konsultacji W&nbsp;roku akademickim: KWIECIE\u0143 Dy\u017cury stacjonarne: Dy\u017cury on-line: CZERWIEC Dy\u017cury stacjonarne: Dy\u017cury on-line: LIPIEC Dy\u017cury [&hellip;]<\/p>\n","protected":false},"author":608,"featured_media":6041,"parent":5477,"menu_order":4,"comment_status":"closed","ping_status":"closed","template":"page-templates\/template-sub-page.php","meta":{"_acf_changed":false,"inline_featured_image":false,"footnotes":"","_links_to":"","_links_to_target":""},"class_list":["post-6035","page","type-page","status-publish","has-post-thumbnail","hentry"],"acf":[],"_links":{"self":[{"href":"https:\/\/bon.uksw.edu.pl\/pl\/wp-json\/wp\/v2\/pages\/6035","targetHints":{"allow":["GET"]}}],"collection":[{"href":"https:\/\/bon.uksw.edu.pl\/pl\/wp-json\/wp\/v2\/pages"}],"about":[{"href":"https:\/\/bon.uksw.edu.pl\/pl\/wp-json\/wp\/v2\/types\/page"}],"author":[{"embeddable":true,"href":"https:\/\/bon.uksw.edu.pl\/pl\/wp-json\/wp\/v2\/users\/608"}],"replies":[{"embeddable":true,"href":"https:\/\/bon.uksw.edu.pl\/pl\/wp-json\/wp\/v2\/comments?post=6035"}],"version-history":[{"count":11,"href":"https:\/\/bon.uksw.edu.pl\/pl\/wp-json\/wp\/v2\/pages\/6035\/revisions"}],"predecessor-version":[{"id":6317,"href":"https:\/\/bon.uksw.edu.pl\/pl\/wp-json\/wp\/v2\/pages\/6035\/revisions\/6317"}],"up":[{"embeddable":true,"href":"https:\/\/bon.uksw.edu.pl\/pl\/wp-json\/wp\/v2\/pages\/5477"}],"wp:featuredmedia":[{"embeddable":true,"href":"https:\/\/bon.uksw.edu.pl\/pl\/wp-json\/wp\/v2\/media\/6041"}],"wp:attachment":[{"href":"https:\/\/bon.uksw.edu.pl\/pl\/wp-json\/wp\/v2\/media?parent=6035"}],"curies":[{"name":"wp","href":"https:\/\/api.w.org\/{rel}","templated":true}]}}