{"id":6177,"date":"2025-07-09T14:46:49","date_gmt":"2025-07-09T12:46:49","guid":{"rendered":"https:\/\/bon.uksw.edu.pl\/?page_id=6177"},"modified":"2025-10-20T12:36:32","modified_gmt":"2025-10-20T10:36:32","slug":"konferencja-2025","status":"publish","type":"page","link":"https:\/\/bon.uksw.edu.pl\/konferencje\/konferencja-2025\/","title":{"rendered":"Konferencja 2025"},"content":{"rendered":"\r\n<div class=\"\">\r\n\r\n<div class=\"page_heading\"> <img decoding=\"async\" src=\"https:\/\/bon.uksw.edu.pl\/wp-content\/themes\/uksw\/images\/note-2_white.svg\" alt=\"\"> Wybierz interesuj\u0105cy Ci\u0119 dzia\u0142:<\/div>\r\n<div class=\"candidate_box_sec\">\r\n<div class=\"row\">\r\n\r\n    \r\n                                \r\n                            <div class=\"col-xl-4 col-lg-6 col-md-12 col-sm-12 project\">\r\n                                <a href=\"https:\/\/bon.uksw.edu.pl\/?post_type=page&#038;p=6184\" class=\"project_box\">\r\n                                    <div class=\"candidate_box project_box\">\r\n                                        <div class=\"candidate_box_title\">Formularz<\/div>\r\n                                                                                <div class=\"candidate_box_sub_title\">rejestracyjny<\/div>\r\n                                                                                <img decoding=\"async\" src=\"https:\/\/bon.uksw.edu.pl\/wp-content\/themes\/uksw\/images\/arrow_more1.svg\" alt=\"\">  \r\n                                    <\/div>\r\n                                <\/a>\r\n                            <\/div>\r\n                      \r\n                        \r\n                            <\/div>\r\n<\/div>\r\n\r\n<\/div>\n\n\n<p class=\"has-text-align-center\">Z&nbsp;ogromn\u0105 rado\u015bci\u0105 pragniemy zaprosi\u0107 Pa\u0144stwa do&nbsp;udzia\u0142u w&nbsp;bezp\u0142atnej V&nbsp;Og\u00f3lnopolskiej Konferencji Naukowej:&nbsp;<strong><em>\u201eNiepe\u0142nosprawno\u015b\u0107 \u2013 zadanie czy&nbsp;wyzwanie we&nbsp;wsp\u00f3\u0142czesnym \u015bwiecie?\u201d<\/em><\/strong>. Kt\u00f3ra&nbsp;odb\u0119dzie si\u0119&nbsp;<strong>24 listopada 2025&nbsp;roku<\/strong>. Jest to&nbsp;wyj\u0105tkowe wydarzenie, kt\u00f3re skupia si\u0119 na&nbsp;interdyscyplinarnej problematyce zwi\u0105zanej z&nbsp;niepe\u0142nosprawno\u015bci\u0105, ze&nbsp;szczeg\u00f3lnym uwzgl\u0119dnieniem aktualnych problem\u00f3w i&nbsp;wyzwa\u0144 w&nbsp;tym obszarze. Celem naszej konferencji jest spotkanie przedstawicieli r\u00f3\u017cnych dziedzin nauki, kt\u00f3rzy&nbsp;zajmuj\u0105 si\u0119 tematyk\u0105 niepe\u0142nosprawno\u015bci. Chcemy stworzy\u0107 przestrze\u0144 dla interdyscyplinarnej dyskusji na&nbsp;temat wyzwa\u0144 i&nbsp;zada\u0144 zwi\u0105zanych z&nbsp;t\u0105&nbsp;problematyk\u0105. Jednocze\u015bnie skupimy si\u0119 na&nbsp;poszukiwaniu nowych form pomocy dla os\u00f3b do\u015bwiadczaj\u0105cych niepe\u0142nosprawno\u015bci. Warto zaznaczy\u0107, \u017ce&nbsp;Konferencja ma&nbsp;na&nbsp;celu spojrzenie na&nbsp;temat z&nbsp;r\u00f3\u017cnych perspektyw, \u0142\u0105cz\u0105c teori\u0119 z&nbsp;praktyk\u0105. Chcemy wypracowa\u0107 wsp\u00f3lne podej\u015bcie do&nbsp;dalszych dzia\u0142a\u0144 zar\u00f3wno w&nbsp;sferze teoretycznej, jak i&nbsp;praktycznej. Czekamy na Pa\u0144stwa!<\/p>\n\n\n<div class=\"wp-block-image\">\n<figure class=\"aligncenter size-large\"><img decoding=\"async\" width=\"724\" height=\"1024\" src=\"https:\/\/bon.uksw.edu.pl\/wp-content\/uploads\/sites\/16\/2025\/10\/Kopia-\u2013-Czarny-i-Bialy-Mezczyzna-Wspolczesny-Siatki-Zyczenia-Urodziny-Plakat-724x1024.jpg\" alt=\"\" class=\"wp-image-6305\" srcset=\"https:\/\/bon.uksw.edu.pl\/wp-content\/uploads\/sites\/16\/2025\/10\/Kopia-\u2013-Czarny-i-Bialy-Mezczyzna-Wspolczesny-Siatki-Zyczenia-Urodziny-Plakat-724x1024.jpg 724w, https:\/\/bon.uksw.edu.pl\/wp-content\/uploads\/sites\/16\/2025\/10\/Kopia-\u2013-Czarny-i-Bialy-Mezczyzna-Wspolczesny-Siatki-Zyczenia-Urodziny-Plakat-212x300.jpg 212w, https:\/\/bon.uksw.edu.pl\/wp-content\/uploads\/sites\/16\/2025\/10\/Kopia-\u2013-Czarny-i-Bialy-Mezczyzna-Wspolczesny-Siatki-Zyczenia-Urodziny-Plakat-768x1086.jpg 768w, https:\/\/bon.uksw.edu.pl\/wp-content\/uploads\/sites\/16\/2025\/10\/Kopia-\u2013-Czarny-i-Bialy-Mezczyzna-Wspolczesny-Siatki-Zyczenia-Urodziny-Plakat-1086x1536.jpg 1086w, https:\/\/bon.uksw.edu.pl\/wp-content\/uploads\/sites\/16\/2025\/10\/Kopia-\u2013-Czarny-i-Bialy-Mezczyzna-Wspolczesny-Siatki-Zyczenia-Urodziny-Plakat-1448x2048.jpg 1448w, https:\/\/bon.uksw.edu.pl\/wp-content\/uploads\/sites\/16\/2025\/10\/Kopia-\u2013-Czarny-i-Bialy-Mezczyzna-Wspolczesny-Siatki-Zyczenia-Urodziny-Plakat-170x240.jpg 170w, https:\/\/bon.uksw.edu.pl\/wp-content\/uploads\/sites\/16\/2025\/10\/Kopia-\u2013-Czarny-i-Bialy-Mezczyzna-Wspolczesny-Siatki-Zyczenia-Urodziny-Plakat-scaled.jpg 1810w\" sizes=\"(max-width: 724px) 100vw, 724px\" \/><\/figure><\/div>","protected":false},"excerpt":{"rendered":"<p>Z&nbsp;ogromn\u0105 rado\u015bci\u0105 pragniemy zaprosi\u0107 Pa\u0144stwa do&nbsp;udzia\u0142u w&nbsp;bezp\u0142atnej V&nbsp;Og\u00f3lnopolskiej Konferencji Naukowej:&nbsp;\u201eNiepe\u0142nosprawno\u015b\u0107 \u2013 zadanie czy&nbsp;wyzwanie we&nbsp;wsp\u00f3\u0142czesnym \u015bwiecie?\u201d. Kt\u00f3ra&nbsp;odb\u0119dzie si\u0119&nbsp;24 listopada 2025&nbsp;roku. Jest to&nbsp;wyj\u0105tkowe wydarzenie, kt\u00f3re skupia si\u0119 na&nbsp;interdyscyplinarnej problematyce zwi\u0105zanej z&nbsp;niepe\u0142nosprawno\u015bci\u0105, ze&nbsp;szczeg\u00f3lnym uwzgl\u0119dnieniem aktualnych problem\u00f3w i&nbsp;wyzwa\u0144 w&nbsp;tym obszarze. Celem naszej konferencji jest spotkanie przedstawicieli r\u00f3\u017cnych dziedzin nauki, kt\u00f3rzy&nbsp;zajmuj\u0105 si\u0119 tematyk\u0105 niepe\u0142nosprawno\u015bci. Chcemy stworzy\u0107 przestrze\u0144 dla interdyscyplinarnej dyskusji [&hellip;]<\/p>\n","protected":false},"author":608,"featured_media":0,"parent":3712,"menu_order":0,"comment_status":"closed","ping_status":"closed","template":"page-templates\/template-sub-page.php","meta":{"_acf_changed":false,"inline_featured_image":false,"footnotes":"","_links_to":"","_links_to_target":""},"class_list":["post-6177","page","type-page","status-publish","hentry"],"acf":[],"_links":{"self":[{"href":"https:\/\/bon.uksw.edu.pl\/pl\/wp-json\/wp\/v2\/pages\/6177","targetHints":{"allow":["GET"]}}],"collection":[{"href":"https:\/\/bon.uksw.edu.pl\/pl\/wp-json\/wp\/v2\/pages"}],"about":[{"href":"https:\/\/bon.uksw.edu.pl\/pl\/wp-json\/wp\/v2\/types\/page"}],"author":[{"embeddable":true,"href":"https:\/\/bon.uksw.edu.pl\/pl\/wp-json\/wp\/v2\/users\/608"}],"replies":[{"embeddable":true,"href":"https:\/\/bon.uksw.edu.pl\/pl\/wp-json\/wp\/v2\/comments?post=6177"}],"version-history":[{"count":3,"href":"https:\/\/bon.uksw.edu.pl\/pl\/wp-json\/wp\/v2\/pages\/6177\/revisions"}],"predecessor-version":[{"id":6307,"href":"https:\/\/bon.uksw.edu.pl\/pl\/wp-json\/wp\/v2\/pages\/6177\/revisions\/6307"}],"up":[{"embeddable":true,"href":"https:\/\/bon.uksw.edu.pl\/pl\/wp-json\/wp\/v2\/pages\/3712"}],"wp:attachment":[{"href":"https:\/\/bon.uksw.edu.pl\/pl\/wp-json\/wp\/v2\/media?parent=6177"}],"curies":[{"name":"wp","href":"https:\/\/api.w.org\/{rel}","templated":true}]}}