{"id":6244,"date":"2025-08-27T14:51:19","date_gmt":"2025-08-27T12:51:19","guid":{"rendered":"https:\/\/bon.uksw.edu.pl\/?page_id=6244"},"modified":"2025-08-28T10:09:46","modified_gmt":"2025-08-28T08:09:46","slug":"szkolenia-z-zakresu-dostepnosci","status":"publish","type":"page","link":"https:\/\/bon.uksw.edu.pl\/projekty\/uczelnia-jeszcze-bardziej-dostepna\/szkolenia-z-zakresu-dostepnosci\/","title":{"rendered":"Szkolenia z zakresu dost\u0119pno\u015bci"},"content":{"rendered":"\n<figure class=\"wp-block-image size-full\"><img decoding=\"async\" width=\"960\" height=\"250\" src=\"https:\/\/bon.uksw.edu.pl\/wp-content\/uploads\/sites\/16\/2025\/07\/Unijne_oznaczenie.png\" alt=\"\" class=\"wp-image-6193\" srcset=\"https:\/\/bon.uksw.edu.pl\/wp-content\/uploads\/sites\/16\/2025\/07\/Unijne_oznaczenie.png 960w, https:\/\/bon.uksw.edu.pl\/wp-content\/uploads\/sites\/16\/2025\/07\/Unijne_oznaczenie-300x78.png 300w, https:\/\/bon.uksw.edu.pl\/wp-content\/uploads\/sites\/16\/2025\/07\/Unijne_oznaczenie-768x200.png 768w\" sizes=\"(max-width: 960px) 100vw, 960px\" \/><\/figure>\n\n\n\n<p>Zapraszamy pracownik\u00f3w Uniwersytetu Kardyna\u0142a Stefana Wyszy\u0144skiego w Warszawie &#8211; <strong>Kadr\u0119 zarz\u0105dzaj\u0105c\u0105, dydaktyczn\u0105 i administracyjn\u0105<\/strong> do udzia\u0142u w specjalistycznych szkoleniach z zakresu <strong>PROBLEMATYKI DOST\u0118PNO\u015aCI<\/strong><\/p>\n\n\n\n<h4 class=\"wp-block-heading\"><strong>Szczeg\u00f3\u0142owy program szkole\u0144: <\/strong><\/h4>\n\n\n\n<ul class=\"wp-block-list\">\n<li><strong>Szkolenie dla Kadry Zarz\u0105dzaj\u0105cej UKSW z zakresu problematyki dost\u0119pno\u015bci uczelni<\/strong> &#8211; <a href=\"https:\/\/bon.uksw.edu.pl\/wp-content\/uploads\/sites\/16\/2025\/08\/Szkolenie-dla-Kadry-Zarzadzajacej-UKSW-z-Zakresu-Problematyki-Dostepnosci-Uczelni-.pdf\">program<\/a><\/li>\n\n\n\n<li><strong>Szkolenie dla Kadry Zarz\u0105dzaj\u0105cej UKSW z zakresu zarz\u0105dzania r\u00f3\u017cnorodno\u015bci\u0105<\/strong> &#8211; <a href=\"https:\/\/bon.uksw.edu.pl\/wp-content\/uploads\/sites\/16\/2025\/08\/Szkolenie-dla-Kadry-Zarzadzajacej-UKSW-z-zakresu-Zarzadzania-Roznorodnoscia-16-godzin.pdf\">program<\/a><\/li>\n\n\n\n<li><strong>Szkolenie \u015bwiadomo\u015bciowe dla Kadry Dydaktycznej z zakresu problematyki dost\u0119pno\u015bci &#8211; Poziom 1 (Podstawowy)<\/strong> &#8211; <a href=\"https:\/\/bon.uksw.edu.pl\/wp-content\/uploads\/sites\/16\/2025\/08\/Szkolenia-swiadomosciowe-dla-Kadry-Dydaktycznej-z-zakresu-Problematyki-Dostepnosci-Poziom-1-Podstawowy-.pdf\">program<\/a><\/li>\n\n\n\n<li><strong>Szkolenie \u015bwiadomo\u015bciowe dla Kadry Dydaktycznej z zakresu problematyki dost\u0119pno\u015bci &#8211; Poziom 2 (Zaawansowany)<\/strong> &#8211; <a href=\"https:\/\/bon.uksw.edu.pl\/wp-content\/uploads\/sites\/16\/2025\/08\/Szkolenia-swiadomosciowe-dla-Kadry-Dydaktycznej-z-zakresu-Problematyki-Dostepnosci-Poziom-2-Zaawansowany-.pdf\">program<\/a><\/li>\n\n\n\n<li><strong>Szkolenie dla Kadry Dydaktycznej: &#8222;Tworzenie dost\u0119pnych dokument\u00f3w i materia\u0142\u00f3w edukacyjnych&#8221;<\/strong> &#8211; <a href=\"https:\/\/bon.uksw.edu.pl\/wp-content\/uploads\/sites\/16\/2025\/08\/Szkolenia-dla-Kadry-Dydaktycznej-\u201eTworzenie-dostepnych-dokumentow-i-materialow-edukacyjnych-.pdf\">program<\/a><\/li>\n\n\n\n<li><strong>Szkolenie \u015bwiadomo\u015bciowe dla Kadry Administracyjnej z zakresu problematyki dost\u0119pno\u015bci &#8211; Poziom 1 (Podstawowy)<\/strong> &#8211; <a href=\"https:\/\/bon.uksw.edu.pl\/wp-content\/uploads\/sites\/16\/2025\/08\/Szkolenia-swiadomosciowe-dla-Kadry-Administracyjnej-z-zakresu-Problematyki-Dostepnosci-Poziom-1-Podstawowy-.pdf\">program<\/a><\/li>\n\n\n\n<li><strong>Szkolenie \u015bwiadomo\u015bciowe dla Kadry Administracyjnej z zakresu problematyki dost\u0119pno\u015bci &#8211; Poziom 2 (Zaawansowany)<\/strong> &#8211; <a href=\"https:\/\/bon.uksw.edu.pl\/wp-content\/uploads\/sites\/16\/2025\/08\/Szkolenia-swiadomosciowe-dla-Kadry-Administracyjnej-z-zakresu-Problematyki-Dostepnosci-Poziom-2-Zaawansowany-.pdf\">program<\/a><\/li>\n\n\n\n<li><strong>Szkolenie dla Kadry Administracyjnej z zakresu stosowania j\u0119zyka prostego w zakresie kontakt\u00f3w administracyjnych<\/strong> &#8211; <a href=\"https:\/\/bon.uksw.edu.pl\/wp-content\/uploads\/sites\/16\/2025\/08\/Szkolenia-dla-Kadry-Administracyjnej-z-zakresu-stosowania-jezyka-prostego-w-zakresie-kontaktow-administracyjnych-.pdf\">program<\/a><\/li>\n\n\n\n<li><strong>Szkolenie dla Kadry Dydaktycznej i Administracyjnej w zakresie korzystania z dost\u0119pnych technologii oraz integracji narz\u0119dzi dost\u0119pno\u015bci w codziennej pracy<\/strong> &#8211; <a href=\"https:\/\/bon.uksw.edu.pl\/wp-content\/uploads\/sites\/16\/2025\/08\/Organizacja-szkolen-dla-Kadry-Dydaktycznej-i-Administracyjnej-.pdf\">program<\/a><\/li>\n\n\n\n<li><strong>Szkolenia \u015bwiadomo\u015bciowe dla przedstawicieli samorz\u0105du studenckiego oraz innych organizacji zrzeszaj\u0105cych student\u00f3w i doktorant\u00f3w UKSW, Poziom 1<\/strong> &#8211; <a href=\"https:\/\/bon.uksw.edu.pl\/wp-content\/uploads\/sites\/16\/2025\/08\/Szkolenia-swiadomosciowe-dla-przedstawicieli-samorzadu-studenckiego-oraz-innych-organizacji-zrzeszajacych-studentow-.pdf\">program<\/a><\/li>\n\n\n\n<li><strong>Cykl szkole\u0144 specjalistycznych dla pracownik\u00f3w Centrum Dost\u0119pno\u015bci<\/strong> &#8211; <a href=\"https:\/\/bon.uksw.edu.pl\/wp-content\/uploads\/sites\/16\/2025\/08\/Cykl-szkolen-specjalistycznych-dla-pracownikow-CD-UKSW.pdf\">program<\/a><\/li>\n<\/ul>\n\n\n\n<h4 class=\"wp-block-heading\"><strong>Harmonogram szkole\u0144<\/strong><\/h4>\n\n\n\n<ul class=\"wp-block-list\">\n<li><a href=\"https:\/\/bon.uksw.edu.pl\/wp-content\/uploads\/sites\/16\/2025\/08\/Harmonogram-szkolen_strona.pdf\">czerwiec &#8211; lipiec 2025 r. <\/a><\/li>\n<\/ul>\n\n\n\n<p><\/p>\n\n\n\n<h2 class=\"wp-block-heading\"><strong>Rejestracja do udzia\u0142u w szkoleniach<\/strong><\/h2>\n\n\n\n<p>Ka\u017cdy pracownik, kt\u00f3ry chce wzi\u0105\u0107 udzia\u0142 w szkoleniu zobowi\u0105zany jest <strong>z\u0142o\u017cy\u0107 kompletn\u0105 dokumentacj\u0119 zg\u0142oszeniow\u0105 w Biurze Projektu przed rozpocz\u0119ciem udzia\u0142u w szkoleniu<\/strong>. <\/p>\n\n\n\n<h4 class=\"wp-block-heading\"><strong>Dokumenty do pobrania<\/strong><\/h4>\n\n\n\n<ul class=\"wp-block-list\">\n<li><a href=\"https:\/\/bon.uksw.edu.pl\/wp-content\/uploads\/sites\/16\/2025\/08\/KWESTIONARIUSZ-ver.-2_OSOBOWY-UCZESTNIKA-szkolenia.kursu2_.pdf\">Dane uczestnika projektu<\/a><\/li>\n\n\n\n<li><a href=\"https:\/\/bon.uksw.edu.pl\/wp-content\/uploads\/sites\/16\/2025\/08\/DEKLARACJA-UCZESTNIKA.pdf\">Deklaracja uczestnictwa w szkoleniu w ramach projektu<\/a><\/li>\n\n\n\n<li><a href=\"https:\/\/bon.uksw.edu.pl\/wp-content\/uploads\/sites\/16\/2025\/08\/OSWIADCZENIE-UCZESTNIKA_-IP.pdf\">O\u015bwiadczenie uczestnika projektu IP<\/a><\/li>\n\n\n\n<li><a href=\"https:\/\/bon.uksw.edu.pl\/wp-content\/uploads\/sites\/16\/2025\/08\/OSWIADCZENIE-UCZESTNIKA_-IZ.pdf\">O\u015bwiadczenie uczestnika projektu IZ<\/a><\/li>\n<\/ul>\n\n\n\n<p>Biuro Projektu: <strong>Centrum Dost\u0119pno\u015bci<\/strong>, Kampus M\u0142ociny, ul. W\u00f3ycickiego 1\/3, bud. 23, pok. 018<\/p>\n\n\n\n<p><\/p>\n","protected":false},"excerpt":{"rendered":"<p>Zapraszamy pracownik\u00f3w Uniwersytetu Kardyna\u0142a Stefana Wyszy\u0144skiego w Warszawie &#8211; Kadr\u0119 zarz\u0105dzaj\u0105c\u0105, dydaktyczn\u0105 i administracyjn\u0105 do udzia\u0142u w specjalistycznych szkoleniach z zakresu PROBLEMATYKI DOST\u0118PNO\u015aCI Szczeg\u00f3\u0142owy program szkole\u0144: Harmonogram szkole\u0144 Rejestracja do udzia\u0142u w szkoleniach Ka\u017cdy pracownik, kt\u00f3ry chce wzi\u0105\u0107 udzia\u0142 w szkoleniu zobowi\u0105zany jest z\u0142o\u017cy\u0107 kompletn\u0105 dokumentacj\u0119 zg\u0142oszeniow\u0105 w Biurze Projektu przed rozpocz\u0119ciem udzia\u0142u w szkoleniu. [&hellip;]<\/p>\n","protected":false},"author":608,"featured_media":4202,"parent":5904,"menu_order":2,"comment_status":"closed","ping_status":"closed","template":"page-templates\/template-sub-page.php","meta":{"_acf_changed":false,"inline_featured_image":false,"footnotes":"","_links_to":"","_links_to_target":""},"class_list":["post-6244","page","type-page","status-publish","has-post-thumbnail","hentry"],"acf":[],"_links":{"self":[{"href":"https:\/\/bon.uksw.edu.pl\/pl\/wp-json\/wp\/v2\/pages\/6244","targetHints":{"allow":["GET"]}}],"collection":[{"href":"https:\/\/bon.uksw.edu.pl\/pl\/wp-json\/wp\/v2\/pages"}],"about":[{"href":"https:\/\/bon.uksw.edu.pl\/pl\/wp-json\/wp\/v2\/types\/page"}],"author":[{"embeddable":true,"href":"https:\/\/bon.uksw.edu.pl\/pl\/wp-json\/wp\/v2\/users\/608"}],"replies":[{"embeddable":true,"href":"https:\/\/bon.uksw.edu.pl\/pl\/wp-json\/wp\/v2\/comments?post=6244"}],"version-history":[{"count":6,"href":"https:\/\/bon.uksw.edu.pl\/pl\/wp-json\/wp\/v2\/pages\/6244\/revisions"}],"predecessor-version":[{"id":6272,"href":"https:\/\/bon.uksw.edu.pl\/pl\/wp-json\/wp\/v2\/pages\/6244\/revisions\/6272"}],"up":[{"embeddable":true,"href":"https:\/\/bon.uksw.edu.pl\/pl\/wp-json\/wp\/v2\/pages\/5904"}],"wp:featuredmedia":[{"embeddable":true,"href":"https:\/\/bon.uksw.edu.pl\/pl\/wp-json\/wp\/v2\/media\/4202"}],"wp:attachment":[{"href":"https:\/\/bon.uksw.edu.pl\/pl\/wp-json\/wp\/v2\/media?parent=6244"}],"curies":[{"name":"wp","href":"https:\/\/api.w.org\/{rel}","templated":true}]}}